{"id":3679,"date":"2025-12-16T14:37:04","date_gmt":"2025-12-16T12:37:04","guid":{"rendered":"https:\/\/jnats.eu\/?post_type=product&#038;p=3679"},"modified":"2026-02-12T13:14:33","modified_gmt":"2026-02-12T11:14:33","slug":"nos-kamisori-tamahagane-pauvlonijos-dezuteje","status":"publish","type":"product","link":"https:\/\/jnats.eu\/de\/produkt-2\/nos-kamisori-tamahagane-pauvlonijos-dezuteje\/","title":{"rendered":"Premium NOS Kamisori Tamahagane in einer pauvlonia Box"},"content":{"rendered":"<p>Es gibt Spuren von Zeit und Rost. Bitte schauen Sie sorgf\u00e4ltig auf die Fotos und Video. Die Rasiermesser sind gesch\u00e4rft, aber vorzugsweise mit einem geeigneten Stein und Cordovan G\u00fcrtel fertig. F\u00fcr weniger anspruchsvolle Menschen, rasieren alle auf einmal geeignet ist.<\/p>\n\n\n\n<figure class=\"wp-block-embed is-type-video is-provider-youtube wp-block-embed-youtube wp-embed-aspect-9-16 wp-has-aspect-ratio\"><div class=\"wp-block-embed__wrapper\">\n<div class=\"video-container\"><iframe title=\"Authentische Tamahagane Kamisori | NOS japanische Handwerkskunst #tamahagane\" width=\"563\" height=\"1000\" src=\"https:\/\/www.youtube.com\/embed\/UoiK7YYzXa0?feature=oembed\" frameborder=\"0\" allow=\"accelerometer; autoplay; clipboard-write; encrypted-media; gyroscope; picture-in-picture; web-share\" referrerpolicy=\"strict-origin-when-cross-origin\" allowfullscreen><\/iframe><\/div>\n<\/div><\/figure>\n\n\n\n<h2 class=\"wp-block-heading\">\u00dcbersetzung:<\/h2>\n\n\n\n<h3 class=\"wp-block-heading\">Auf der Schachtel<\/h3>\n\n\n\n<ul class=\"wp-block-list\">\n<li><strong>\u767b\u9332\u5546\u6a19<\/strong><br>\u00dcbersetzung: <em>Eingetragene Marke<\/em>.<\/li>\n\n\n\n<li><strong>\u7279\u64b0<\/strong><br>\u00dcbersetzung: <em>Speziell ausgew\u00e4hlt<\/em> oder <em>Spitzenqualit\u00e4t<\/em>.<\/li>\n<\/ul>\n\n\n\n<h3 class=\"wp-block-heading\">Auf dem Rasierapparat<\/h3>\n\n\n\n<ol class=\"wp-block-list\">\n<li><strong>\u7d14\u6b63\u92fc\u51a0\u884c<\/strong><br>\u00dcbersetzung: <em>\"Echter Tamahagane-Stahl\"<\/em> \u00fcber <em>\"Hochwertiger Stahl\"<\/em>.<\/li>\n\n\n\n<li><strong>\u7279\u7d1a\u767b\u9332<\/strong><br>\u00dcbersetzung: <em>\"Sonderklasse registriert\"<\/em> (Premiumprodukt).<\/li>\n\n\n\n<li><strong>\u559c<\/strong><br>Es ist ein Symbol der Freude, das f\u00fcr das Branding verwendet wird.<\/li>\n<\/ol>\n\n\n\n<p>\u00c4hnlich wie ein traditionelles Samuraischwert wurde dieses Kamisori aus 2 Lagen handgeschmiedet, wobei der schneidende Teil aus hartem Karbonstahl und die tragende Schicht aus weichem Stahl besteht. Was dieses Kamisori besonders macht, ist, dass der Stahl hier echtes Tamahagane ist. Tamahagane ist ein traditioneller Stahl, der in Japan seit Jahrhunderten aus dem dort vorkommenden \"Eisen\"-Sand und der Kohle hergestellt wird. Da Japan nicht \u00fcber gro\u00dfe Eisenerzvorkommen verf\u00fcgt, wird der Stahl aus Eisensand in einem mehrere Tage dauernden Verfahren von Hand hergestellt. Dies war die Hauptmaterialquelle f\u00fcr alle Samurai-Schwerter. Die Stahlschicht ist spr\u00f6de und hart (geh\u00e4rtet auf 70 HRC), w\u00e4hrend der weichere Rahmen f\u00fcr die notwendige Flexibilit\u00e4t sorgt.<\/p>\n\n\n\n<p>Beide Schichten sind nicht rostfrei, also halten Sie das Rasiermesser nach der Rasur immer trocken und sch\u00fctzen Sie es mit einer d\u00fcnnen Schicht Gleitmittel. Warum ist dieses Rasiermesser rostfrei? Rasiermesser aus rostfreiem Stahl bestehen aus einer Legierung, die Korrosionsflecken verhindert, aber auch weniger hart und weniger scharf ist. Hochkohlenstoffhaltiger Stahl, wie die Schneideschicht dieses Kamisori, erm\u00f6glicht eine viel h\u00f6here H\u00e4rte und h\u00e4lt eine glatte Rasur viel l\u00e4nger aufrecht, bevor er wieder gesch\u00e4rft werden muss, insbesondere diese Tamahagane-Schicht!<\/p>\n\n\n\n<p>Tamahagane \u7389\u92fc Stahl, ein legend\u00e4res und verehrtes Material in der traditionellen japanischen Schwertkunst, hat einen besonderen Platz in den Herzen von Handwerkern und Enthusiasten. Bekannt f\u00fcr seine au\u00dfergew\u00f6hnliche Qualit\u00e4t und den sorgf\u00e4ltigen Entwicklungsprozess, verk\u00f6rpert Tamahagane-Stahl die perfekte Kombination aus Kunstfertigkeit, Tradition und Funktionalit\u00e4t. <\/p>\n\n\n\n<p>Unten sehen Sie meine gesch\u00e4rfte Erntemaschine:<\/p>\n\n\n\n<figure class=\"wp-block-embed is-type-video is-provider-youtube wp-block-embed-youtube wp-embed-aspect-16-9 wp-has-aspect-ratio\"><div class=\"wp-block-embed__wrapper\">\n<div class=\"video-container\"><iframe title=\"NOS Kamisori Tamahagane Rasur bereit\" width=\"1170\" height=\"658\" src=\"https:\/\/www.youtube.com\/embed\/a2fycebA5I4?feature=oembed\" frameborder=\"0\" allow=\"accelerometer; autoplay; clipboard-write; encrypted-media; gyroscope; picture-in-picture; web-share\" referrerpolicy=\"strict-origin-when-cross-origin\" allowfullscreen><\/iframe><\/div>\n<\/div><\/figure>","protected":false},"excerpt":{"rendered":"<p>NOS (New old Stock) Japanisches Kamisori-Rasiermesser aus Tamahagane \u7389\u92fc ultrahartem (bis zu 70 HRC) Stahl. Mittelgro\u00dfes, leichtes Kamisori. Das Rasiermesser wurde in der Showa-Periode, etwa in den 1960er Jahren, hergestellt. Es wird diejenigen ansprechen, die eine aggressive Rasur m\u00f6gen.<\/p>\n<p>\u7d14\u7389\u92fc (Jun Tama Hagane), was \"reiner Tamahagane-Stahl\" bedeutet. Der zus\u00e4tzliche Text \"\u5225\u6253\" (Betsuuchi) bedeutet \"Lang geschmiedet\". Durch das Langschmieden wird die Struktur des Stahls homogener und fester, und unn\u00f6tige Verunreinigungen werden entfernt. Dadurch kann das Werkzeug sch\u00e4rfer geschliffen werden und die Sch\u00e4rfe h\u00e4lt deutlich l\u00e4nger an.<\/p>\n<p>\u7279 \u7ea7 \u7f16 = Sonderausgabe<\/p>\n<p>Marke <strong>\"\u559c\"<\/strong> (Symbol der Freude) und das exklusive Qualit\u00e4tszeichen \"\u7279\u64b0\" (Premium) weisen darauf hin, dass es sich um ein hochwertiges japanisches Rasierwerkzeug handelt, das mit viel Liebe zum Detail und aus bestem Qualit\u00e4tsstahl hergestellt wird.<\/p>\n<p><strong>Die Abmessungen aller Kamisori sind leicht unterschiedlich, da sie handgefertigt sind!<\/strong><\/p>\n<ul>\n<li>L\u00e4nge ca. 152 mm<\/li>\n<li>H\u00f6he ca. 17 mm<\/li>\n<li>Schneidenl\u00e4nge ca. 43 mm<\/li>\n<li>Dicke ca. 4 mm<\/li>\n<li>Gewicht ca. 41 g.<\/li>\n<li>Kunststoffgriff<\/li>\n<\/ul>","protected":false},"featured_media":5539,"comment_status":"open","ping_status":"closed","template":"","meta":[],"product_brand":[],"product_cat":[23],"product_tag":[25,26],"class_list":{"0":"post-3679","1":"product","2":"type-product","3":"status-publish","4":"has-post-thumbnail","6":"product_cat-razors","7":"product_tag-kamisori","8":"product_tag-tamahagane","9":"product_shipping_class-light","11":"first","12":"outofstock","13":"shipping-taxable","14":"product-type-variable"},"_links":{"self":[{"href":"https:\/\/jnats.eu\/de\/wp-json\/wp\/v2\/product\/3679","targetHints":{"allow":["GET"]}}],"collection":[{"href":"https:\/\/jnats.eu\/de\/wp-json\/wp\/v2\/product"}],"about":[{"href":"https:\/\/jnats.eu\/de\/wp-json\/wp\/v2\/types\/product"}],"replies":[{"embeddable":true,"href":"https:\/\/jnats.eu\/de\/wp-json\/wp\/v2\/comments?post=3679"}],"wp:featuredmedia":[{"embeddable":true,"href":"https:\/\/jnats.eu\/de\/wp-json\/wp\/v2\/media\/5539"}],"wp:attachment":[{"href":"https:\/\/jnats.eu\/de\/wp-json\/wp\/v2\/media?parent=3679"}],"wp:term":[{"taxonomy":"product_brand","embeddable":true,"href":"https:\/\/jnats.eu\/de\/wp-json\/wp\/v2\/product_brand?post=3679"},{"taxonomy":"product_cat","embeddable":true,"href":"https:\/\/jnats.eu\/de\/wp-json\/wp\/v2\/product_cat?post=3679"},{"taxonomy":"product_tag","embeddable":true,"href":"https:\/\/jnats.eu\/de\/wp-json\/wp\/v2\/product_tag?post=3679"}],"curies":[{"name":"wp","href":"https:\/\/api.w.org\/{rel}","templated":true}]}}