{"id":377,"date":"2024-03-04T14:16:15","date_gmt":"2024-03-04T12:16:15","guid":{"rendered":"http:\/\/jnats.eu\/?post_type=product&#038;p=377"},"modified":"2024-05-03T11:33:34","modified_gmt":"2024-05-03T08:33:34","slug":"kyoto-speziell-ausgewahlter-naturlicher-schleifstein-shomotoyama-shiro-renge-suita","status":"publish","type":"product","link":"https:\/\/jnats.eu\/de\/produkt-2\/kyoto-speziell-ausgewahlter-naturlicher-schleifstein-shomotoyama-shiro-renge-suita\/","title":{"rendered":"Kyoto speziell ausgew\u00e4hlter nat\u00fcrlicher Schleifstein Shomotoyama Shiro Renge Suita"},"content":{"rendered":"<p>Shiro Renge Suita ist ein Wetzstein, auch Sch\u00e4rfstein genannt, der h\u00e4ufig in traditionellen japanischen Messersch\u00e4rftechniken verwendet wird. Es genie\u00dft bei Enthusiasten und Profis gleicherma\u00dfen hohes Ansehen wegen seiner au\u00dfergew\u00f6hnlichen Qualit\u00e4t und der F\u00e4higkeit, eine scharfe Klingenkante zu erzeugen.<\/p>\n\n\n\n<p><strong>Beschreibung der Shiro Renge Suita Schleifsteine:<\/strong><\/p>\n\n\n\n<p>Material: Shiro Renge Suita wird normalerweise aus nat\u00fcrlichen Sedimentsteinen hergestellt, die in den Bergen Japans gefunden werden. Diese Steine sind f\u00fcr ihre feine Kornstruktur bekannt, die ein pr\u00e4zises Sch\u00e4rfen und Polieren von Messerklingen erm\u00f6glicht.<\/p>\n\n\n\n<p>K\u00f6rnungsgrad: Shiro Renge Suita f\u00e4llt im Allgemeinen in den mittleren bis feinen K\u00f6rnungsbereich. Unter Feinheit versteht man die Rauheit der Steinoberfl\u00e4che und bestimmt den Grad der Abrasivit\u00e4t. Dieser Stein wird h\u00e4ufig in der Endphase des Sch\u00e4rfens verwendet, um die Schneide zu verfeinern und einen Hochglanz zu erzielen.<\/p>\n\n\n\n<p>Vielseitigkeit: Der Shiro Renge Suita wird haupts\u00e4chlich zum Sch\u00e4rfen von Messern im japanischen Stil wie Sushi- oder Sashimi-Messern verwendet, kann aber auch zum Sch\u00e4rfen anderer Messertypen verwendet werden, darunter K\u00fcchenmesser, Holzbearbeitungswerkzeuge und sogar Rasiermesser.<\/p>\n\n\n\n<p>Wasserverwendung: Wie die meisten japanischen Steine sollte Shiro Renge Suita vor der Verwendung mit warmem Wasser angefeuchtet werden. Dieser Vorgang verhindert das Austrocknen des Steins und sorgt f\u00fcr Schmierung beim Sch\u00e4rfvorgang.<\/p>\n\n\n\n<p>Pflege und Wartung: Die richtige Pflege und Wartung ist unerl\u00e4sslich, um die Langlebigkeit und Wirksamkeit der Shiro Renge Suita-Schleifsteine sicherzustellen. Nach Gebrauch sollte es gr\u00fcndlich gewaschen und vor der Lagerung vollst\u00e4ndig trocknen gelassen werden. Dar\u00fcber hinaus tr\u00e4gt das regelm\u00e4\u00dfige Nivellieren der Oberfl\u00e4che dazu bei, eine gleichm\u00e4\u00dfige Sch\u00e4rfoberfl\u00e4che aufrechtzuerhalten.<\/p>\n\n\n\n<p>Handgefertigte Qualit\u00e4t: Viele der Vintage-Schleifsteine von Shiro Renge Suita werden von erfahrenen Kunsthandwerkern hergestellt, die sich mit den Eigenschaften und Eigenschaften des Steins bestens auskennen. Diese Handwerkskunst gew\u00e4hrleistet die Konsistenz und Qualit\u00e4t jedes hergestellten Steins.<\/p>\n\n\n\n<p>Insgesamt wird der Shiro Renge Suita Schleifstein f\u00fcr seine F\u00e4higkeit gesch\u00e4tzt, Messerkanten zu au\u00dfergew\u00f6hnlich scharfen und polierten Oberfl\u00e4chen zu verfeinern, was ihn zu einem wertvollen Werkzeug f\u00fcr K\u00f6che, kulinarische Enthusiasten und Handwerker macht, die bei ihrer Arbeit Pr\u00e4zision und Qualit\u00e4t verlangen.<\/p>","protected":false},"excerpt":{"rendered":"<ul>\n<li>Unbenutzter Vintage-Schleifstein von Shiro Renge Suita<\/li>\n<li>Ma\u00dfe <span class=\"VIpgJd-yAWNEb-VIpgJd-fmcmS-sn54Q\">195 x 73<\/span><span class=\"VIpgJd-yAWNEb-VIpgJd-fmcmS-sn54Q\">\u00a0X\u00a0<\/span><span class=\"VIpgJd-yAWNEb-VIpgJd-fmcmS-sn54Q\">26<\/span><\/li>\n<li>H\u00e4rte: Lv 4<\/li>\n<li>Gewicht mit St\u00e4nder: 1018 g<\/li>\n<\/ul>","protected":false},"featured_media":2478,"comment_status":"open","ping_status":"closed","template":"","meta":[],"product_brand":[],"product_cat":[22],"product_tag":[86,87,88,50],"class_list":{"0":"post-377","1":"product","2":"type-product","3":"status-publish","4":"has-post-thumbnail","6":"product_cat-jnats","7":"product_tag-renge","8":"product_tag-shiro","9":"product_tag-shomotoyama","10":"product_tag-suita","11":"product_shipping_class-iprastas","13":"first","14":"instock","15":"sale","16":"shipping-taxable","17":"purchasable","18":"product-type-simple"},"_links":{"self":[{"href":"https:\/\/jnats.eu\/de\/wp-json\/wp\/v2\/product\/377","targetHints":{"allow":["GET"]}}],"collection":[{"href":"https:\/\/jnats.eu\/de\/wp-json\/wp\/v2\/product"}],"about":[{"href":"https:\/\/jnats.eu\/de\/wp-json\/wp\/v2\/types\/product"}],"replies":[{"embeddable":true,"href":"https:\/\/jnats.eu\/de\/wp-json\/wp\/v2\/comments?post=377"}],"wp:featuredmedia":[{"embeddable":true,"href":"https:\/\/jnats.eu\/de\/wp-json\/wp\/v2\/media\/2478"}],"wp:attachment":[{"href":"https:\/\/jnats.eu\/de\/wp-json\/wp\/v2\/media?parent=377"}],"wp:term":[{"taxonomy":"product_brand","embeddable":true,"href":"https:\/\/jnats.eu\/de\/wp-json\/wp\/v2\/product_brand?post=377"},{"taxonomy":"product_cat","embeddable":true,"href":"https:\/\/jnats.eu\/de\/wp-json\/wp\/v2\/product_cat?post=377"},{"taxonomy":"product_tag","embeddable":true,"href":"https:\/\/jnats.eu\/de\/wp-json\/wp\/v2\/product_tag?post=377"}],"curies":[{"name":"wp","href":"https:\/\/api.w.org\/{rel}","templated":true}]}}