{"id":3879,"date":"2025-01-29T14:38:22","date_gmt":"2025-01-29T12:38:22","guid":{"rendered":"https:\/\/jnats.eu\/?post_type=product&#038;p=3879"},"modified":"2026-02-04T16:13:56","modified_gmt":"2026-02-04T14:13:56","slug":"naudoti-japoniski-vintaziniai-skustuvai-kamisori","status":"publish","type":"product","link":"https:\/\/jnats.eu\/de\/produkt-2\/naudoti-japoniski-vintaziniai-skustuvai-kamisori\/","title":{"rendered":"Gebrauchte alte japanische Kamisori-Rasiermesser"},"content":{"rendered":"<figure class=\"wp-block-embed is-type-video is-provider-youtube wp-block-embed-youtube wp-embed-aspect-16-9 wp-has-aspect-ratio\"><div class=\"wp-block-embed__wrapper\">\n<div class=\"video-container\"><iframe title=\"Kamisori\" width=\"1170\" height=\"658\" src=\"https:\/\/www.youtube.com\/embed\/Es3h28h7VN8?feature=oembed\" frameborder=\"0\" allow=\"accelerometer; autoplay; clipboard-write; encrypted-media; gyroscope; picture-in-picture; web-share\" referrerpolicy=\"strict-origin-when-cross-origin\" allowfullscreen><\/iframe><\/div>\n<\/div><\/figure>\n\n\n\n<p>Wie ein traditionelles Samuraischwert wurden diese Kamisori aus 2 Schichten handgeschmiedet, wobei der schneidende Teil aus kohlenstoffreichem Stahl und die St\u00fctzschicht aus einem einfacheren Stahl besteht. Die Stahlschicht ist spr\u00f6de und hart, w\u00e4hrend die Scheide f\u00fcr die n\u00f6tige Flexibilit\u00e4t sorgt.<\/p>\n\n\n\n<p>Beide Schichten sind nicht rostfrei, also halten Sie das Rasiermesser nach der Rasur immer trocken und sch\u00fctzen Sie es mit einer d\u00fcnnen \u00d6lschicht. Warum wurde rostfreier Stahl f\u00fcr dieses Rasiermesser gew\u00e4hlt? Rostfreie Rasiermesser werden aus einer Legierung hergestellt, die Korrosionsflecken verhindert, aber auch weniger hart und weniger scharf ist. Stahl mit hohem Kohlenstoffgehalt, wie die Schneide dieses Kamisori, hat eine viel h\u00f6here H\u00e4rte und sorgt f\u00fcr eine glatte Rasur, bevor er wieder gesch\u00e4rft werden muss, und er kann viel sch\u00e4rfer geschliffen werden!<\/p>","protected":false},"excerpt":{"rendered":"<ul>\n<li>Gebrauchte alte japanische Kamisori-Rasiermesser<\/li>\n<li>Geringf\u00fcgig durch Korrosion beeintr\u00e4chtigt.<\/li>\n<li>Wenn Sie den Artikel nicht in der Liste sehen, ist er verkauft.<\/li>\n<\/ul>","protected":false},"featured_media":3883,"comment_status":"open","ping_status":"closed","template":"","meta":[],"product_brand":[],"product_cat":[23],"product_tag":[25],"class_list":{"0":"post-3879","1":"product","2":"type-product","3":"status-publish","4":"has-post-thumbnail","6":"product_cat-razors","7":"product_tag-kamisori","8":"product_shipping_class-light","10":"first","11":"instock","12":"shipping-taxable","13":"purchasable","14":"product-type-variable"},"_links":{"self":[{"href":"https:\/\/jnats.eu\/de\/wp-json\/wp\/v2\/product\/3879","targetHints":{"allow":["GET"]}}],"collection":[{"href":"https:\/\/jnats.eu\/de\/wp-json\/wp\/v2\/product"}],"about":[{"href":"https:\/\/jnats.eu\/de\/wp-json\/wp\/v2\/types\/product"}],"replies":[{"embeddable":true,"href":"https:\/\/jnats.eu\/de\/wp-json\/wp\/v2\/comments?post=3879"}],"wp:featuredmedia":[{"embeddable":true,"href":"https:\/\/jnats.eu\/de\/wp-json\/wp\/v2\/media\/3883"}],"wp:attachment":[{"href":"https:\/\/jnats.eu\/de\/wp-json\/wp\/v2\/media?parent=3879"}],"wp:term":[{"taxonomy":"product_brand","embeddable":true,"href":"https:\/\/jnats.eu\/de\/wp-json\/wp\/v2\/product_brand?post=3879"},{"taxonomy":"product_cat","embeddable":true,"href":"https:\/\/jnats.eu\/de\/wp-json\/wp\/v2\/product_cat?post=3879"},{"taxonomy":"product_tag","embeddable":true,"href":"https:\/\/jnats.eu\/de\/wp-json\/wp\/v2\/product_tag?post=3879"}],"curies":[{"name":"wp","href":"https:\/\/api.w.org\/{rel}","templated":true}]}}