{"id":394,"date":"2024-03-04T14:32:58","date_gmt":"2024-03-04T12:32:58","guid":{"rendered":"http:\/\/jnats.eu\/?post_type=product&#038;p=394"},"modified":"2024-12-27T19:01:11","modified_gmt":"2024-12-27T17:01:11","slug":"nakayama-asagi-daigokujo-finishing-naturschleifstein","status":"publish","type":"product","link":"https:\/\/jnats.eu\/de\/produkt-2\/nakayama-asagi-daigokujo-finishing-naturschleifstein\/","title":{"rendered":"Nakayama Asagi Daigokujo Finishing Naturschleifstein\u00a0"},"content":{"rendered":"<p>Dies ist ein Sch\u00e4rfstein von h\u00f6chster Qualit\u00e4t und wenn er komplett w\u00e4re, w\u00fcrde er etwa 2.500 \u20ac kosten. Selbstverst\u00e4ndlich \u00e4ndert sich die Arbeit des Schleifsteins selbst nicht, egal wie stark er zerkleinert wird.<\/p>\n\n\n\n<p>Man sieht dem Bild an, dass es sich um einen Naturstein von h\u00f6chster Qualit\u00e4t handelt, zumal es sich um einen Nakayama handelt und die Feinheit seiner Textur anderen Abziehsteinen \u00fcberlegen ist.<\/p>\n\n\n\n<p>Sowohl Nichteisenmetalle als auch Stahl werden spiegelglatt, aber wenden Sie nicht zu viel Kraft an; Bearbeiten Sie einfach die freigesetzten Schleifk\u00f6rner und entspannen Sie sich am Ende und schleifen Sie, als ob Sie die Schleifk\u00f6rner zerkleinern w\u00fcrden. Verwenden Sie zu dieser Jahreszeit warmes Wasser, \u00e4hnlich einem Bad, anstelle von kaltem Wasser, da dies die besten Eigenschaften des Steins hervorbringt.<\/p>\n\n\n\n<figure class=\"wp-block-embed is-type-video is-provider-youtube wp-block-embed-youtube wp-embed-aspect-16-9 wp-has-aspect-ratio\"><div class=\"wp-block-embed__wrapper\">\n<div class=\"video-container\"><iframe title=\"Nakayama Asagi Daigokujo Finishing Nat\u00fcrlicher Abziehstein Kamisori Henkotsu\" width=\"1170\" height=\"658\" src=\"https:\/\/www.youtube.com\/embed\/oMNIi4q7loc?feature=oembed\" frameborder=\"0\" allow=\"accelerometer; autoplay; clipboard-write; encrypted-media; gyroscope; picture-in-picture; web-share\" referrerpolicy=\"strict-origin-when-cross-origin\" allowfullscreen><\/iframe><\/div>\n<\/div><\/figure>","protected":false},"excerpt":{"rendered":"<ul>\n<li>Gr\u00f6\u00dfe ca. 204 x 76 x 28 mm<\/li>\n<li>Gewicht ca. 970g<\/li>\n<li>H\u00e4rte 4,5<\/li>\n<li>Abgebrochene Ecke<\/li>\n<\/ul>","protected":false},"featured_media":400,"comment_status":"open","ping_status":"closed","template":"","meta":[],"product_brand":[],"product_cat":[22],"product_tag":[45,74,71,49],"class_list":{"0":"post-394","1":"product","2":"type-product","3":"status-publish","4":"has-post-thumbnail","6":"product_cat-jnats","7":"product_tag-asagi","8":"product_tag-daigokujo","9":"product_tag-finishing","10":"product_tag-nakayama","11":"product_shipping_class-iprastas","13":"first","14":"outofstock","15":"sale","16":"shipping-taxable","17":"purchasable","18":"product-type-simple"},"_links":{"self":[{"href":"https:\/\/jnats.eu\/de\/wp-json\/wp\/v2\/product\/394","targetHints":{"allow":["GET"]}}],"collection":[{"href":"https:\/\/jnats.eu\/de\/wp-json\/wp\/v2\/product"}],"about":[{"href":"https:\/\/jnats.eu\/de\/wp-json\/wp\/v2\/types\/product"}],"replies":[{"embeddable":true,"href":"https:\/\/jnats.eu\/de\/wp-json\/wp\/v2\/comments?post=394"}],"wp:featuredmedia":[{"embeddable":true,"href":"https:\/\/jnats.eu\/de\/wp-json\/wp\/v2\/media\/400"}],"wp:attachment":[{"href":"https:\/\/jnats.eu\/de\/wp-json\/wp\/v2\/media?parent=394"}],"wp:term":[{"taxonomy":"product_brand","embeddable":true,"href":"https:\/\/jnats.eu\/de\/wp-json\/wp\/v2\/product_brand?post=394"},{"taxonomy":"product_cat","embeddable":true,"href":"https:\/\/jnats.eu\/de\/wp-json\/wp\/v2\/product_cat?post=394"},{"taxonomy":"product_tag","embeddable":true,"href":"https:\/\/jnats.eu\/de\/wp-json\/wp\/v2\/product_tag?post=394"}],"curies":[{"name":"wp","href":"https:\/\/api.w.org\/{rel}","templated":true}]}}