{"id":4004,"date":"2025-03-07T08:57:39","date_gmt":"2025-03-07T06:57:39","guid":{"rendered":"https:\/\/jnats.eu\/?post_type=product&#038;p=4004"},"modified":"2026-03-08T02:05:45","modified_gmt":"2026-03-08T00:05:45","slug":"kasetine-deka-teac-v-7000","status":"publish","type":"product","link":"https:\/\/jnats.eu\/de\/produkt-2\/kasetine-deka-teac-v-7000\/","title":{"rendered":"TEAC V-7000 Kassettendecke"},"content":{"rendered":"<p>Der V-7000 wurde 1990 auf den Markt gebracht und war zu dieser Zeit das beliebteste Modell. Daneben gibt es den h\u00f6herwertigen V-8000S, der 1991 als modifizierter und verbesserter V-7000 erschien und zum Spitzenmodell wurde und den 7000 auf den zweiten Platz verdr\u00e4ngte.<\/p>\n\n\n\n<p>Nach dem V-9000 \u00fcberarbeitete TEAC den V-9000 komplett, so dass man sagen kann, dass die neue Serie, deren Flaggschiff der V-7000 war, von Grund auf neu entwickelt wurde und alle nachfolgenden Modelle, wie der V-8000S, der V-7010, der V-8030S, im Wesentlichen eine Weiterentwicklung der V-8000S-Serie waren.<\/p>\n\n\n\n<p>Sie wurde sowohl f\u00fcr den heimischen Markt als auch f\u00fcr den Export in Silber und Schwarz hergestellt. Dar\u00fcber hinaus war Schwarz in Japan nicht gefragt und ist dort recht selten.<\/p>\n\n\n\n<p>Der TEAC V-7000 verf\u00fcgt \u00fcber eine breite Palette von Funktionen und garantiert eine hohe Klangqualit\u00e4t.<\/p>\n\n\n\n<p>Robustes Geh\u00e4use, Frontplatte aus Metall.<\/p>\n\n\n\n<p>LPM 4 Motor, zwei Wellen mit geschlossenem Trakt.<\/p>\n\n\n\n<p>Der Motor verf\u00fcgt \u00fcber eine Quarzstabilisierung und einen direkten Wellenantrieb.<\/p>\n\n\n\n<p>Der zweite Motor ist f\u00fcr das Zur\u00fcckspulen zust\u00e4ndig, die beiden anderen f\u00fcr das Einlegen der Kassette und das Anheben des Hauptger\u00e4ts.<\/p>\n\n\n\n<p>3-Kopf-System, kobaltamorphe K\u00f6pfe mit PC-OCC-Wicklung aus reinem Kupfer (99,997%)<\/p>\n\n\n\n<p>Wie es sich f\u00fcr ein Qualit\u00e4ts-Deca geh\u00f6rt, verf\u00fcgt es \u00fcber eine Filmkalibrierungsfunktion. Der Kalibrator ist manuell, im Gegensatz zu vielen seiner Konkurrenten erfolgt die Kalibrierung f\u00fcr jeden Kanal einzeln nach Pegel und Magnetisierung, was eine genauere Einstellung des Kopfes auf das jeweilige Band erm\u00f6glicht. Die Magnetisierung betr\u00e4gt 210 kHz, interessanterweise wurde die Frequenz beim n\u00e4chsten Modell V-7010 auf 150 kHz reduziert.<\/p>\n\n\n\n<p>Er verf\u00fcgt \u00fcber eine Dolby B- und C-Rauschunterdr\u00fcckung und das dynamische Shifting-System HX-PRO.<\/p>\n\n\n\n<p>Inklusive IR-Fernbedienung RC-394<\/p>\n\n\n\n<p>Der TEAC V-7000 war etwa zwei Jahre lang in Produktion, erfreute sich gro\u00dfer Beliebtheit und wurde in gro\u00dfen St\u00fcckzahlen ausgeliefert.<\/p>\n\n\n\n<figure class=\"wp-block-embed is-type-video is-provider-youtube wp-block-embed-youtube wp-embed-aspect-16-9 wp-has-aspect-ratio\"><div class=\"wp-block-embed__wrapper\">\n<div class=\"video-container\"><iframe title=\"TEAC V-7000 Kassettendecke\" width=\"1170\" height=\"658\" src=\"https:\/\/www.youtube.com\/embed\/84KSrB6kiAI?feature=oembed\" frameborder=\"0\" allow=\"accelerometer; autoplay; clipboard-write; encrypted-media; gyroscope; picture-in-picture; web-share\" referrerpolicy=\"strict-origin-when-cross-origin\" allowfullscreen><\/iframe><\/div>\n<\/div><\/figure>\n\n\n\n<figure class=\"wp-block-image size-full\"><img decoding=\"async\" width=\"873\" height=\"740\" src=\"https:\/\/jnats.eu\/wp-content\/uploads\/2025\/03\/5cb9ba293cb3fcf398bad99bf37488bb_873x740.93076923077.jpg\" alt=\"\" class=\"wp-image-4005\" srcset=\"https:\/\/jnats.eu\/wp-content\/uploads\/2025\/03\/5cb9ba293cb3fcf398bad99bf37488bb_873x740.93076923077.jpg 873w, https:\/\/jnats.eu\/wp-content\/uploads\/2025\/03\/5cb9ba293cb3fcf398bad99bf37488bb_873x740.93076923077-300x254.jpg 300w, https:\/\/jnats.eu\/wp-content\/uploads\/2025\/03\/5cb9ba293cb3fcf398bad99bf37488bb_873x740.93076923077-768x651.jpg 768w, https:\/\/jnats.eu\/wp-content\/uploads\/2025\/03\/5cb9ba293cb3fcf398bad99bf37488bb_873x740.93076923077-14x12.jpg 14w, https:\/\/jnats.eu\/wp-content\/uploads\/2025\/03\/5cb9ba293cb3fcf398bad99bf37488bb_873x740.93076923077-441x374.jpg 441w, https:\/\/jnats.eu\/wp-content\/uploads\/2025\/03\/5cb9ba293cb3fcf398bad99bf37488bb_873x740.93076923077-600x509.jpg 600w, https:\/\/jnats.eu\/wp-content\/uploads\/2025\/03\/5cb9ba293cb3fcf398bad99bf37488bb_873x740.93076923077-150x127.jpg 150w\" sizes=\"(max-width: 873px) 100vw, 873px\" \/><\/figure>","protected":false},"excerpt":{"rendered":"<ul>\n<li>TEAC V-7000 Kassettendecke<\/li>\n<li>Es gibt einen kleinen Kratzer auf der Vorderseite<\/li>\n<li>Allgemeiner Zustand ausgezeichnet<\/li>\n<li>F\u00fcr den japanischen Markt<\/li>\n<li>Stromversorgung 110 V, Konverter auf 220 V im Lieferumfang enthalten<\/li>\n<\/ul>","protected":false},"featured_media":4017,"comment_status":"open","ping_status":"closed","template":"","meta":[],"product_brand":[],"product_cat":[],"product_tag":[321,320,319],"class_list":{"0":"post-4004","1":"product","2":"type-product","3":"status-publish","4":"has-post-thumbnail","6":"product_tag-kasetine-deka","7":"product_tag-teac","8":"product_tag-v-7000","9":"product_shipping_class-sunkus","11":"first","12":"outofstock","13":"sale","14":"shipping-taxable","15":"purchasable","16":"product-type-simple"},"_links":{"self":[{"href":"https:\/\/jnats.eu\/de\/wp-json\/wp\/v2\/product\/4004","targetHints":{"allow":["GET"]}}],"collection":[{"href":"https:\/\/jnats.eu\/de\/wp-json\/wp\/v2\/product"}],"about":[{"href":"https:\/\/jnats.eu\/de\/wp-json\/wp\/v2\/types\/product"}],"replies":[{"embeddable":true,"href":"https:\/\/jnats.eu\/de\/wp-json\/wp\/v2\/comments?post=4004"}],"wp:featuredmedia":[{"embeddable":true,"href":"https:\/\/jnats.eu\/de\/wp-json\/wp\/v2\/media\/4017"}],"wp:attachment":[{"href":"https:\/\/jnats.eu\/de\/wp-json\/wp\/v2\/media?parent=4004"}],"wp:term":[{"taxonomy":"product_brand","embeddable":true,"href":"https:\/\/jnats.eu\/de\/wp-json\/wp\/v2\/product_brand?post=4004"},{"taxonomy":"product_cat","embeddable":true,"href":"https:\/\/jnats.eu\/de\/wp-json\/wp\/v2\/product_cat?post=4004"},{"taxonomy":"product_tag","embeddable":true,"href":"https:\/\/jnats.eu\/de\/wp-json\/wp\/v2\/product_tag?post=4004"}],"curies":[{"name":"wp","href":"https:\/\/api.w.org\/{rel}","templated":true}]}}