{"id":401,"date":"2024-03-04T14:43:17","date_gmt":"2024-03-04T12:43:17","guid":{"rendered":"http:\/\/jnats.eu\/?post_type=product&#038;p=401"},"modified":"2025-07-12T08:41:41","modified_gmt":"2025-07-12T05:41:41","slug":"red-pin-%e8%b5%a4%e3%83%94%e3%83%b3%e7%a0%a5%e7%9f%b3-finishing-natural-whetstone","status":"publish","type":"product","link":"https:\/\/jnats.eu\/de\/produkt-2\/red-pin-%e8%b5%a4%e3%83%94%e3%83%b3%e7%a0%a5%e7%9f%b3-finishing-natural-whetstone\/","title":{"rendered":"Ozuku Ikimurasaki \u8d64\u30d4\u30f3\u7825\u77f3 Finishing Natur-Schleifstein"},"content":{"rendered":"<ul class=\"wp-block-list\">\n<li>Gr\u00f6\u00dfe ca. 14,6 x 8,2 x 2,3 cm<\/li>\n\n\n\n<li>Gewicht ca. 650 gr<\/li>\n<\/ul>\n\n\n\n<p>Ein ausgezeichneter Sch\u00e4rfstein mit ausreichender H\u00e4rte. Insbesondere ist Ikimurasaki f\u00fcr seine gute Reaktion auf Stahl bekannt und wird oft zum Sch\u00e4rfen von Rasiermessern verwendet. Obwohl es sich nicht um einen neuen Artikel handelt, scheint er mit gro\u00dfer Sorgfalt und Aufmerksamkeit verwendet worden zu sein und hat einen sehr guten Eindruck hinterlassen.<\/p>\n\n\n\n<p>Die Sch\u00e4rfe eines Rasiermessers steht in direktem Zusammenhang mit dem Wert eines Friseurs, und es scheint, dass es in der Vergangenheit viele Friseure gab, die viel Geld f\u00fcr Natursteine ausgegeben haben. Aufgrund des Aufwands beim Sch\u00e4rfen von Rasiermessern und aus hygienischen Gr\u00fcnden ist es in letzter Zeit \u00fcblich geworden, die Klingen auszutauschen. Einige Friseurl\u00e4den verwenden jedoch immer noch solche Schleifsteine und bewahren einige in einem sterilisierten Schrank auf.<br>Es gibt nur noch sehr wenige rote Nakayama- oder Ozuku-Steine, selbst in Kyotoer Gesch\u00e4ften. Es ist ein sehr wertvoller Stein.<\/p>\n\n\n\n<p>Achten Sie darauf, dass Sie zum Sch\u00e4rfen warmes Wasser verwenden. Dies ist ein guter japanischer Naturstein.<\/p>\n\n\n\n<p><\/p>","protected":false},"excerpt":{"rendered":"<p><!-- wp:list --><\/p>\n<ul><!-- wp:list-item --><\/p>\n<li>Gr\u00f6\u00dfe ca. 14,6 x 8,2 x 2,3 cm<\/li>\n<p><!-- \/wp:list-item --><\/p>\n<p><!-- wp:list-item --><\/p>\n<li>Gewicht ca. 650 gr<\/li>\n<li>H\u00e4rte Lv 4,5<\/li>\n<\/ul>","protected":false},"featured_media":406,"comment_status":"open","ping_status":"closed","template":"","meta":[],"product_brand":[],"product_cat":[22],"product_tag":[71,90,91],"class_list":{"0":"post-401","1":"product","2":"type-product","3":"status-publish","4":"has-post-thumbnail","6":"product_cat-jnats","7":"product_tag-finishing","8":"product_tag-natural-whetstone","9":"product_tag-red-pin","10":"product_shipping_class-iprastas","12":"first","13":"outofstock","14":"sale","15":"shipping-taxable","16":"purchasable","17":"product-type-simple"},"_links":{"self":[{"href":"https:\/\/jnats.eu\/de\/wp-json\/wp\/v2\/product\/401","targetHints":{"allow":["GET"]}}],"collection":[{"href":"https:\/\/jnats.eu\/de\/wp-json\/wp\/v2\/product"}],"about":[{"href":"https:\/\/jnats.eu\/de\/wp-json\/wp\/v2\/types\/product"}],"replies":[{"embeddable":true,"href":"https:\/\/jnats.eu\/de\/wp-json\/wp\/v2\/comments?post=401"}],"wp:featuredmedia":[{"embeddable":true,"href":"https:\/\/jnats.eu\/de\/wp-json\/wp\/v2\/media\/406"}],"wp:attachment":[{"href":"https:\/\/jnats.eu\/de\/wp-json\/wp\/v2\/media?parent=401"}],"wp:term":[{"taxonomy":"product_brand","embeddable":true,"href":"https:\/\/jnats.eu\/de\/wp-json\/wp\/v2\/product_brand?post=401"},{"taxonomy":"product_cat","embeddable":true,"href":"https:\/\/jnats.eu\/de\/wp-json\/wp\/v2\/product_cat?post=401"},{"taxonomy":"product_tag","embeddable":true,"href":"https:\/\/jnats.eu\/de\/wp-json\/wp\/v2\/product_tag?post=401"}],"curies":[{"name":"wp","href":"https:\/\/api.w.org\/{rel}","templated":true}]}}