{"id":4031,"date":"2026-01-03T10:10:38","date_gmt":"2026-01-03T08:10:38","guid":{"rendered":"https:\/\/jnats.eu\/?post_type=product&#038;p=4031"},"modified":"2026-01-15T12:57:28","modified_gmt":"2026-01-15T10:57:28","slug":"nenaudoti-chobomasa-vintaziniai-japoniski-skustuvai-kamisori","status":"publish","type":"product","link":"https:\/\/jnats.eu\/de\/produkt-2\/nenaudoti-chobomasa-vintaziniai-japoniski-skustuvai-kamisori\/","title":{"rendered":"Unbenutzte Chobomasa vintage japanische Kamisori Rasiermesser"},"content":{"rendered":"<figure class=\"wp-block-embed is-type-video is-provider-youtube wp-block-embed-youtube wp-embed-aspect-9-16 wp-has-aspect-ratio\"><div class=\"wp-block-embed__wrapper\">\n<div class=\"video-container\"><iframe title=\"Chobomasa vintage Japanische Kamisori\" width=\"563\" height=\"1000\" src=\"https:\/\/www.youtube.com\/embed\/UT2s0rEBxoQ?feature=oembed\" frameborder=\"0\" allow=\"accelerometer; autoplay; clipboard-write; encrypted-media; gyroscope; picture-in-picture; web-share\" referrerpolicy=\"strict-origin-when-cross-origin\" allowfullscreen><\/iframe><\/div>\n<\/div><\/figure>","protected":false},"excerpt":{"rendered":"<ul>\n<li>Wie das traditionelle Samurai-Schwert, das Katana, wurden diese Kamisori aus 2 Teilen handgeschmiedet. Der schneidende Teil besteht aus kohlenstoffreichem Stahl, w\u00e4hrend die Tr\u00e4gerschicht aus einem einfacheren Stahl gefertigt ist. Die Stahlschicht ist hart, w\u00e4hrend der weichere Rahmen f\u00fcr die n\u00f6tige Bruchsicherheit sorgt.<\/li>\n<li>Einige Steinschl\u00e4ge sind sichtbar. Rost entfernt mit #2500 6-Source-Papier und Venev 7\/5 Diamantpaste.<\/li>\n<li>Die ersten K\u00e4ufer erhalten bessere Kamisori! Danach werden wir die Reste zu einem niedrigeren Preis verkaufen.<\/li>\n<li>Alle Rasiermesser sind leicht unterschiedlich, da sie handgefertigt sind.<\/li>\n<li>Gewicht: 32 g.<\/li>\n<li>Gesamtl\u00e4nge: 140 mm<\/li>\n<li>H\u00f6he: 18 mm<\/li>\n<li>Dicke des Farbbandes: 6 mm<\/li>\n<li>Klingenl\u00e4nge: 43 mm<\/li>\n<\/ul>","protected":false},"featured_media":5566,"comment_status":"open","ping_status":"closed","template":"","meta":[],"product_brand":[],"product_cat":[23],"product_tag":[322,25],"class_list":{"0":"post-4031","1":"product","2":"type-product","3":"status-publish","4":"has-post-thumbnail","6":"product_cat-razors","7":"product_tag-chobomasa","8":"product_tag-kamisori","9":"product_shipping_class-light","11":"first","12":"outofstock","13":"shipping-taxable","14":"product-type-variable"},"_links":{"self":[{"href":"https:\/\/jnats.eu\/de\/wp-json\/wp\/v2\/product\/4031","targetHints":{"allow":["GET"]}}],"collection":[{"href":"https:\/\/jnats.eu\/de\/wp-json\/wp\/v2\/product"}],"about":[{"href":"https:\/\/jnats.eu\/de\/wp-json\/wp\/v2\/types\/product"}],"replies":[{"embeddable":true,"href":"https:\/\/jnats.eu\/de\/wp-json\/wp\/v2\/comments?post=4031"}],"wp:featuredmedia":[{"embeddable":true,"href":"https:\/\/jnats.eu\/de\/wp-json\/wp\/v2\/media\/5566"}],"wp:attachment":[{"href":"https:\/\/jnats.eu\/de\/wp-json\/wp\/v2\/media?parent=4031"}],"wp:term":[{"taxonomy":"product_brand","embeddable":true,"href":"https:\/\/jnats.eu\/de\/wp-json\/wp\/v2\/product_brand?post=4031"},{"taxonomy":"product_cat","embeddable":true,"href":"https:\/\/jnats.eu\/de\/wp-json\/wp\/v2\/product_cat?post=4031"},{"taxonomy":"product_tag","embeddable":true,"href":"https:\/\/jnats.eu\/de\/wp-json\/wp\/v2\/product_tag?post=4031"}],"curies":[{"name":"wp","href":"https:\/\/api.w.org\/{rel}","templated":true}]}}