{"id":4063,"date":"2025-03-17T15:13:08","date_gmt":"2025-03-17T13:13:08","guid":{"rendered":"https:\/\/jnats.eu\/?post_type=product&#038;p=4063"},"modified":"2025-03-18T09:06:03","modified_gmt":"2025-03-18T07:06:03","slug":"aiwatani-karasu-naturalus-japoniskas-akmuo-galandinimui","status":"publish","type":"product","link":"https:\/\/jnats.eu\/de\/produkt-2\/aiwatani-karasu-naturalus-japoniskas-akmuo-galandinimui\/","title":{"rendered":"Aiwatani Karasu Nat\u00fcrlicher japanischer Abziehstein"},"content":{"rendered":"<p><strong>Aiwatani Karasu<\/strong> <strong>Japanischer Naturabziehstein<\/strong><\/p>\n\n\n\n<p>Aiwatani ist ein hochwertiger japanischer Natursch\u00e4rfstein f\u00fcr das au\u00dfergew\u00f6hnliche Sch\u00e4rfen von Messern und Werkzeugen. Dieser Stein wird aus alten japanischen Minen gewonnen und hat eine extrem feine Textur, die ihm eine makellose Sch\u00e4rfe und eine spiegelglatte Oberfl\u00e4che verleiht.<\/p>\n\n\n\n<figure class=\"wp-block-embed is-type-video is-provider-youtube wp-block-embed-youtube wp-embed-aspect-16-9 wp-has-aspect-ratio\"><div class=\"wp-block-embed__wrapper\">\n<div class=\"video-container\"><iframe title=\"Aiwatani Nat\u00fcrliche japanische Sch\u00e4rfsteine\" width=\"1170\" height=\"658\" src=\"https:\/\/www.youtube.com\/embed\/7KUe1vRixzw?feature=oembed\" frameborder=\"0\" allow=\"accelerometer; autoplay; clipboard-write; encrypted-media; gyroscope; picture-in-picture; web-share\" referrerpolicy=\"strict-origin-when-cross-origin\" allowfullscreen><\/iframe><\/div>\n<\/div><\/figure>\n\n\n\n<p>\ud83d\udd39 <strong>Hohe Qualit\u00e4t<\/strong> - Authentischer Naturstein aus Japan.<br>\ud83d\udd39 <strong>Durchschnittliche Schleifgeschwindigkeit<\/strong> - sorgt f\u00fcr eine glatte und gleichm\u00e4\u00dfige Oberfl\u00e4che der Schneiden.<br>\ud83d\udd39 <strong>Vielseitiger Einsatz<\/strong> - Geeignet f\u00fcr K\u00fcchenmesser, Tischler- und Schnitzwerkzeuge.<br>\ud83d\udd39 <strong>Dauerhaft<\/strong> - zeichnen sich durch ihre Langlebigkeit und ihren sparsamen Verschlei\u00df aus.<\/p>\n\n\n\n<p>Entdecken Sie mit dem Aiwatani-Naturstein die wahre japanische Sch\u00e4rfkunst!<\/p>","protected":false},"excerpt":{"rendered":"<ul class=\"wp-block-list\">\n<li>Geeignet f\u00fcr die Bearbeitung von Messern, Scheren, Tischler- und anderen Werkzeugen.<\/li>\n<li>Abmessungen: ca. 220x130x22 mm<\/li>\n<li>Gewicht: 1450 g<\/li>\n<li>H\u00e4rte: Lv 4<\/li>\n<li>Die Leitungen sind sicher<\/li>\n<li>Durchschnittliche Arbeitsgeschwindigkeit. Die Beschleunigung kann mit einer Nagelaufh\u00e4ngung oder einer rauen Diamantplatte erreicht werden.<\/li>\n<li>Unterer Deckel mit Lackierung<\/li>\n<li>Wir empfehlen, mit warmem Wasser zu arbeiten, da kaltes Wasser die Geschwindigkeit und die Reaktion beeintr\u00e4chtigt.<\/li>\n<\/ul>","protected":false},"featured_media":4067,"comment_status":"open","ping_status":"closed","template":"","meta":[],"product_brand":[],"product_cat":[22],"product_tag":[65,57],"class_list":{"0":"post-4063","1":"product","2":"type-product","3":"status-publish","4":"has-post-thumbnail","6":"product_cat-jnats","7":"product_tag-aiwatani","8":"product_tag-karasu","9":"product_shipping_class-iprastas","11":"first","12":"outofstock","13":"shipping-taxable","14":"purchasable","15":"product-type-simple"},"_links":{"self":[{"href":"https:\/\/jnats.eu\/de\/wp-json\/wp\/v2\/product\/4063","targetHints":{"allow":["GET"]}}],"collection":[{"href":"https:\/\/jnats.eu\/de\/wp-json\/wp\/v2\/product"}],"about":[{"href":"https:\/\/jnats.eu\/de\/wp-json\/wp\/v2\/types\/product"}],"replies":[{"embeddable":true,"href":"https:\/\/jnats.eu\/de\/wp-json\/wp\/v2\/comments?post=4063"}],"wp:featuredmedia":[{"embeddable":true,"href":"https:\/\/jnats.eu\/de\/wp-json\/wp\/v2\/media\/4067"}],"wp:attachment":[{"href":"https:\/\/jnats.eu\/de\/wp-json\/wp\/v2\/media?parent=4063"}],"wp:term":[{"taxonomy":"product_brand","embeddable":true,"href":"https:\/\/jnats.eu\/de\/wp-json\/wp\/v2\/product_brand?post=4063"},{"taxonomy":"product_cat","embeddable":true,"href":"https:\/\/jnats.eu\/de\/wp-json\/wp\/v2\/product_cat?post=4063"},{"taxonomy":"product_tag","embeddable":true,"href":"https:\/\/jnats.eu\/de\/wp-json\/wp\/v2\/product_tag?post=4063"}],"curies":[{"name":"wp","href":"https:\/\/api.w.org\/{rel}","templated":true}]}}