{"id":4071,"date":"2025-03-17T15:18:56","date_gmt":"2025-03-17T13:18:56","guid":{"rendered":"https:\/\/jnats.eu\/?post_type=product&#038;p=4071"},"modified":"2025-03-18T09:06:16","modified_gmt":"2025-03-18T07:06:16","slug":"aiwatani-kiita-ikimurasaki-naturalus-japoniskas-akmuo-galandinimui","status":"publish","type":"product","link":"https:\/\/jnats.eu\/de\/produkt-2\/aiwatani-kiita-ikimurasaki-naturalus-japoniskas-akmuo-galandinimui\/","title":{"rendered":"Aiwatani Kiita Ikimurasaki Nat\u00fcrlicher japanischer Wetzstein"},"content":{"rendered":"<p>Aiwatani ist ein japanischer Natursch\u00e4rfstein von au\u00dfergew\u00f6hnlicher Qualit\u00e4t, der von der Natur f\u00fcr Handwerker geschaffen wurde, die Wert auf Pr\u00e4zision und Haltbarkeit legen. Dieser Stein beseitigt sanft, aber effektiv Unebenheiten und verleiht der Klinge eine tadellose Sch\u00e4rfe und glatte Oberfl\u00e4che.<\/p>\n\n\n\n<figure class=\"wp-block-embed is-type-video is-provider-youtube wp-block-embed-youtube wp-embed-aspect-16-9 wp-has-aspect-ratio\"><div class=\"wp-block-embed__wrapper\">\n<div class=\"video-container\"><iframe title=\"Aiwatani Nat\u00fcrliche japanische Sch\u00e4rfsteine\" width=\"1170\" height=\"658\" src=\"https:\/\/www.youtube.com\/embed\/7KUe1vRixzw?feature=oembed\" frameborder=\"0\" allow=\"accelerometer; autoplay; clipboard-write; encrypted-media; gyroscope; picture-in-picture; web-share\" referrerpolicy=\"strict-origin-when-cross-origin\" allowfullscreen><\/iframe><\/div>\n<\/div><\/figure>\n\n\n\n<p>\u2705 <strong>100 % nat\u00fcrlich<\/strong> - aus echten japanischen Lagerst\u00e4tten gewonnen.<br>\u2705 <strong>Perfekte Sch\u00e4rfequalit\u00e4t<\/strong> - verleiht Messern und Werkzeugen maximale Sch\u00e4rfe.<br>\u2705 <strong>Benutzerfreundlichkeit<\/strong> - Es braucht nicht viel Aufwand, um professionelle Ergebnisse zu erzielen.<br>\u2705 <strong>Dauerhaftigkeit<\/strong> - Langlebig und verschlei\u00dffest.<\/p>\n\n\n\n<p>Die perfekte Wahl sowohl f\u00fcr Profis als auch f\u00fcr Liebhaber scharfer Werkzeuge!<\/p>","protected":false},"excerpt":{"rendered":"<ul class=\"wp-block-list\">\n<li>Geeignet f\u00fcr die Bearbeitung von Messern, Scheren, Tischler- und anderen Werkzeugen.<\/li>\n<li>Abmessungen: ca. 210x118x42 mm<\/li>\n<li>Gewicht: 2130 g<\/li>\n<li>H\u00e4rte: Lv 3.5<\/li>\n<li>Durchschnittliche Arbeitsgeschwindigkeit. Die Beschleunigung kann mit einer Nagelaufh\u00e4ngung oder einer rauen Diamantplatte erreicht werden.<\/li>\n<li>Wir empfehlen, mit warmem Wasser zu arbeiten, da kaltes Wasser die Geschwindigkeit und die Reaktion beeintr\u00e4chtigt.<\/li>\n<\/ul>","protected":false},"featured_media":4074,"comment_status":"open","ping_status":"closed","template":"","meta":[],"product_brand":[],"product_cat":[22],"product_tag":[65,141],"class_list":{"0":"post-4071","1":"product","2":"type-product","3":"status-publish","4":"has-post-thumbnail","6":"product_cat-jnats","7":"product_tag-aiwatani","8":"product_tag-kiita","9":"product_shipping_class-iprastas","11":"first","12":"outofstock","13":"shipping-taxable","14":"purchasable","15":"product-type-simple"},"_links":{"self":[{"href":"https:\/\/jnats.eu\/de\/wp-json\/wp\/v2\/product\/4071","targetHints":{"allow":["GET"]}}],"collection":[{"href":"https:\/\/jnats.eu\/de\/wp-json\/wp\/v2\/product"}],"about":[{"href":"https:\/\/jnats.eu\/de\/wp-json\/wp\/v2\/types\/product"}],"replies":[{"embeddable":true,"href":"https:\/\/jnats.eu\/de\/wp-json\/wp\/v2\/comments?post=4071"}],"wp:featuredmedia":[{"embeddable":true,"href":"https:\/\/jnats.eu\/de\/wp-json\/wp\/v2\/media\/4074"}],"wp:attachment":[{"href":"https:\/\/jnats.eu\/de\/wp-json\/wp\/v2\/media?parent=4071"}],"wp:term":[{"taxonomy":"product_brand","embeddable":true,"href":"https:\/\/jnats.eu\/de\/wp-json\/wp\/v2\/product_brand?post=4071"},{"taxonomy":"product_cat","embeddable":true,"href":"https:\/\/jnats.eu\/de\/wp-json\/wp\/v2\/product_cat?post=4071"},{"taxonomy":"product_tag","embeddable":true,"href":"https:\/\/jnats.eu\/de\/wp-json\/wp\/v2\/product_tag?post=4071"}],"curies":[{"name":"wp","href":"https:\/\/api.w.org\/{rel}","templated":true}]}}