{"id":4079,"date":"2025-03-17T15:24:27","date_gmt":"2025-03-17T13:24:27","guid":{"rendered":"https:\/\/jnats.eu\/?post_type=product&#038;p=4079"},"modified":"2025-05-22T11:43:48","modified_gmt":"2025-05-22T08:43:48","slug":"aiwatani-lotus-naturalus-japoniskas-akmuo-galandinimui","status":"publish","type":"product","link":"https:\/\/jnats.eu\/de\/produkt-2\/aiwatani-lotus-naturalus-japoniskas-akmuo-galandinimui\/","title":{"rendered":"Aiwatani Lotus Nat\u00fcrlicher japanischer Stein zum Sch\u00e4rfen"},"content":{"rendered":"<p>Dieser hochwertige japanische Natursch\u00e4rfstein aus dem Aiwatani-Gebirge ist auf Pr\u00e4zision und Haltbarkeit ausgelegt. Dieser authentische Stein, der in traditionellen japanischen Minen abgebaut wird, hat eine hervorragende Schleifstruktur, die es ihm erm\u00f6glicht, die Geometrie der Klinge gleichm\u00e4\u00dfig und schonend zu erhalten und eine perfekte Sch\u00e4rfe zu erzielen.<\/p>\n\n\n\n<figure class=\"wp-block-embed is-type-video is-provider-youtube wp-block-embed-youtube wp-embed-aspect-16-9 wp-has-aspect-ratio\"><div class=\"wp-block-embed__wrapper\">\n<div class=\"video-container\"><iframe title=\"Aiwatani Nat\u00fcrliche japanische Sch\u00e4rfsteine\" width=\"1170\" height=\"658\" src=\"https:\/\/www.youtube.com\/embed\/7KUe1vRixzw?feature=oembed\" frameborder=\"0\" allow=\"accelerometer; autoplay; clipboard-write; encrypted-media; gyroscope; picture-in-picture; web-share\" referrerpolicy=\"strict-origin-when-cross-origin\" allowfullscreen><\/iframe><\/div>\n<\/div><\/figure>\n\n\n\n<p>\ud83d\udd39 <strong>Nat\u00fcrliche japanische Handwerkskunst<\/strong> - ein authentischer Stein f\u00fcr Profis und Liebhaber.<br>\ud83d\udd39 <strong>Ausgezeichnete Textur<\/strong> - gew\u00e4hrleistet ein \u00e4u\u00dferst schonendes und effizientes Sch\u00e4rfen ohne unn\u00f6tigen Metallabtrag.<br>\ud83d\udd39 <strong>Dauerhaftigkeit<\/strong> - verschlei\u00dft langsam und bleibt \u00fcber viele Jahre wirksam.<br>\ud83d\udd39 <strong>Vielseitiger Einsatz<\/strong> - sowohl f\u00fcr Messer als auch f\u00fcr kleine Tischler- oder andere Werkzeuge geeignet.<\/p>\n\n\n\n<p>Mit dem Aiwatani-Schleifstein erreichen Sie echte japanische Sch\u00e4rfe und professionelle Ergebnisse - jedes Mal!<\/p>","protected":false},"excerpt":{"rendered":"<ul class=\"wp-block-list\">\n<li>Geeignet f\u00fcr die Bearbeitung von Messern, Scheren, Tischler- und anderen Werkzeugen.<\/li>\n<li>Abmessungen: ca. 210x74x85 mm<\/li>\n<li>Gewicht: 3160 g<\/li>\n<li>H\u00e4rte: Lv 4,5<\/li>\n<li>Durchschnittliche Arbeitsgeschwindigkeit. Die Beschleunigung kann mit einer Nagelaufh\u00e4ngung oder einer rauen Diamantplatte erreicht werden.<\/li>\n<li>Linien und Gomaflecken beeintr\u00e4chtigen das Sch\u00e4rfen nicht.<\/li>\n<li>Wir empfehlen, mit warmem Wasser zu arbeiten, da kaltes Wasser die Geschwindigkeit und die Reaktion beeintr\u00e4chtigt.<\/li>\n<\/ul>","protected":false},"featured_media":4083,"comment_status":"open","ping_status":"closed","template":"","meta":[],"product_brand":[],"product_cat":[22],"product_tag":[65,277],"class_list":{"0":"post-4079","1":"product","2":"type-product","3":"status-publish","4":"has-post-thumbnail","6":"product_cat-jnats","7":"product_tag-aiwatani","8":"product_tag-lotus","9":"product_shipping_class-iprastas","11":"first","12":"instock","13":"sale","14":"shipping-taxable","15":"purchasable","16":"product-type-simple"},"_links":{"self":[{"href":"https:\/\/jnats.eu\/de\/wp-json\/wp\/v2\/product\/4079","targetHints":{"allow":["GET"]}}],"collection":[{"href":"https:\/\/jnats.eu\/de\/wp-json\/wp\/v2\/product"}],"about":[{"href":"https:\/\/jnats.eu\/de\/wp-json\/wp\/v2\/types\/product"}],"replies":[{"embeddable":true,"href":"https:\/\/jnats.eu\/de\/wp-json\/wp\/v2\/comments?post=4079"}],"wp:featuredmedia":[{"embeddable":true,"href":"https:\/\/jnats.eu\/de\/wp-json\/wp\/v2\/media\/4083"}],"wp:attachment":[{"href":"https:\/\/jnats.eu\/de\/wp-json\/wp\/v2\/media?parent=4079"}],"wp:term":[{"taxonomy":"product_brand","embeddable":true,"href":"https:\/\/jnats.eu\/de\/wp-json\/wp\/v2\/product_brand?post=4079"},{"taxonomy":"product_cat","embeddable":true,"href":"https:\/\/jnats.eu\/de\/wp-json\/wp\/v2\/product_cat?post=4079"},{"taxonomy":"product_tag","embeddable":true,"href":"https:\/\/jnats.eu\/de\/wp-json\/wp\/v2\/product_tag?post=4079"}],"curies":[{"name":"wp","href":"https:\/\/api.w.org\/{rel}","templated":true}]}}