{"id":408,"date":"2024-03-04T14:56:03","date_gmt":"2024-03-04T12:56:03","guid":{"rendered":"http:\/\/jnats.eu\/?post_type=product&#038;p=408"},"modified":"2025-07-07T22:37:22","modified_gmt":"2025-07-07T19:37:22","slug":"shobudani-8-lagiger-daigoku-qualitats-schleifstein-aus-naturmaterial","status":"publish","type":"product","link":"https:\/\/jnats.eu\/de\/produkt-2\/shobudani-8-lagiger-daigoku-qualitats-schleifstein-aus-naturmaterial\/","title":{"rendered":"Shobudani 8-lagiger nat\u00fcrlicher Schleifstein in Daigoku-Qualit\u00e4t"},"content":{"rendered":"<p>Gr\u00f6\u00dfe 20,7 x 7,8 x 3,2 cm<br>Gewicht 1.250 g<\/p>\n\n\n\n<p>Dieser Stein hat eine zementierte Spaltung, aber es ist noch ein langer Weg bis dahin. Und selbst wenn das Ziel erreicht ist, kann die besch\u00e4digte Ecke entfernt werden, um St\u00f6rungen beim Sch\u00e4rfen zu vermeiden. Wenn die Leistung unterdurchschnittlich w\u00e4re, k\u00f6nnte die Ecke verworfen werden, aber<br>Da er acht Schichten hat, kann er verwendet werden. Die Ausgrabung dieser Steinschicht wurde vor etwa 200 Jahren abgeschlossen, aber sie ist mit Sicherheit vorhanden.<\/p>\n\n\n\n<p>Der achtlagige Schleifstein war in der Edo-Zeit sehr beliebt zum Schleifen von Kunstschwertern. Der Grund daf\u00fcr scheint zu sein, dass der Feinschliff weniger Unvollkommenheiten aufweist und der Schliff durch Feineinstellungen erfolgen kann. In der Taihei-\u00c4ra waren Schwerter nicht nur Mordinstrumente, sondern hatten sich bereits als Kunstwerke etabliert.<\/p>\n\n\n\n<p> Selbst jetzt, wenn ich Schwertsch\u00e4rfer besuche, die ihren Betrieb eingestellt haben, sto\u00dfe ich manchmal auf verschiedene achtlagige Schleifsteine. Unter ihnen werden Nakayama 8-Lagen zu sehr hohen Preisen verkauft.<\/p>\n\n\n\n<p>Aufgrund der oben genannten Eigenschaften ist es ideal zum Anpassen der Oberfl\u00e4che von Messern, Stemmeisen und Hobeln.<br>Obwohl Sie das nicht m\u00f6chten, kann man mit Sicherheit sagen, dass die Wahrscheinlichkeit, in Zukunft auf achtschichtige Steine zu sto\u00dfen, nahezu Null ist.<br>Qualit\u00e4t garantiert.<\/p>","protected":false},"excerpt":{"rendered":"<ul>\n<li><strong>Gr\u00f6\u00dfe: 207 x 78 x 32 mm<\/strong><\/li>\n<li><strong>Gewicht: 1.250 g<\/strong><\/li>\n<li>Perfekt f\u00fcr ein Kasumi-Finish<\/li>\n<\/ul>","protected":false},"featured_media":414,"comment_status":"open","ping_status":"closed","template":"","meta":[],"product_brand":[],"product_cat":[22],"product_tag":[93,94,71,90,92,44],"class_list":{"0":"post-408","1":"product","2":"type-product","3":"status-publish","4":"has-post-thumbnail","6":"product_cat-jnats","7":"product_tag-8-layer","8":"product_tag-daigoku","9":"product_tag-finishing","10":"product_tag-natural-whetstone","11":"product_tag-quality","12":"product_tag-shobudani","13":"product_shipping_class-iprastas","15":"first","16":"outofstock","17":"shipping-taxable","18":"purchasable","19":"product-type-simple"},"_links":{"self":[{"href":"https:\/\/jnats.eu\/de\/wp-json\/wp\/v2\/product\/408","targetHints":{"allow":["GET"]}}],"collection":[{"href":"https:\/\/jnats.eu\/de\/wp-json\/wp\/v2\/product"}],"about":[{"href":"https:\/\/jnats.eu\/de\/wp-json\/wp\/v2\/types\/product"}],"replies":[{"embeddable":true,"href":"https:\/\/jnats.eu\/de\/wp-json\/wp\/v2\/comments?post=408"}],"wp:featuredmedia":[{"embeddable":true,"href":"https:\/\/jnats.eu\/de\/wp-json\/wp\/v2\/media\/414"}],"wp:attachment":[{"href":"https:\/\/jnats.eu\/de\/wp-json\/wp\/v2\/media?parent=408"}],"wp:term":[{"taxonomy":"product_brand","embeddable":true,"href":"https:\/\/jnats.eu\/de\/wp-json\/wp\/v2\/product_brand?post=408"},{"taxonomy":"product_cat","embeddable":true,"href":"https:\/\/jnats.eu\/de\/wp-json\/wp\/v2\/product_cat?post=408"},{"taxonomy":"product_tag","embeddable":true,"href":"https:\/\/jnats.eu\/de\/wp-json\/wp\/v2\/product_tag?post=408"}],"curies":[{"name":"wp","href":"https:\/\/api.w.org\/{rel}","templated":true}]}}