{"id":4123,"date":"2025-03-19T13:34:53","date_gmt":"2025-03-19T11:34:53","guid":{"rendered":"https:\/\/jnats.eu\/?post_type=product&#038;p=4123"},"modified":"2025-03-19T14:09:27","modified_gmt":"2025-03-19T12:09:27","slug":"gesenryo-tomae-naturalus-japoniskas-akmuo-galandinimui","status":"publish","type":"product","link":"https:\/\/jnats.eu\/de\/produkt-2\/gesenryo-tomae-naturalus-japoniskas-akmuo-galandinimui\/","title":{"rendered":"Gesenryo Tomae Nat\u00fcrlicher japanischer Schleifstein"},"content":{"rendered":"<p>Tomae (der Name der Gesteinsschicht) ist wie eine bestimmte Art nat\u00fcrlicher japanischer Schleifsteine, der aufgrund seiner hervorragenden Eigenschaften h\u00e4ufig zum Feinschleifen verwendet wird. Der Stein verf\u00fcgt \u00fcber eine ausgewogene H\u00e4rte und Feinheit, sodass er sich f\u00fcr eine Vielzahl von Anwendungen eignet, einschlie\u00dflich des abschlie\u00dfenden Sch\u00e4rfens von K\u00fcchenmessern und anderen Werkzeugen. F\u00fcr Rasierapparate \u2013 Vorbehandlung.<\/p>\n\n\n\n<figure class=\"wp-block-embed is-type-video is-provider-youtube wp-block-embed-youtube wp-embed-aspect-16-9 wp-has-aspect-ratio\"><div class=\"wp-block-embed__wrapper\">\n<div class=\"video-container\"><iframe title=\"Hapstone T2 gegen Jnats: Nisshoyama Suita, Ozuku, Ohira, Karasu, Tomae\" width=\"1170\" height=\"658\" src=\"https:\/\/www.youtube.com\/embed\/HXBtpEUmp3Q?start=1178&#038;feature=oembed\" frameborder=\"0\" allow=\"accelerometer; autoplay; clipboard-write; encrypted-media; gyroscope; picture-in-picture; web-share\" referrerpolicy=\"strict-origin-when-cross-origin\" allowfullscreen><\/iframe><\/div>\n<\/div><\/figure>\n\n\n\n<p>Nat\u00fcrliche japanische Schleifsteine (Jnats) werden aus geologischen Schichten gewonnen, die sich \u00fcber Hunderte von Millionen Jahren gebildet haben. Ihre Eigenschaften variieren je nach Region, in der sie abgebaut wurden, daher k\u00f6nnen die Ergebnisse der Arbeit unterschiedlich ausfallen. Solche Steine verleihen Messern ein sch\u00f6neres Finish und eine dezent geschliffene Klingenkante, weshalb sie von Schleifbegeisterten gesch\u00e4tzt werden.<\/p>","protected":false},"excerpt":{"rendered":"<ul class=\"wp-block-list\">\n<li>Geeignet f\u00fcr die Bearbeitung von Messern, Scheren, Tischler- und anderen Werkzeugen.<\/li>\n<li>Abmessungen: 203x79x35 mm<\/li>\n<li>Gewicht mit St\u00e4nder: 1820 g<\/li>\n<li>H\u00e4rte: Lv 4,5<\/li>\n<li>Wir empfehlen, mit warmem Wasser zu arbeiten, da kaltes Wasser die Geschwindigkeit und die Reaktion beeintr\u00e4chtigt.<\/li>\n<\/ul>","protected":false},"featured_media":4124,"comment_status":"open","ping_status":"closed","template":"","meta":[],"product_brand":[],"product_cat":[22],"product_tag":[325,67],"class_list":{"0":"post-4123","1":"product","2":"type-product","3":"status-publish","4":"has-post-thumbnail","6":"product_cat-jnats","7":"product_tag-gesenryo","8":"product_tag-tomae","9":"product_shipping_class-iprastas","11":"first","12":"instock","13":"shipping-taxable","14":"purchasable","15":"product-type-simple"},"_links":{"self":[{"href":"https:\/\/jnats.eu\/de\/wp-json\/wp\/v2\/product\/4123","targetHints":{"allow":["GET"]}}],"collection":[{"href":"https:\/\/jnats.eu\/de\/wp-json\/wp\/v2\/product"}],"about":[{"href":"https:\/\/jnats.eu\/de\/wp-json\/wp\/v2\/types\/product"}],"replies":[{"embeddable":true,"href":"https:\/\/jnats.eu\/de\/wp-json\/wp\/v2\/comments?post=4123"}],"wp:featuredmedia":[{"embeddable":true,"href":"https:\/\/jnats.eu\/de\/wp-json\/wp\/v2\/media\/4124"}],"wp:attachment":[{"href":"https:\/\/jnats.eu\/de\/wp-json\/wp\/v2\/media?parent=4123"}],"wp:term":[{"taxonomy":"product_brand","embeddable":true,"href":"https:\/\/jnats.eu\/de\/wp-json\/wp\/v2\/product_brand?post=4123"},{"taxonomy":"product_cat","embeddable":true,"href":"https:\/\/jnats.eu\/de\/wp-json\/wp\/v2\/product_cat?post=4123"},{"taxonomy":"product_tag","embeddable":true,"href":"https:\/\/jnats.eu\/de\/wp-json\/wp\/v2\/product_tag?post=4123"}],"curies":[{"name":"wp","href":"https:\/\/api.w.org\/{rel}","templated":true}]}}