{"id":4128,"date":"2025-03-19T13:43:06","date_gmt":"2025-03-19T11:43:06","guid":{"rendered":"https:\/\/jnats.eu\/?post_type=product&#038;p=4128"},"modified":"2025-03-19T14:10:34","modified_gmt":"2025-03-19T12:10:34","slug":"masamotoyama-karasu-naturalus-japoniskas-akmuo-galandinimui","status":"publish","type":"product","link":"https:\/\/jnats.eu\/de\/produkt-2\/masamotoyama-karasu-naturalus-japoniskas-akmuo-galandinimui\/","title":{"rendered":"Masamotoyama Karasu Nat\u00fcrlicher japanischer Schleifstein"},"content":{"rendered":"<p>\u201eKarasu\u201c (japanisch f\u00fcr \u201eKr\u00e4he\u201c) ist eine Art nat\u00fcrlicher japanischer Schleifstein, der nach den charakteristischen dunklen, kr\u00e4henfederartigen Mustern auf der Oberfl\u00e4che des Steins benannt ist. Diese Steine werden besonders wegen ihrer \u00e4sthetischen Erscheinung und ihrer hervorragenden Sch\u00e4rfeigenschaften gesch\u00e4tzt.<\/p>\n\n\n\n<figure class=\"wp-block-embed is-type-video is-provider-youtube wp-block-embed-youtube wp-embed-aspect-16-9 wp-has-aspect-ratio\"><div class=\"wp-block-embed__wrapper\">\n<div class=\"video-container\"><iframe title=\"Hapstone T2 gegen Jnats: Nisshoyama Suita, Ozuku, Ohira, Karasu, Tomae\" width=\"1170\" height=\"658\" src=\"https:\/\/www.youtube.com\/embed\/HXBtpEUmp3Q?start=1275&#038;feature=oembed\" frameborder=\"0\" allow=\"accelerometer; autoplay; clipboard-write; encrypted-media; gyroscope; picture-in-picture; web-share\" referrerpolicy=\"strict-origin-when-cross-origin\" allowfullscreen><\/iframe><\/div>\n<\/div><\/figure>\n\n\n\n<p>Karasu-Steine werden besonders gesch\u00e4tzt, weil sie Klingen ein hochwertiges Finish und lang anhaltende Sch\u00e4rfe verleihen. Sie werden h\u00e4ufig zum Sch\u00e4rfen von Rasierapparaten, Messern und Tischlerwerkzeugen verwendet. Aufgrund ihrer Seltenheit und ihres \u00e4sthetischen Werts sind hochwertige Karasu-Steine schwer zu finden und werden von Sammlern und professionellen Sch\u00e4rfern sehr gesch\u00e4tzt.<\/p>","protected":false},"excerpt":{"rendered":"<ul class=\"wp-block-list\">\n<li>Geeignet f\u00fcr die Endbearbeitung von Rasiermessern, Messern, Scheren, Tischlerei- und anderen Werkzeugen.<\/li>\n<li>Ma\u00dfe ca.: 270x93x37 mm<\/li>\n<li>Gewicht: 2230 g<\/li>\n<li>H\u00e4rte: Lv 5<\/li>\n<li>Wir empfehlen, beim Schleifen mit Steinen warmes Wasser zu verwenden, da kaltes Wasser die Schleifgeschwindigkeit und das Ansprechverhalten beeintr\u00e4chtigt.<\/li>\n<\/ul>","protected":false},"featured_media":4134,"comment_status":"open","ping_status":"closed","template":"","meta":[],"product_brand":[],"product_cat":[22],"product_tag":[57,316,245],"class_list":{"0":"post-4128","1":"product","2":"type-product","3":"status-publish","4":"has-post-thumbnail","6":"product_cat-jnats","7":"product_tag-karasu","8":"product_tag-masamotoyama","9":"product_tag-naturalus-japoniskas-akmuo-galandinimui","10":"product_shipping_class-iprastas","12":"first","13":"instock","14":"shipping-taxable","15":"purchasable","16":"product-type-simple"},"_links":{"self":[{"href":"https:\/\/jnats.eu\/de\/wp-json\/wp\/v2\/product\/4128","targetHints":{"allow":["GET"]}}],"collection":[{"href":"https:\/\/jnats.eu\/de\/wp-json\/wp\/v2\/product"}],"about":[{"href":"https:\/\/jnats.eu\/de\/wp-json\/wp\/v2\/types\/product"}],"replies":[{"embeddable":true,"href":"https:\/\/jnats.eu\/de\/wp-json\/wp\/v2\/comments?post=4128"}],"wp:featuredmedia":[{"embeddable":true,"href":"https:\/\/jnats.eu\/de\/wp-json\/wp\/v2\/media\/4134"}],"wp:attachment":[{"href":"https:\/\/jnats.eu\/de\/wp-json\/wp\/v2\/media?parent=4128"}],"wp:term":[{"taxonomy":"product_brand","embeddable":true,"href":"https:\/\/jnats.eu\/de\/wp-json\/wp\/v2\/product_brand?post=4128"},{"taxonomy":"product_cat","embeddable":true,"href":"https:\/\/jnats.eu\/de\/wp-json\/wp\/v2\/product_cat?post=4128"},{"taxonomy":"product_tag","embeddable":true,"href":"https:\/\/jnats.eu\/de\/wp-json\/wp\/v2\/product_tag?post=4128"}],"curies":[{"name":"wp","href":"https:\/\/api.w.org\/{rel}","templated":true}]}}