{"id":415,"date":"2024-03-04T15:10:19","date_gmt":"2024-03-04T13:10:19","guid":{"rendered":"http:\/\/jnats.eu\/?post_type=product&#038;p=415"},"modified":"2025-09-29T16:19:30","modified_gmt":"2025-09-29T13:19:30","slug":"otaniyama-hondo-daigokujo-finishing-naturschleifstein","status":"publish","type":"product","link":"https:\/\/jnats.eu\/de\/produkt-2\/otaniyama-hondo-daigokujo-finishing-naturschleifstein\/","title":{"rendered":"Otaniyama Hondo Daigokujo Razor Finishing Natural Whetstone"},"content":{"rendered":"<p>Hondo Daigokujo sind die hochwertigsten Sch\u00e4rfsteine unter den Otaniyama-Steinen. Der Berg Otani liegt etwa 10 Kilometer nordwestlich des Stadtzentrums von Kameoka und ist der gemeinsame Name vieler Berge. Es handelt sich um eine Schleifsteinschicht, die viele Schleifpartikel enth\u00e4lt und anscheinend in der Showa-Zeit abgebaut wurde, da die schwarze Farbe als Ungl\u00fccksbringer galt und in der Edo-Zeit gemieden wurde. <\/p>\n\n\n\n<p>Die Qualit\u00e4t der Steine ist gut, aber sie sind nicht weithin bekannt, weil sie nicht in den Verband der Kyotoer Natursteine aufgenommen werden durften, weil dieser die billigen, hochwertigen Steine auf dem Markt nicht mochte. Dann entdeckte ein Gesch\u00e4ftsmann, der haupts\u00e4chlich Schmiermittel, St\u00e4be, B\u00fcgeleisen usw. importierte und verkaufte, diesen Schleifstein und verkaufte ihn von T\u00fcr zu T\u00fcr an Friseure in ganz Japan, und nach und nach verbreitete er sich. <\/p>\n\n\n\n<p>Dieser Stein ist eine Mischung aus Hondo-mae und Shiki-tomae, die das beste Finish ergibt. Dies kann mit Nakayamas Finish verglichen werden.<\/p>\n\n\n\n<p>Damals kostete es ungef\u00e4hr den gleichen Preis wie das Einstiegsgehalt eines Universit\u00e4tsabsolventen, aber da es sich um einen schwarzen Stein handelt, glauben nicht alle, dass es so viel wert ist. Dieser Schleifstein ist etwas weich und kann daher auch zum Schleifen von Messern verwendet werden.<\/p>\n\n\n\n<p>Er ist dick genug, um ein Leben lang zu halten. Wie der Name schon sagt, handelt es sich um einen vielseitigen Schleifstein, der nicht nur f\u00fcr Messer, sondern auch f\u00fcr den Feinschliff von Rasiermessern, kleinen Messern, Scheren, Feilen, Mei\u00dfeln usw. verwendet werden kann. Der Reiz des Otaniyama liegt darin, dass das Ergebnis dem der hochwertigsten Sch\u00e4rfsteine gleicht.<\/p>\n\n\n\n<p>Kaltes Wasser verschlechtert das Ansprechverhalten des Stahls mit der Zeit erheblich, daher ist es besser, zum Sch\u00e4rfen warmes Wasser von etwa 42 Grad zu verwenden.<\/p>\n\n\n\n<figure class=\"wp-block-embed is-type-video is-provider-youtube wp-block-embed-youtube wp-embed-aspect-16-9 wp-has-aspect-ratio\"><div class=\"wp-block-embed__wrapper\">\nhttps:\/\/youtu.be\/6k_XyH2uSsI\n<\/div><\/figure>","protected":false},"excerpt":{"rendered":"<ul>\n<li>Gr\u00f6\u00dfe ca.: 20,6 x 7,8 x 3,5 cm<\/li>\n<li>\u00a0Gewicht ca.: 1450 g<\/li>\n<li>H\u00e4rtestufe 4<\/li>\n<li>Wirkt schnell und sorgt f\u00fcr eine sanfte Rasur. Die Haare werden nach der Fertigstellung auf dem Stein zusammengeschnitten. Nagura oder Diamantplatte sind nicht erforderlich.<\/li>\n<li>Einer der besten Rasierklingensteine, die ich gesehen habe. Nicht sehr sch\u00f6n, aber es funktioniert gut.<\/li>\n<\/ul>","protected":false},"featured_media":420,"comment_status":"open","ping_status":"closed","template":"","meta":[],"product_brand":[],"product_cat":[22],"product_tag":[74,71,95,90,70],"class_list":{"0":"post-415","1":"product","2":"type-product","3":"status-publish","4":"has-post-thumbnail","6":"product_cat-jnats","7":"product_tag-daigokujo","8":"product_tag-finishing","9":"product_tag-hondo","10":"product_tag-natural-whetstone","11":"product_tag-otaniyama","12":"product_shipping_class-iprastas","14":"first","15":"outofstock","16":"sale","17":"shipping-taxable","18":"purchasable","19":"product-type-simple"},"_links":{"self":[{"href":"https:\/\/jnats.eu\/de\/wp-json\/wp\/v2\/product\/415","targetHints":{"allow":["GET"]}}],"collection":[{"href":"https:\/\/jnats.eu\/de\/wp-json\/wp\/v2\/product"}],"about":[{"href":"https:\/\/jnats.eu\/de\/wp-json\/wp\/v2\/types\/product"}],"replies":[{"embeddable":true,"href":"https:\/\/jnats.eu\/de\/wp-json\/wp\/v2\/comments?post=415"}],"wp:featuredmedia":[{"embeddable":true,"href":"https:\/\/jnats.eu\/de\/wp-json\/wp\/v2\/media\/420"}],"wp:attachment":[{"href":"https:\/\/jnats.eu\/de\/wp-json\/wp\/v2\/media?parent=415"}],"wp:term":[{"taxonomy":"product_brand","embeddable":true,"href":"https:\/\/jnats.eu\/de\/wp-json\/wp\/v2\/product_brand?post=415"},{"taxonomy":"product_cat","embeddable":true,"href":"https:\/\/jnats.eu\/de\/wp-json\/wp\/v2\/product_cat?post=415"},{"taxonomy":"product_tag","embeddable":true,"href":"https:\/\/jnats.eu\/de\/wp-json\/wp\/v2\/product_tag?post=415"}],"curies":[{"name":"wp","href":"https:\/\/api.w.org\/{rel}","templated":true}]}}