{"id":4216,"date":"2025-03-21T10:45:10","date_gmt":"2025-03-21T08:45:10","guid":{"rendered":"https:\/\/jnats.eu\/?post_type=product&#038;p=4216"},"modified":"2026-04-16T13:42:38","modified_gmt":"2026-04-16T10:42:38","slug":"nos-new-kinmoji-kamisori","status":"publish","type":"product","link":"https:\/\/jnats.eu\/de\/produkt-2\/nos-new-kinmoji-kamisori\/","title":{"rendered":"NOS Neues Kinmoji-Camisori"},"content":{"rendered":"<p><strong>Kamisori<\/strong> \u2013 dabei handelt es sich um japanische Rasiermesser, die sich von westlichen durch die asymmetrische Klingengestaltung und den einfacheren Griff unterscheiden. Sie werden h\u00e4ufig f\u00fcr die traditionelle japanische Rasur verwendet und f\u00fcr ihre Pr\u00e4zision gesch\u00e4tzt.<\/p>\n\n\n\n<figure class=\"wp-block-embed is-type-video is-provider-youtube wp-block-embed-youtube wp-embed-aspect-16-9 wp-has-aspect-ratio\"><div class=\"wp-block-embed__wrapper\">\n<div class=\"video-container\"><iframe title=\"NOS Neues Kinmoji-Camisori\" width=\"1170\" height=\"658\" src=\"https:\/\/www.youtube.com\/embed\/KNuzSOG5IiQ?feature=oembed\" frameborder=\"0\" allow=\"accelerometer; autoplay; clipboard-write; encrypted-media; gyroscope; picture-in-picture; web-share\" referrerpolicy=\"strict-origin-when-cross-origin\" allowfullscreen><\/iframe><\/div>\n<\/div><\/figure>\n\n\n\n<p><strong>Neues Kinmoji<\/strong> \u2013 ist eine Marke, die diese Art von Rasierern herstellt. Der Name bedeutet \u201eNeue Goldene Schrift\u201c (\u91d1\u6587\u5b57 \u2013 \u201eKinmoji\u201c bedeutet auf Japanisch \u201egoldene Buchstaben\u201c). <\/p>\n\n\n\n<p><strong>Stahlklinge<\/strong> \u2013 diese Rasierer bestehen aus hochwertigem Kohlenstoffstahl, der aufgrund seiner Sch\u00e4rfe und Haltbarkeit als besonders gut zum Rasieren geeignet gilt. Die harten Stahlteile sind in einer Wellenlinie mit einem weicheren Stahlrahmen verschwei\u00dft.<\/p>","protected":false},"excerpt":{"rendered":"<p><strong>Die Abmessungen aller Kamisori sind leicht unterschiedlich, da sie handgefertigt sind!<\/strong><\/p>\n<ul>\n<li>Es gibt Spuren von Zeit und Rost. Bitte schauen Sie sich die Fotos und das Video sorgf\u00e4ltig an.<\/li>\n<li>Nr. 1 verwendet und die anderen drei unbenutzt.<\/li>\n<li>Gesamtl\u00e4nge ca. 150 mm<\/li>\n<li>H\u00f6he ca. 19 mm (gebraucht \u2013 18 mm)<\/li>\n<li>Schneidenl\u00e4nge ca. 41 mm<\/li>\n<li>Die Klingenst\u00e4rke betr\u00e4gt ca. 5 mm.<\/li>\n<li>Gewicht ca. 37 g.<\/li>\n<li>Weicher Kunststoffgriff<\/li>\n<li><strong>Hergestellt in Japan Mitte Mai<\/strong><\/li>\n<\/ul>","protected":false},"featured_media":4218,"comment_status":"open","ping_status":"closed","template":"","meta":[],"product_brand":[],"product_cat":[23],"product_tag":[25,327,55],"class_list":{"0":"post-4216","1":"product","2":"type-product","3":"status-publish","4":"has-post-thumbnail","6":"product_cat-razors","7":"product_tag-kamisori","8":"product_tag-new-kinmoji","9":"product_tag-nos","10":"product_shipping_class-light","12":"first","13":"outofstock","14":"shipping-taxable","15":"product-type-variable"},"_links":{"self":[{"href":"https:\/\/jnats.eu\/de\/wp-json\/wp\/v2\/product\/4216","targetHints":{"allow":["GET"]}}],"collection":[{"href":"https:\/\/jnats.eu\/de\/wp-json\/wp\/v2\/product"}],"about":[{"href":"https:\/\/jnats.eu\/de\/wp-json\/wp\/v2\/types\/product"}],"replies":[{"embeddable":true,"href":"https:\/\/jnats.eu\/de\/wp-json\/wp\/v2\/comments?post=4216"}],"wp:featuredmedia":[{"embeddable":true,"href":"https:\/\/jnats.eu\/de\/wp-json\/wp\/v2\/media\/4218"}],"wp:attachment":[{"href":"https:\/\/jnats.eu\/de\/wp-json\/wp\/v2\/media?parent=4216"}],"wp:term":[{"taxonomy":"product_brand","embeddable":true,"href":"https:\/\/jnats.eu\/de\/wp-json\/wp\/v2\/product_brand?post=4216"},{"taxonomy":"product_cat","embeddable":true,"href":"https:\/\/jnats.eu\/de\/wp-json\/wp\/v2\/product_cat?post=4216"},{"taxonomy":"product_tag","embeddable":true,"href":"https:\/\/jnats.eu\/de\/wp-json\/wp\/v2\/product_tag?post=4216"}],"curies":[{"name":"wp","href":"https:\/\/api.w.org\/{rel}","templated":true}]}}