{"id":422,"date":"2024-03-04T15:16:08","date_gmt":"2024-03-04T13:16:08","guid":{"rendered":"http:\/\/jnats.eu\/?post_type=product&#038;p=422"},"modified":"2024-11-03T18:25:28","modified_gmt":"2024-11-03T16:25:28","slug":"otaniyama-daigokujo-finishing-naturschleifstein","status":"publish","type":"product","link":"https:\/\/jnats.eu\/de\/produkt-2\/otaniyama-daigokujo-finishing-naturschleifstein\/","title":{"rendered":"Otaniyama Daigokujo Rasiermesser Finishing nat\u00fcrlichen Wetzstein"},"content":{"rendered":"<p>Hondo Daigokujo sind die hochwertigsten Schleifsteine unter Otaniyama. Der Mount Otani liegt etwa 10 Kilometer nordwestlich der Innenstadt von Kameoka City Hall und ist der Sammelbegriff f\u00fcr viele Berge. Es handelt sich um eine Schleifsteinschicht, die viele Schleifpartikel enth\u00e4lt und offenbar w\u00e4hrend der Showa-\u00c4ra abgebaut wurde, da Schwarz als Ungl\u00fccksbringer galt und in der Edo-Zeit gemieden wurde.<\/p>\n\n\n\n<p>Die Qualit\u00e4t der Steine ist gut, aber sie sind nicht allgemein bekannt, da sie der Kyoto Natural Stone Association nicht beitreten durften, weil es dieser nicht gefiel, dass billige, hochwertige Steine auf dem Markt verkauft wurden. Danach der Gesch\u00e4ftsmann, der meistens<br>importierte und verkaufte Schmiermittel, St\u00e4be, Eisen usw., bemerkte diesen Schleifstein und<br>Sie wurden von T\u00fcr zu T\u00fcr an Friseursalons in ganz Japan verkauft und verbreiteten sich langsam.<\/p>\n\n\n\n<p>Dieser Stein ist eine Mischung aus Hondo-mae und Shiki-tomae, die das beste Finish ergibt. Dies kann mit Nakayamas Finish verglichen werden.<\/p>\n\n\n\n<p>Damals kostete es ungef\u00e4hr den gleichen Preis wie das Einstiegsgehalt eines Universit\u00e4tsabsolventen, aber da es sich um einen schwarzen Stein handelt, glauben nicht alle, dass es so viel wert ist. Dieser Schleifstein ist etwas weich und kann daher auch zum Schleifen von Messern verwendet werden. <\/p>\n\n\n\n<p>Der Stein ist dick genug, um ein Leben lang zu halten. Wie der Name schon sagt, handelt es sich hierbei um einen vielseitigen Schleifstein, der nicht nur f\u00fcr Messer, sondern auch zum Endsch\u00e4rfen von Rasiermessern, kleinen Messern, Scheren, Hobeln, Mei\u00dfeln und mehr verwendet werden kann. um das Sch\u00e4rfen abzuschlie\u00dfen. Der Reiz von Otaniyama besteht darin, dass die Oberfl\u00e4che der von Schleifsteinen h\u00f6chster Qualit\u00e4t \u00e4hnelt.<\/p>\n\n\n\n<p>Kaltes Wasser verschlechtert das Ansprechverhalten des Stahls mit der Zeit erheblich, daher ist es besser, zum Sch\u00e4rfen warmes Wasser von etwa 42 Grad zu verwenden.<\/p>\n\n\n\n<figure class=\"wp-block-embed is-type-video is-provider-youtube wp-block-embed-youtube wp-embed-aspect-16-9 wp-has-aspect-ratio\"><div class=\"wp-block-embed__wrapper\">\n<div class=\"video-container\"><iframe title=\"Otaniyama Daigokujo - Bester nat\u00fcrlicher Wetzstein f\u00fcr Rasiermesser\" width=\"1170\" height=\"658\" src=\"https:\/\/www.youtube.com\/embed\/6k_XyH2uSsI?feature=oembed\" frameborder=\"0\" allow=\"accelerometer; autoplay; clipboard-write; encrypted-media; gyroscope; picture-in-picture; web-share\" referrerpolicy=\"strict-origin-when-cross-origin\" allowfullscreen><\/iframe><\/div>\n<\/div><\/figure>","protected":false},"excerpt":{"rendered":"<ul>\n<li>Gr\u00f6\u00dfe ca.: 20,0 x 7,0 x 2,4 cm<\/li>\n<li>\u00a0Gewicht ca.: 820 g<\/li>\n<li>H\u00e4rtestufe 4<\/li>\n<li>Wirkt schnell und sorgt f\u00fcr eine sanfte Rasur. Die Haare werden unmittelbar nach der Bearbeitung auf dem Stein geschnitten. Nagura oder Diamantplatte sind nicht erforderlich.<\/li>\n<li>Einer der besten Rasierklingensteine, die ich gesehen habe. Nicht sehr sch\u00f6n, aber es funktioniert gut.<\/li>\n<\/ul>","protected":false},"featured_media":1259,"comment_status":"open","ping_status":"closed","template":"","meta":[],"product_brand":[],"product_cat":[22],"product_tag":[74,71,90,70],"class_list":{"0":"post-422","1":"product","2":"type-product","3":"status-publish","4":"has-post-thumbnail","6":"product_cat-jnats","7":"product_tag-daigokujo","8":"product_tag-finishing","9":"product_tag-natural-whetstone","10":"product_tag-otaniyama","11":"product_shipping_class-iprastas","13":"first","14":"outofstock","15":"sale","16":"shipping-taxable","17":"purchasable","18":"product-type-simple"},"_links":{"self":[{"href":"https:\/\/jnats.eu\/de\/wp-json\/wp\/v2\/product\/422","targetHints":{"allow":["GET"]}}],"collection":[{"href":"https:\/\/jnats.eu\/de\/wp-json\/wp\/v2\/product"}],"about":[{"href":"https:\/\/jnats.eu\/de\/wp-json\/wp\/v2\/types\/product"}],"replies":[{"embeddable":true,"href":"https:\/\/jnats.eu\/de\/wp-json\/wp\/v2\/comments?post=422"}],"wp:featuredmedia":[{"embeddable":true,"href":"https:\/\/jnats.eu\/de\/wp-json\/wp\/v2\/media\/1259"}],"wp:attachment":[{"href":"https:\/\/jnats.eu\/de\/wp-json\/wp\/v2\/media?parent=422"}],"wp:term":[{"taxonomy":"product_brand","embeddable":true,"href":"https:\/\/jnats.eu\/de\/wp-json\/wp\/v2\/product_brand?post=422"},{"taxonomy":"product_cat","embeddable":true,"href":"https:\/\/jnats.eu\/de\/wp-json\/wp\/v2\/product_cat?post=422"},{"taxonomy":"product_tag","embeddable":true,"href":"https:\/\/jnats.eu\/de\/wp-json\/wp\/v2\/product_tag?post=422"}],"curies":[{"name":"wp","href":"https:\/\/api.w.org\/{rel}","templated":true}]}}