{"id":4251,"date":"2025-03-26T14:26:20","date_gmt":"2025-03-26T12:26:20","guid":{"rendered":"https:\/\/jnats.eu\/?post_type=product&#038;p=4251"},"modified":"2025-04-11T10:44:17","modified_gmt":"2025-04-11T07:44:17","slug":"ohira-awasedo-2","status":"publish","type":"product","link":"https:\/\/jnats.eu\/de\/produkt-2\/ohira-awasedo-2\/","title":{"rendered":"Ohira Awasedo Stufe 4"},"content":{"rendered":"<p>Die Feinheit dieses hochdichten Naturschleifsteins entspricht in etwa der synthetischen Nummer #8000. Wenn Sie die Arbeit beschleunigen m\u00f6chten, empfiehlt es sich, vor Beginn jedes Schleifvorgangs mit einem Nagura-Stein oder einer Diamantplatte eine Suspension zu erzeugen und warmes Wasser als Schmiermittel f\u00fcr ein besseres Schleiffeedback zu verwenden. Ohira kann auch ohne diese \u201eTrommelt\u00e4nze\u201c erfolgreich arbeiten.<\/p>\n\n\n\n<figure class=\"wp-block-embed is-type-video is-provider-youtube wp-block-embed-youtube wp-embed-aspect-16-9 wp-has-aspect-ratio\"><div class=\"wp-block-embed__wrapper\">\n<div class=\"video-container\"><iframe title=\"Sch\u00e4rfen von Chobomasa Kamisori - Ohira, Nakayama Tomae, Kanyama Streichriemen\" width=\"1170\" height=\"658\" src=\"https:\/\/www.youtube.com\/embed\/tbFJJ1lm87I?feature=oembed\" frameborder=\"0\" allow=\"accelerometer; autoplay; clipboard-write; encrypted-media; gyroscope; picture-in-picture; web-share\" referrerpolicy=\"strict-origin-when-cross-origin\" allowfullscreen><\/iframe><\/div>\n<\/div><\/figure>\n\n\n\n<p>Japanische Schleifsteine m\u00fcssen nicht eingeweicht werden. Einfach Wasser auf die Oberfl\u00e4che streuen und schon ist es einsatzbereit. Nach dem Sch\u00e4rfen absp\u00fclen und bei Raumtemperatur trocknen lassen. Nicht l\u00e4ngere Zeit im Wasser liegen lassen.<\/p>","protected":false},"excerpt":{"rendered":"<ul>\n<li>Geeignet f\u00fcr die Endbearbeitung von Messern, Tischler- und anderen Werkzeugen.<\/li>\n<li>Abmessungen: ca. 205x78x33 mm<\/li>\n<li>Gewicht: 1060 g<\/li>\n<li>H\u00e4rte: Lv 4<\/li>\n<li>Die Oberfl\u00e4che ist glatt und arbeitsbereit<\/li>\n<\/ul>","protected":false},"featured_media":4256,"comment_status":"open","ping_status":"closed","template":"","meta":[],"product_brand":[],"product_cat":[22],"product_tag":[47],"class_list":{"0":"post-4251","1":"product","2":"type-product","3":"status-publish","4":"has-post-thumbnail","6":"product_cat-jnats","7":"product_tag-ohira","8":"product_shipping_class-iprastas","10":"first","11":"instock","12":"shipping-taxable","13":"purchasable","14":"product-type-simple"},"_links":{"self":[{"href":"https:\/\/jnats.eu\/de\/wp-json\/wp\/v2\/product\/4251","targetHints":{"allow":["GET"]}}],"collection":[{"href":"https:\/\/jnats.eu\/de\/wp-json\/wp\/v2\/product"}],"about":[{"href":"https:\/\/jnats.eu\/de\/wp-json\/wp\/v2\/types\/product"}],"replies":[{"embeddable":true,"href":"https:\/\/jnats.eu\/de\/wp-json\/wp\/v2\/comments?post=4251"}],"wp:featuredmedia":[{"embeddable":true,"href":"https:\/\/jnats.eu\/de\/wp-json\/wp\/v2\/media\/4256"}],"wp:attachment":[{"href":"https:\/\/jnats.eu\/de\/wp-json\/wp\/v2\/media?parent=4251"}],"wp:term":[{"taxonomy":"product_brand","embeddable":true,"href":"https:\/\/jnats.eu\/de\/wp-json\/wp\/v2\/product_brand?post=4251"},{"taxonomy":"product_cat","embeddable":true,"href":"https:\/\/jnats.eu\/de\/wp-json\/wp\/v2\/product_cat?post=4251"},{"taxonomy":"product_tag","embeddable":true,"href":"https:\/\/jnats.eu\/de\/wp-json\/wp\/v2\/product_tag?post=4251"}],"curies":[{"name":"wp","href":"https:\/\/api.w.org\/{rel}","templated":true}]}}