{"id":4313,"date":"2025-04-09T11:32:24","date_gmt":"2025-04-09T08:32:24","guid":{"rendered":"https:\/\/jnats.eu\/?post_type=product&#038;p=4313"},"modified":"2026-04-20T01:04:40","modified_gmt":"2026-04-19T22:04:40","slug":"kamisori-henkotsu-hureka-kobayashi-kinsei-ippon-renda","status":"publish","type":"product","link":"https:\/\/jnats.eu\/de\/produkt-2\/kamisori-henkotsu-hureka-kobayashi-kinsei-ippon-renda\/","title":{"rendered":"Kamisori Henkotsu, Hureka, Kobayashi Kinsei, Ippon Renda"},"content":{"rendered":"<figure class=\"wp-block-embed is-type-video is-provider-youtube wp-block-embed-youtube wp-embed-aspect-16-9 wp-has-aspect-ratio\"><div class=\"wp-block-embed__wrapper\">\n<div class=\"video-container\"><iframe title=\"Kamisori Henkotsu, Hureka, Kobayashi Kinsei, Ippon Renda\" width=\"1170\" height=\"658\" src=\"https:\/\/www.youtube.com\/embed\/UGGiu8uU1nI?feature=oembed\" frameborder=\"0\" allow=\"accelerometer; autoplay; clipboard-write; encrypted-media; gyroscope; picture-in-picture; web-share\" referrerpolicy=\"strict-origin-when-cross-origin\" allowfullscreen><\/iframe><\/div>\n<\/div><\/figure>\n\n\n\n<p>\u00c4hnlich einem traditionellen Samurai-Schwert wurden diese Kamisori von Hand aus zwei Schichten geschmiedet, wobei der Schneidteil aus Kohlenstoffstahl und die St\u00fctzschicht aus einfacherem Stahl besteht. Die Stahlschicht ist spr\u00f6de und hart, w\u00e4hrend die Schale f\u00fcr die n\u00f6tige Flexibilit\u00e4t und Bruchfestigkeit sorgt.<\/p>\n\n\n\n<p>Beide Schichten sind nicht rostfrei, halten Sie den Rasierer deshalb nach der Rasur immer trocken und sch\u00fctzen Sie ihn mit einer d\u00fcnnen Schicht \u00d6l oder ungiftigem Gleitmittel (z. B. Balistol). Warum rostet dieses Messer? Rostfreie Messer bestehen aus einer Legierung, die die Bildung von Korrosionsflecken verhindert, aber auch weniger hart ist. Kohlenstoffstahl, wie die Schneidschicht dieses Kamisori, bietet eine viel h\u00f6here H\u00e4rte und sorgt viel l\u00e4nger f\u00fcr eine glatte Rasur, bevor er erneut gesch\u00e4rft werden muss!<\/p>\n\n\n\n<p>Kamisori sind hochwertige japanische Rasierklingen, die von Meistern ihres Fachs hergestellt werden. Diese Kamisori werden in der traditionellen japanischen Rasiergemeinschaft aus folgenden Gr\u00fcnden hoch gesch\u00e4tzt:<\/p>\n\n\n\n<hr class=\"wp-block-separator has-alpha-channel-opacity\"\/>\n\n\n\n<h3 class=\"wp-block-heading\"> <strong>Was ist ein Camisole?<\/strong><\/h3>\n\n\n\n<ul class=\"wp-block-list\">\n<li>Kamisori ist eine traditionelle japanische Rasierklinge, die sich von westlichen Rasierern unterscheidet. <em>Rasiermesser<\/em> dadurch, dass sie oft eine asymmetrische Blattneigung aufweisen (eine Seite ist gerade, die andere gebogen).<\/li>\n\n\n\n<li>Es wird zum Rasieren ohne austauschbare Klingen verwendet und ist ein solides Stahlwerkzeug, das gesch\u00e4rft und gepflegt werden muss.<\/li>\n<\/ul>\n\n\n\n<hr class=\"wp-block-separator has-alpha-channel-opacity\"\/>\n\n\n\n<h3 class=\"wp-block-heading\"><strong>Die einzigartigen Funktionen von Kamisori:<\/strong><\/h3>\n\n\n\n<ol class=\"wp-block-list\">\n<li><strong>Handgefertigt<\/strong> \u2013 jede Klinge wird von einem Meister mithilfe traditioneller Schmiedetechniken von Hand gefertigt.<\/li>\n\n\n\n<li><strong>Hochwertiger Stahl<\/strong> \u2013 oft verwendet <em>Shirogami<\/em> (Wei\u00dfpapierstahl) oder <em>Aogami<\/em> (Blauer Papierstahl) Stahl, der seine Sch\u00e4rfe perfekt beh\u00e4lt.<\/li>\n\n\n\n<li><strong>Asymmetrisches Design<\/strong> \u2013 typisch f\u00fcr traditionelle Leibchen, erm\u00f6glicht eine \u00e4u\u00dferst pr\u00e4zise Rasur.<\/li>\n\n\n\n<li><strong>\u00c4sthetik<\/strong> \u2013 oft mit kunstvoll eingravierten Details (z. B. Kanji-Zeichen), Eleganz im japanischen Stil.<\/li>\n\n\n\n<li><strong>Ruf<\/strong> \u2013 Japanische Handwerker geh\u00f6ren zu den bekanntesten Herstellern von Vintage-Rasierwerkzeugen.<\/li>\n<\/ol>\n\n\n\n<p><\/p>\n\n\n\n<p>Henkotsu Kamisori ist ein weiterer hoch angesehener Name in der Welt der traditionellen japanischen Rasierklingen. Das <strong>Vintage (antik)<\/strong> Kamisori-Messer, gr\u00f6\u00dftenteils im 20. Jahrhundert hergestellt. zu Beginn oder w\u00e4hrend des Krieges (sowie in der Nachkriegszeit) und sind heute bei Sammlern und Rasierliebhabern zu begehrten Objekten geworden.<\/p>\n\n\n\n<hr class=\"wp-block-separator has-alpha-channel-opacity\"\/>\n\n\n\n<h3 class=\"wp-block-heading\"><strong>Was ist Henkotsu?<\/strong><\/h3>\n\n\n\n<ul class=\"wp-block-list\">\n<li><strong>\u201eHenkotsu\u201c (toter Knochen)<\/strong> kann w\u00f6rtlich &quot;stur&quot; oder &quot;exzentrisch&quot; bedeuten, aber in der Rasierwelt ist es <strong>Hersteller- (oder Handwerker-)Marke<\/strong>, das in die Klinge des Kamisori eingraviert war.<\/li>\n\n\n\n<li>Diese Rasierer wurden hergestellt <strong>Showa-Zeit (ca. 1926\u20131989)<\/strong>und manche sogar schon fr\u00fcher \u2013 <strong>Taish\u014d (1912\u20131926)<\/strong> oder auch <strong>Meiji (1868\u20131912)<\/strong> Zeitraum.<\/li>\n\n\n\n<li>Die meisten davon wurden produziert <strong>In Osaka oder Tokio<\/strong>, in ber\u00fchmten Messermachervierteln.<\/li>\n<\/ul>\n\n\n\n<hr class=\"wp-block-separator has-alpha-channel-opacity\"\/>\n\n\n\n<h3 class=\"wp-block-heading\"><strong>Was macht Henkotsu Kamisori so besonders?<\/strong><\/h3>\n\n\n\n<ol class=\"wp-block-list\">\n<li><strong>Authentisch und Vintage<\/strong> \u2013 es handelt sich um historische Rasierwerkzeuge, oft gekennzeichnet durch <em>Wabi Sabi<\/em> \u00c4sthetik (Einfachheit, Altert\u00fcmlichkeit, nicht-ideale Form).<\/li>\n\n\n\n<li><strong>Hochwertiger Stahl<\/strong> \u2013 alte Kamisori wurden aus traditionellen japanischen <em>tamahagane<\/em> oder harter Kohlenstoffstahl.<\/li>\n\n\n\n<li><strong>Einzigartige Form<\/strong> \u2013 ein klassisches, minimalistisches Camisori-Design, oft ohne Henkel, mit dezenter Kanji-Pr\u00e4gung.<\/li>\n\n\n\n<li><strong>Guter Ruf unter Sammlern<\/strong> \u2013 Der Name Henkotsu wird oft mit anderen ber\u00fchmten Vintage-Herstellern wie Iwasaki oder Tanifuji verglichen.<\/li>\n\n\n\n<li><strong>Perfekt gesch\u00e4rft<\/strong> \u2013 Richtig gepflegte Henkotsu-Messer behalten einen sehr scharfen, glatten Schnitt.<\/li>\n<\/ol>","protected":false},"excerpt":{"rendered":"<ol>\n<li>Henkotsu<\/li>\n<li>Henkotsu<\/li>\n<li>Hurrek<\/li>\n<li>Kobayashi Kinsei<\/li>\n<li>Ippon Renda<\/li>\n<li>Ippon Renda<\/li>\n<li>Ippon Renda<\/li>\n<li>Ippon Renda<\/li>\n<li>Ippon Renda<\/li>\n<\/ol>\n<p><!-- wp:paragraph --><\/p>\n<p><strong>Verwenden Sie es und denken Sie nicht zweimal dar\u00fcber nach.<\/strong> Geringf\u00fcgig durch Korrosion beeintr\u00e4chtigt.<\/p>\n<p><!-- \/wp:paragraph --><\/p>\n<p><!-- wp:paragraph --><\/p>\n<p>Wenn Sie in der Liste keine Nr. sehen, bedeutet dies, dass der Artikel verkauft wurde.<\/p>\n<p><!-- \/wp:paragraph --><\/p>","protected":false},"featured_media":4315,"comment_status":"open","ping_status":"closed","template":"","meta":[],"product_brand":[],"product_cat":[23],"product_tag":[314,328,330,25,329],"class_list":{"0":"post-4313","1":"product","2":"type-product","3":"status-publish","4":"has-post-thumbnail","6":"product_cat-razors","7":"product_tag-henkotsu","8":"product_tag-hureka","9":"product_tag-ippon-renda","10":"product_tag-kamisori","11":"product_tag-kobayashi-kinsei","12":"product_shipping_class-light","14":"first","15":"instock","16":"shipping-taxable","17":"purchasable","18":"product-type-variable"},"_links":{"self":[{"href":"https:\/\/jnats.eu\/de\/wp-json\/wp\/v2\/product\/4313","targetHints":{"allow":["GET"]}}],"collection":[{"href":"https:\/\/jnats.eu\/de\/wp-json\/wp\/v2\/product"}],"about":[{"href":"https:\/\/jnats.eu\/de\/wp-json\/wp\/v2\/types\/product"}],"replies":[{"embeddable":true,"href":"https:\/\/jnats.eu\/de\/wp-json\/wp\/v2\/comments?post=4313"}],"wp:featuredmedia":[{"embeddable":true,"href":"https:\/\/jnats.eu\/de\/wp-json\/wp\/v2\/media\/4315"}],"wp:attachment":[{"href":"https:\/\/jnats.eu\/de\/wp-json\/wp\/v2\/media?parent=4313"}],"wp:term":[{"taxonomy":"product_brand","embeddable":true,"href":"https:\/\/jnats.eu\/de\/wp-json\/wp\/v2\/product_brand?post=4313"},{"taxonomy":"product_cat","embeddable":true,"href":"https:\/\/jnats.eu\/de\/wp-json\/wp\/v2\/product_cat?post=4313"},{"taxonomy":"product_tag","embeddable":true,"href":"https:\/\/jnats.eu\/de\/wp-json\/wp\/v2\/product_tag?post=4313"}],"curies":[{"name":"wp","href":"https:\/\/api.w.org\/{rel}","templated":true}]}}