{"id":4397,"date":"2025-04-16T11:42:40","date_gmt":"2025-04-16T08:42:40","guid":{"rendered":"https:\/\/jnats.eu\/?post_type=product&#038;p=4397"},"modified":"2026-01-06T09:14:18","modified_gmt":"2026-01-06T07:14:18","slug":"naudoti-kamisori-toroku-shohyo-yoshioka-chobomasa-henkotsu","status":"publish","type":"product","link":"https:\/\/jnats.eu\/de\/produkt-2\/naudoti-kamisori-toroku-shohyo-yoshioka-chobomasa-henkotsu\/","title":{"rendered":"Kamisori T\u014droku Sh\u014dhy\u014d, Yoshioka, Chobomasa, Henkotsu verwendet"},"content":{"rendered":"<figure class=\"wp-block-embed is-type-video is-provider-youtube wp-block-embed-youtube wp-embed-aspect-16-9 wp-has-aspect-ratio\"><div class=\"wp-block-embed__wrapper\">\n<div class=\"video-container\"><iframe title=\"Kamisori T\u014droku Sh\u014dhy\u014d, Yoshioka, Chobomasa, Henkotsu\" width=\"1170\" height=\"658\" src=\"https:\/\/www.youtube.com\/embed\/x53NFDvgPT0?feature=oembed\" frameborder=\"0\" allow=\"accelerometer; autoplay; clipboard-write; encrypted-media; gyroscope; picture-in-picture; web-share\" referrerpolicy=\"strict-origin-when-cross-origin\" allowfullscreen><\/iframe><\/div>\n<\/div><\/figure>\n\n\n\n<p>Traditionelle japanische Rasierklingen, bekannt als <strong>Kamisori<\/strong> (\u5243\u5200). Sie sind f\u00fcr ihre asymmetrische Form bekannt - eine Seite der Klinge ist flach, die andere ist eher konvex, was eine sehr pr\u00e4zise und saubere Rasur erm\u00f6glicht.<\/p>\n\n\n\n<h3 class=\"wp-block-heading\">Diese Kamisori:<\/h3>\n\n\n\n<ol class=\"wp-block-list\">\n<li><strong>Handgefertigt<\/strong>Die meisten Kamisori sind handgefertigt, so auch diese. <\/li>\n\n\n\n<li><strong>Traditionelle Werkzeuge<\/strong>Kamisori: Kamisori waren in Japan bis Mitte des 20. Jahrhunderts weit verbreitet. Heutzutage werden sie von Sammlern und Liebhabern der traditionellen Rasur gleicherma\u00dfen gesch\u00e4tzt.<\/li>\n<\/ol>","protected":false},"excerpt":{"rendered":"<ol>\n<li>\u767b\u9332\u5546\u6a19 (t\u014droku sh\u014dhy\u014d) - eingetragene Marke. \u6771 - Osten, wahrscheinlich kurz f\u00fcr \"Azuma\" (\u6771 - Azuma)<\/li>\n<li>\u767b\u9332\u5546\u6a19 (t\u014droku sh\u014dhy\u014d)<\/li>\n<li>\u767b\u9332\u5546\u6a19 (t\u014droku sh\u014dhy\u014d)<\/li>\n<li>\u767b\u9332 \u6771 - registriert in Azuma. \u5409\u5ca1\u88fd - hergestellt von Yoshioka (Meister oder Werkstatt)<\/li>\n<li>Chobomas<\/li>\n<li>Chobomas<\/li>\n<li>Chobomas<\/li>\n<li>Henkotsu<\/li>\n<li>Kamisori<\/li>\n<li>Kamisori<\/li>\n<\/ol>\n<p><strong>Verwenden Sie es und denken Sie nicht zweimal dar\u00fcber nach.<\/strong>\u00a0Leichte Korrosionsspuren. Wenn Sie keine Nr. in der Liste sehen, bedeutet dies, dass der Artikel verkauft wurde. \u00a0<\/p>","protected":false},"featured_media":4402,"comment_status":"open","ping_status":"closed","template":"","meta":[],"product_brand":[],"product_cat":[23],"product_tag":[25],"class_list":{"0":"post-4397","1":"product","2":"type-product","3":"status-publish","4":"has-post-thumbnail","6":"product_cat-razors","7":"product_tag-kamisori","8":"product_shipping_class-light","10":"first","11":"instock","12":"shipping-taxable","13":"purchasable","14":"product-type-variable"},"_links":{"self":[{"href":"https:\/\/jnats.eu\/de\/wp-json\/wp\/v2\/product\/4397","targetHints":{"allow":["GET"]}}],"collection":[{"href":"https:\/\/jnats.eu\/de\/wp-json\/wp\/v2\/product"}],"about":[{"href":"https:\/\/jnats.eu\/de\/wp-json\/wp\/v2\/types\/product"}],"replies":[{"embeddable":true,"href":"https:\/\/jnats.eu\/de\/wp-json\/wp\/v2\/comments?post=4397"}],"wp:featuredmedia":[{"embeddable":true,"href":"https:\/\/jnats.eu\/de\/wp-json\/wp\/v2\/media\/4402"}],"wp:attachment":[{"href":"https:\/\/jnats.eu\/de\/wp-json\/wp\/v2\/media?parent=4397"}],"wp:term":[{"taxonomy":"product_brand","embeddable":true,"href":"https:\/\/jnats.eu\/de\/wp-json\/wp\/v2\/product_brand?post=4397"},{"taxonomy":"product_cat","embeddable":true,"href":"https:\/\/jnats.eu\/de\/wp-json\/wp\/v2\/product_cat?post=4397"},{"taxonomy":"product_tag","embeddable":true,"href":"https:\/\/jnats.eu\/de\/wp-json\/wp\/v2\/product_tag?post=4397"}],"curies":[{"name":"wp","href":"https:\/\/api.w.org\/{rel}","templated":true}]}}