{"id":4416,"date":"2025-04-17T09:44:20","date_gmt":"2025-04-17T06:44:20","guid":{"rendered":"https:\/\/jnats.eu\/?post_type=product&#038;p=4416"},"modified":"2025-12-16T13:35:50","modified_gmt":"2025-12-16T11:35:50","slug":"nakayama-tomae","status":"publish","type":"product","link":"https:\/\/jnats.eu\/de\/produkt-2\/nakayama-tomae\/","title":{"rendered":"Nakayama Tomae"},"content":{"rendered":"<figure class=\"wp-block-embed is-type-video is-provider-youtube wp-block-embed-youtube wp-embed-aspect-16-9 wp-has-aspect-ratio\"><div class=\"wp-block-embed__wrapper\">\n<div class=\"video-container\"><iframe title=\"Nakayama Tomae, Gosa, Maruka, Ohira gegen C.V. Heljestrand Nr. 133\" width=\"1170\" height=\"658\" src=\"https:\/\/www.youtube.com\/embed\/BxxCe3bcOhE?start=485&#038;feature=oembed\" frameborder=\"0\" allow=\"accelerometer; autoplay; clipboard-write; encrypted-media; gyroscope; picture-in-picture; web-share\" referrerpolicy=\"strict-origin-when-cross-origin\" allowfullscreen><\/iframe><\/div>\n<\/div><\/figure>\n\n\n\n<p>Nakayama Tomae ist ein hochwertiger japanischer Natursch\u00e4rfstein aus der Nakayama-Mine im \u00f6stlichen Teil Japans, in der N\u00e4he von Kyoto. Diese Steine werden von Messer-, Rasiermesser- und anderen scharfen Werkzeugsch\u00e4rfern wegen ihrer einzigartigen Eigenschaften und hervorragenden Leistung sehr gesch\u00e4tzt. Hier finden Sie einige grundlegende Informationen \u00fcber Nakayama Tomae:<\/p>\n\n\n\n<h3 class=\"wp-block-heading\">Merkmale:<\/h3>\n\n\n\n<ol class=\"wp-block-list\">\n<li><strong>Herkunft und Zusammensetzung<\/strong>:\n<ul class=\"wp-block-list\">\n<li>Die Nakayama Tomae-Steine werden in der Nakayama-Mine abgebaut, die f\u00fcr ihre awasedo-Steine (Schleifsteine) bekannt ist.<\/li>\n<\/ul>\n<\/li>\n\n\n\n<li>Die Steine sind sehr hart und feink\u00f6rnig und eignen sich daher ideal zum Endpolieren und Sch\u00e4rfen.<\/li>\n\n\n\n<li><strong>Verwendung<\/strong>:\n<ul class=\"wp-block-list\">\n<li>Nakayama Tomae-Steine werden haupts\u00e4chlich als Finishing-Steine beim Sch\u00e4rfen verwendet und verleihen der Klinge eine sehr scharfe und polierte Kante.<\/li>\n\n\n\n<li>Sie sind besonders beliebt zum Sch\u00e4rfen von japanischen Messern (z. B. Yanagiba, Deba), Rasiermessern und Holzbearbeitungswerkzeugen.<\/li>\n\n\n\n<li>Dank ihrer H\u00e4rte und feinen Textur erhalten sie eine spiegelglatte Klingenoberfl\u00e4che, die nicht nur scharf, sondern auch \u00e4sthetisch ansprechend ist.<\/li>\n<\/ul>\n<\/li>\n\n\n\n<li><strong>Sch\u00e4rfendes Gef\u00fchl<\/strong>:\n<ul class=\"wp-block-list\">\n<li>Nakayama-Steine sind f\u00fcr ihr angenehmes Sch\u00e4rfegef\u00fchl bekannt - sie geben im Vergleich zu anderen Natursteinen einen weichen, \"seidigen\" Kontakt mit der Klinge.<\/li>\n\n\n\n<li>Ihre Oberfl\u00e4che erm\u00f6glicht eine pr\u00e4zise Kontrolle des Schleifvorgangs, was besonders f\u00fcr Profis wichtig ist.<\/li>\n<\/ul>\n<\/li>\n\n\n\n<li><strong>Rupum<\/strong>:\n<ul class=\"wp-block-list\">\n<li>Nakayama Tomae-Steine haben keine Standard-K\u00f6rnung wie synthetische Steine, aber sie werden im Allgemeinen als sehr fein eingestuft, etwa 8000-12000+.<\/li>\n\n\n\n<li>Sie werden h\u00e4ufig nach gr\u00f6\u00dferen Steinen (z. B. 1000-6000er K\u00f6rnung) verwendet, um den Schleifprozess abzuschlie\u00dfen.<\/li>\n<\/ul>\n<\/li>\n<\/ol>\n\n\n\n<h3 class=\"wp-block-heading\">Wartung und Nutzung:<\/h3>\n\n\n\n<ul class=\"wp-block-list\">\n<li><strong>Vorbereitung<\/strong>Die Oberfl\u00e4che des Steins muss vor dem Gebrauch mit Wasser angefeuchtet werden. Der Stein muss beim Sch\u00e4rfen nass sein, damit das Wasser als Schmiermittel wirken kann.<\/li>\n\n\n\n<li><strong>Technologie<\/strong>Das Messer wird w\u00e4hrend des Sch\u00e4rfens in einem Winkel von 15-30\u00b0 gehalten, mit diagonalen Hin- und Herbewegungen auf der Steinoberfl\u00e4che. Nach dem Gebrauch wird der Stein mit einer weichen B\u00fcrste gereinigt und an einem gut bel\u00fcfteten Ort getrocknet.<\/li>\n\n\n\n<li><strong>Warnungen<\/strong>Nicht geeignet zum Sch\u00e4rfen von gezackten Messern oder Scheren. Der Stein ist zerbrechlich und sollte vor St\u00f6\u00dfen oder St\u00fcrzen gesch\u00fctzt werden.<\/li>\n<\/ul>\n\n\n\n<h3 class=\"wp-block-heading\">Marktaspekte:<\/h3>\n\n\n\n<ul class=\"wp-block-list\">\n<li><strong>Seltenheit<\/strong>Die Nakayama-Mine ist geschlossen, daher ist das Angebot an diesen Steinen begrenzt, was sie f\u00fcr Sammler und Fachleute teuer und begehrt macht.<\/li>\n\n\n\n<li><strong>Preis<\/strong>Nakayama Tomae-Steine k\u00f6nnen je nach Gr\u00f6\u00dfe, Qualit\u00e4t und Farbe (gelbe Kiita sind z. B. sehr teuer) zwischen einigen hundert und mehreren tausend Euro kosten.<\/li>\n<\/ul>\n\n\n\n<h3 class=\"wp-block-heading\">Warum ist Nakayama Tomae etwas Besonderes?<\/h3>\n\n\n\n<ul class=\"wp-block-list\">\n<li>Nakayama-Steine, insbesondere Tomae, gelten aufgrund ihrer H\u00e4rte, ihrer feinen Struktur und ihrer einzigartigen mineralischen Eigenschaften als die besten nat\u00fcrlichen Sch\u00e4rfsteine der Welt.<\/li>\n\n\n\n<li>Ihre F\u00e4higkeit, eine sehr scharfe und polierte Schneide zu erzeugen, macht sie unentbehrlich f\u00fcr das traditionelle japanische Sch\u00e4rfen, bei dem sowohl die \u00c4sthetik als auch die Funktionalit\u00e4t wichtig sind.<\/li>\n<\/ul>","protected":false},"excerpt":{"rendered":"<ul>\n<li>Geeignet f\u00fcr die Bearbeitung von Messern, Scheren, Tischler- und anderen Werkzeugen.<\/li>\n<li>Abmessungen: 210x80x33 mm<\/li>\n<li>Gewicht mit St\u00e4nder: 1680 g<\/li>\n<li>H\u00e4rte: Lv 4.8<\/li>\n<li>Die Oberfl\u00e4che ist glatt und arbeitsbereit.<\/li>\n<\/ul>","protected":false},"featured_media":4760,"comment_status":"open","ping_status":"closed","template":"","meta":[],"product_brand":[],"product_cat":[22],"product_tag":[49,67],"class_list":{"0":"post-4416","1":"product","2":"type-product","3":"status-publish","4":"has-post-thumbnail","6":"product_cat-jnats","7":"product_tag-nakayama","8":"product_tag-tomae","9":"product_shipping_class-iprastas","11":"first","12":"outofstock","13":"shipping-taxable","14":"purchasable","15":"product-type-simple"},"_links":{"self":[{"href":"https:\/\/jnats.eu\/de\/wp-json\/wp\/v2\/product\/4416","targetHints":{"allow":["GET"]}}],"collection":[{"href":"https:\/\/jnats.eu\/de\/wp-json\/wp\/v2\/product"}],"about":[{"href":"https:\/\/jnats.eu\/de\/wp-json\/wp\/v2\/types\/product"}],"replies":[{"embeddable":true,"href":"https:\/\/jnats.eu\/de\/wp-json\/wp\/v2\/comments?post=4416"}],"wp:featuredmedia":[{"embeddable":true,"href":"https:\/\/jnats.eu\/de\/wp-json\/wp\/v2\/media\/4760"}],"wp:attachment":[{"href":"https:\/\/jnats.eu\/de\/wp-json\/wp\/v2\/media?parent=4416"}],"wp:term":[{"taxonomy":"product_brand","embeddable":true,"href":"https:\/\/jnats.eu\/de\/wp-json\/wp\/v2\/product_brand?post=4416"},{"taxonomy":"product_cat","embeddable":true,"href":"https:\/\/jnats.eu\/de\/wp-json\/wp\/v2\/product_cat?post=4416"},{"taxonomy":"product_tag","embeddable":true,"href":"https:\/\/jnats.eu\/de\/wp-json\/wp\/v2\/product_tag?post=4416"}],"curies":[{"name":"wp","href":"https:\/\/api.w.org\/{rel}","templated":true}]}}