{"id":4422,"date":"2025-04-17T09:52:42","date_gmt":"2025-04-17T06:52:42","guid":{"rendered":"https:\/\/jnats.eu\/?post_type=product&#038;p=4422"},"modified":"2025-06-16T07:11:07","modified_gmt":"2025-06-16T04:11:07","slug":"nakayama-gosa","status":"publish","type":"product","link":"https:\/\/jnats.eu\/de\/produkt-2\/nakayama-gosa\/","title":{"rendered":"Nakayama Gosa"},"content":{"rendered":"<figure class=\"wp-block-embed is-type-video is-provider-youtube wp-block-embed-youtube wp-embed-aspect-16-9 wp-has-aspect-ratio\"><div class=\"wp-block-embed__wrapper\">\n<div class=\"video-container\"><iframe title=\"Nakayama Tomae, Gosa, Maruka, Ohira gegen C.V. Heljestrand Nr. 133\" width=\"1170\" height=\"658\" src=\"https:\/\/www.youtube.com\/embed\/BxxCe3bcOhE?start=826&#038;feature=oembed\" frameborder=\"0\" allow=\"accelerometer; autoplay; clipboard-write; encrypted-media; gyroscope; picture-in-picture; web-share\" referrerpolicy=\"strict-origin-when-cross-origin\" allowfullscreen><\/iframe><\/div>\n<\/div><\/figure>\n\n\n\n<p>Nakayama Gosa ist ein nat\u00fcrlicher japanischer Abziehstein, der in der ber\u00fchmten Nakayama-Mine in der N\u00e4he von Kyoto, Japan, abgebaut wird. Diese Steine geh\u00f6ren zur Kategorie \"awasedo\", d. h. Finishing-Steine, und werden von Liebhabern des Messer-, Rasiermesser- und Werkzeugsch\u00e4rfens wegen ihrer au\u00dfergew\u00f6hnlichen Eigenschaften sehr gesch\u00e4tzt. Gosa ist jedoch eine besondere Art von Nakayama-Stein, der sich von anderen, wie z. B. Tomae, durch seine mineralische Zusammensetzung und seine Sch\u00e4rfeeigenschaften unterscheidet.<\/p>\n\n\n\n<h3 class=\"wp-block-heading\">Grundlegende Informationen \u00fcber Nakayama Gosa:<\/h3>\n\n\n\n<ol class=\"wp-block-list\">\n<li><strong>Herkunft und Zusammensetzung<\/strong>:\n<ul class=\"wp-block-list\">\n<li>Die Nakayama-Gosa-Steine werden aus der Nakayama-Mine gewonnen, die heute geschlossen ist, was diese Steine selten und kostbar macht.<\/li>\n\n\n\n<li>\"Gosa-Steine haben oft eine r\u00f6tliche, gr\u00e4uliche oder gelbliche F\u00e4rbung, manchmal mit einzigartigen Mustern, die \"Iromono\" genannt werden. Ihre Farbe und Textur h\u00e4ngen von der Zusammensetzung von Mineralien wie Quarz und Ton ab.<\/li>\n\n\n\n<li>Die Gossas sind dem Nakayama Tomae sehr \u00e4hnlich oder auch sehr feink\u00f6rnig, ideal f\u00fcr die Endpolitur.<\/li>\n<\/ul>\n<\/li>\n\n\n\n<li><strong>Verwendung<\/strong>:\n<ul class=\"wp-block-list\">\n<li>Nakayama Gosa-Steine werden als Finishing-Steine verwendet und verleihen der Klinge eine sehr scharfe und spiegelglatte Kante. Sie werden h\u00e4ufig zum Sch\u00e4rfen von japanischen Messern (z. B. Santoku, Gyuto), Rasiermessern oder Holzbearbeitungswerkzeugen verwendet.<\/li>\n\n\n\n<li>Sie eignen sich besonders f\u00fcr diejenigen, die ein ausgewogenes Sch\u00e4rfegef\u00fchl w\u00fcnschen - nicht zu hart, aber effektiv genug, um die Schneide zu formen.<\/li>\n<\/ul>\n<\/li>\n\n\n\n<li><strong>Sch\u00e4rfendes Gef\u00fchl<\/strong>:\n<ul class=\"wp-block-list\">\n<li>Nakayama Gosa Steine sind bekannt f\u00fcr ihr \"cremiges\" oder \"weiches\" Schleifgef\u00fchl, das angenehmer ist als bei vielen harten Steinen.<\/li>\n\n\n\n<li>Sie erm\u00f6glichen eine pr\u00e4zise Kontrolle des Sch\u00e4rfvorgangs und ihre Oberfl\u00e4che passt sich schnell an die Klinge an, so dass ein reibungsloser Kontakt gew\u00e4hrleistet ist.<\/li>\n<\/ul>\n<\/li>\n\n\n\n<li><strong>Rupum<\/strong>:\n<ul class=\"wp-block-list\">\n<li>Obwohl Natursteine nicht dieselbe genaue \"K\u00f6rnung\" haben wie synthetische Steine, liegt die K\u00f6rnung von Nakayama Gosa im Allgemeinen im Bereich von 8000-10.000+, je nach Feinheit des Steins.<\/li>\n\n\n\n<li>Sie werden h\u00e4ufig nach Steinen mit mittlerer K\u00f6rnung (z. B. 4000-6000) verwendet, um den Schleifprozess abzuschlie\u00dfen und eine sehr scharfe Schneide zu erzielen.<\/li>\n<\/ul>\n<\/li>\n<\/ol>\n\n\n\n<h3 class=\"wp-block-heading\">Warum ist Nakayama Gosa etwas Besonderes?<\/h3>\n\n\n\n<p>Nakayama Gosa Steine werden f\u00fcr ihre Ausgewogenheit zwischen Weichheit und Feinheit gesch\u00e4tzt, die ein professionelles Sch\u00e4rfergebnis mit einem angenehmen Prozess erm\u00f6glicht. Ihre Seltenheit und einzigartigen mineralischen Eigenschaften machen sie von Liebhabern der japanischen Sch\u00e4rf-Tradition begehrt.<\/p>","protected":false},"excerpt":{"rendered":"<div class=\"woocommerce-product-details__short-description\">\n<ul>\n<li>Ideal f\u00fcr die Endbearbeitung von Rasiermessern, Messern, Scheren, Tischler- und anderen Werkzeugen.<\/li>\n<li>Abmessungen: 208x76x27 mm<\/li>\n<li>Gewicht: 1120 g<\/li>\n<li>H\u00e4rte: Lv 5<\/li>\n<li>Die Oberfl\u00e4che ist glatt und arbeitsbereit.<\/li>\n<\/ul>\n<\/div>","protected":false},"featured_media":4762,"comment_status":"open","ping_status":"closed","template":"","meta":[],"product_brand":[],"product_cat":[22],"product_tag":[335,49],"class_list":{"0":"post-4422","1":"product","2":"type-product","3":"status-publish","4":"has-post-thumbnail","6":"product_cat-jnats","7":"product_tag-gosa","8":"product_tag-nakayama","9":"product_shipping_class-iprastas","11":"first","12":"instock","13":"shipping-taxable","14":"purchasable","15":"product-type-simple"},"_links":{"self":[{"href":"https:\/\/jnats.eu\/de\/wp-json\/wp\/v2\/product\/4422","targetHints":{"allow":["GET"]}}],"collection":[{"href":"https:\/\/jnats.eu\/de\/wp-json\/wp\/v2\/product"}],"about":[{"href":"https:\/\/jnats.eu\/de\/wp-json\/wp\/v2\/types\/product"}],"replies":[{"embeddable":true,"href":"https:\/\/jnats.eu\/de\/wp-json\/wp\/v2\/comments?post=4422"}],"wp:featuredmedia":[{"embeddable":true,"href":"https:\/\/jnats.eu\/de\/wp-json\/wp\/v2\/media\/4762"}],"wp:attachment":[{"href":"https:\/\/jnats.eu\/de\/wp-json\/wp\/v2\/media?parent=4422"}],"wp:term":[{"taxonomy":"product_brand","embeddable":true,"href":"https:\/\/jnats.eu\/de\/wp-json\/wp\/v2\/product_brand?post=4422"},{"taxonomy":"product_cat","embeddable":true,"href":"https:\/\/jnats.eu\/de\/wp-json\/wp\/v2\/product_cat?post=4422"},{"taxonomy":"product_tag","embeddable":true,"href":"https:\/\/jnats.eu\/de\/wp-json\/wp\/v2\/product_tag?post=4422"}],"curies":[{"name":"wp","href":"https:\/\/api.w.org\/{rel}","templated":true}]}}