{"id":4428,"date":"2025-04-25T10:10:17","date_gmt":"2025-04-25T07:10:17","guid":{"rendered":"https:\/\/jnats.eu\/?post_type=product&#038;p=4428"},"modified":"2025-06-06T23:21:16","modified_gmt":"2025-06-06T20:21:16","slug":"nakayama-maruka","status":"publish","type":"product","link":"https:\/\/jnats.eu\/de\/produkt-2\/nakayama-maruka\/","title":{"rendered":"Nakayama Maruka Lv 5"},"content":{"rendered":"<figure class=\"wp-block-embed is-type-video is-provider-youtube wp-block-embed-youtube wp-embed-aspect-16-9 wp-has-aspect-ratio\"><div class=\"wp-block-embed__wrapper\">\n<div class=\"video-container\"><iframe title=\"\u00dcbersicht \u00fcber japanische Natursch\u00e4rfsteine: Nakayama Maruka, Nishiyama Suita, Shobudani Kiita\" width=\"1170\" height=\"658\" src=\"https:\/\/www.youtube.com\/embed\/OiljG67gTz8?start=645&#038;feature=oembed\" frameborder=\"0\" allow=\"accelerometer; autoplay; clipboard-write; encrypted-media; gyroscope; picture-in-picture; web-share\" referrerpolicy=\"strict-origin-when-cross-origin\" allowfullscreen><\/iframe><\/div>\n<\/div><\/figure>\n\n\n\n<p>Nakayama Maruka sind nat\u00fcrliche japanische Sch\u00e4rfsteine, die aus der Nakayama-Mine in der N\u00e4he von Kyoto, Japan, stammen und unter der Marke Maruka vertrieben werden. Diese Steine geh\u00f6ren zur Kategorie \"awasedo\" (Finishing-Steine) und werden f\u00fcr ihre Qualit\u00e4t und Sch\u00e4rfeeigenschaften sehr gesch\u00e4tzt. <\/p>\n\n\n\n<h3 class=\"wp-block-heading\">Wesentliche Merkmale:<\/h3>\n\n\n\n<ol class=\"wp-block-list\">\n<li><strong>Herkunft und das Zeichen Maruca<\/strong>:\n<ul class=\"wp-block-list\">\n<li>Die Nakayama-Maruka-Steine werden mit Kato Mutsuyama in Verbindung gebracht, der Eigent\u00fcmer der Maruka-Marke mit dem Buchstaben \"ka\" und dem Seihonzan (\u32d5\u6b63\u672c\u5c71)-Siegel war. Dieses Siegel ist zu einem Symbol f\u00fcr die Qualit\u00e4t der Nakayama-Steine geworden.<\/li>\n\n\n\n<li>Nicht alle Nakayama-Steine tragen das \"Maruka\"-Siegel. So hatten Steine, die unregelm\u00e4\u00dfig gro\u00df, gro\u00df oder rau waren, oft keinen Stempel. Sp\u00e4ter, w\u00e4hrend der Verarbeitung, wurden einige Steine mit dem Maruka-Stempel versehen, auch wenn sie ihn urspr\u00fcnglich nicht hatten.<\/li>\n\n\n\n<li>Steine, die vor der Maruka-Pr\u00e4gung (vor 1952) verkauft wurden, tragen diesen Stempel ebenfalls nicht. Wenn der Stein jedoch aus der Kato-Mutsuyama-Mine stammt, gilt er als authentischer Nakayama-Stein, mit oder ohne \"Maruka\"-Stempel.<a href=\"https:\/\/jnats.eu\/it\/prodotto-2\/nakayama-maruka-8-sluoksniu-japoniskas-naturalus-akmuo-galandimui\/\" target=\"_blank\" rel=\"noreferrer noopener\"><\/a><a href=\"https:\/\/jnats.eu\/en\/product-2\/nakayama-maruka-8-layer-japanese-natural-stone-for-sharpening\/\" target=\"_blank\" rel=\"noreferrer noopener\"><\/a><\/li>\n<\/ul>\n<\/li>\n\n\n\n<li><strong>Mineralische Zusammensetzung und Aussehen<\/strong>:\n<ul class=\"wp-block-list\">\n<li>Nakayama Maruka-Steine haben oft eine mehrlagige Struktur (z. B. 8 Lagen, wie bei Nakayama Maruka 8 Ply), die ihnen einzigartige Sch\u00e4rfeeigenschaften verleiht.<\/li>\n\n\n\n<li>Die Farben k\u00f6nnen gelb, rosa, grau oder sogar \"Iromono\" (farbige Muster) sein. Beliebte Sorten sind \"Hondomae\", \"Shikitomae\" oder \"Kiita\" (gelbliche Steine).<\/li>\n\n\n\n<li>Die Steine sind feink\u00f6rnig, sehr hart, haben aber ein angenehmes Sch\u00e4rfegef\u00fchl, das als \"seidig\" oder \"cremig\" beschrieben wird.<\/li>\n<\/ul>\n<\/li>\n\n\n\n<li><strong>Verwendung<\/strong>:\n<ul class=\"wp-block-list\">\n<li>Nakayama Maruka-Steine werden f\u00fcr den letzten Schliff von Messern, Rasiermessern und Holzbearbeitungswerkzeugen verwendet, um eine Spiegelkante zu erzielen.<\/li>\n\n\n\n<li>Ihre Feinheit entspricht der von synthetischen Steinen der K\u00f6rnung 8000-12000+, so dass sie sich ideal zum Polieren nach gr\u00f6\u00dferen Steinen (z.B. 4000-6000er K\u00f6rnung) eignen.<\/li>\n\n\n\n<li>Aufgrund ihrer Struktur erzeugen sie einen leichten Schleifschlamm, der zu einem effizienten Sch\u00e4rfen beitr\u00e4gt.<\/li>\n<\/ul>\n<\/li>\n\n\n\n<li><strong>Sch\u00e4rfendes Gef\u00fchl<\/strong>:\n<ul class=\"wp-block-list\">\n<li>Nakayama Maruka-Steine sind bekannt f\u00fcr ihr \u00e4u\u00dferst angenehmes Sch\u00e4rfegef\u00fchl, das sanfter und schneller ist als bei vielen anderen Natursteinen.<\/li>\n\n\n\n<li>Ihre Oberfl\u00e4che erm\u00f6glicht eine pr\u00e4zise Kontrolle des Schleifvorgangs, was besonders f\u00fcr Profis wichtig ist.<\/li>\n<\/ul>\n<\/li>\n<\/ol>\n\n\n\n<h3 class=\"wp-block-heading\">Marktaspekte:<\/h3>\n\n\n\n<ul class=\"wp-block-list\">\n<li><strong>Seltenheit<\/strong>Die Nakayama-Mine ist geschlossen, daher sind Maruka-Steine sehr selten. Ihr Angebot auf dem Markt nimmt ab, was die Preise in die H\u00f6he treibt.<\/li>\n\n\n\n<li><strong>Authentizit\u00e4t<\/strong>A: Aufgrund der Seltenheit und Beliebtheit der Marke Maruka gibt es F\u00e4lschungen auf dem Markt. \"Der Seihonzan-Stempel ist keine Qualit\u00e4tsgarantie, daher muss man den Stein nach seinem Aussehen, seiner Beschaffenheit und seinem Ruf als zuverl\u00e4ssiger Lieferant beurteilen. Es wird empfohlen, in Fachgesch\u00e4ften zu kaufen.<a href=\"https:\/\/jnats.eu\/it\/prodotto-2\/nakayama-maruka-8-sluoksniu-japoniskas-naturalus-akmuo-galandimui\/\" target=\"_blank\" rel=\"noreferrer noopener\"><\/a><a href=\"https:\/\/jnats.eu\/en\/product-2\/nakayama-maruka-8-layer-japanese-natural-stone-for-sharpening\/\" target=\"_blank\" rel=\"noreferrer noopener\"><\/a><\/li>\n\n\n\n<li><strong>Geschichte<\/strong>Nach dem Zweiten Weltkrieg wurde der Handel mit Nakayama-Steinen von mehreren Kyotoer H\u00e4ndlern kontrolliert, darunter Hatanaka Whetstone. Im Jahr 1952 lie\u00df Hatanaka die Marke \"Junshin Honzan\" eintragen und erwarb nach 1980 die Rechte an der Nakayama-Mine und die Marke \"Maruka\". Allerdings wurden die Steine auch \u00fcber andere Kan\u00e4le vertrieben, so dass nicht alle den Maruka-Stempel tragen.<a href=\"https:\/\/jnats.eu\/it\/prodotto-2\/nakayama-maruka-8-sluoksniu-japoniskas-naturalus-akmuo-galandimui\/\" target=\"_blank\" rel=\"noreferrer noopener\"><\/a><a href=\"https:\/\/jnats.eu\/ru\/%25D0%25BF%25D1%2580%25D0%25BE%25D0%25B4%25D1%2583%25D0%25BA%25D1%2582\/nakayama-maruka-8-sluoksniu-japoniskas-naturalus-akmuo-galandimui\/\" target=\"_blank\" rel=\"noreferrer noopener\"><\/a><\/li>\n<\/ul>\n\n\n\n<h3 class=\"wp-block-heading\">Warum ist Nakayama Maruka etwas Besonderes?<\/h3>\n\n\n\n<ul class=\"wp-block-list\">\n<li><strong>Qualit\u00e4t<\/strong>A: Die Maruka-Steine von Nakayama gelten aufgrund ihrer Feinheit, H\u00e4rte und ihres einzigartigen Sch\u00e4rfverhaltens als die besten nat\u00fcrlichen Sch\u00e4rfsteine der Welt.<\/li>\n\n\n\n<li><strong>Vielfalt<\/strong>Jeder Stein ist einzigartig, mit unterschiedlichen Mustern und Eigenschaften, die ihn f\u00fcr Sammler und Fachleute gleicherma\u00dfen begehrenswert machen.<\/li>\n\n\n\n<li><strong>Tradition<\/strong>Die Marke Maruka ist ein Symbol der japanischen Sch\u00e4rfkultur und wird mit Steinen h\u00f6chster Qualit\u00e4t assoziiert.<\/li>\n<\/ul>","protected":false},"excerpt":{"rendered":"<div class=\"woocommerce-product-details__short-description\">\n<ul>\n<li>Geeignet f\u00fcr die Endbearbeitung von Rasiermessern, Messern, Scheren, Tischlerei- und anderen Werkzeugen.<\/li>\n<li>Abmessungen: 198x68x22 mm<\/li>\n<li>Gewicht: 660 g<\/li>\n<li>H\u00e4rte: Lv 5<\/li>\n<li>Ein schneller Stein f\u00fcr die Endbearbeitung von Rasiermessern. Maruka-Marke erhalten, aber verwischt. Dies ist wirklich ein Stein der Spitzenklasse. \u00dcberzeugen Sie sich selbst in dem Video unten.<\/li>\n<\/ul>\n<\/div>","protected":false},"featured_media":4483,"comment_status":"open","ping_status":"closed","template":"","meta":[],"product_brand":[],"product_cat":[22],"product_tag":[58,49],"class_list":{"0":"post-4428","1":"product","2":"type-product","3":"status-publish","4":"has-post-thumbnail","6":"product_cat-jnats","7":"product_tag-maruka","8":"product_tag-nakayama","9":"product_shipping_class-iprastas","11":"first","12":"outofstock","13":"shipping-taxable","14":"purchasable","15":"product-type-simple"},"_links":{"self":[{"href":"https:\/\/jnats.eu\/de\/wp-json\/wp\/v2\/product\/4428","targetHints":{"allow":["GET"]}}],"collection":[{"href":"https:\/\/jnats.eu\/de\/wp-json\/wp\/v2\/product"}],"about":[{"href":"https:\/\/jnats.eu\/de\/wp-json\/wp\/v2\/types\/product"}],"replies":[{"embeddable":true,"href":"https:\/\/jnats.eu\/de\/wp-json\/wp\/v2\/comments?post=4428"}],"wp:featuredmedia":[{"embeddable":true,"href":"https:\/\/jnats.eu\/de\/wp-json\/wp\/v2\/media\/4483"}],"wp:attachment":[{"href":"https:\/\/jnats.eu\/de\/wp-json\/wp\/v2\/media?parent=4428"}],"wp:term":[{"taxonomy":"product_brand","embeddable":true,"href":"https:\/\/jnats.eu\/de\/wp-json\/wp\/v2\/product_brand?post=4428"},{"taxonomy":"product_cat","embeddable":true,"href":"https:\/\/jnats.eu\/de\/wp-json\/wp\/v2\/product_cat?post=4428"},{"taxonomy":"product_tag","embeddable":true,"href":"https:\/\/jnats.eu\/de\/wp-json\/wp\/v2\/product_tag?post=4428"}],"curies":[{"name":"wp","href":"https:\/\/api.w.org\/{rel}","templated":true}]}}