{"id":4436,"date":"2025-04-17T10:08:55","date_gmt":"2025-04-17T07:08:55","guid":{"rendered":"https:\/\/jnats.eu\/?post_type=product&#038;p=4436"},"modified":"2025-06-13T12:43:54","modified_gmt":"2025-06-13T09:43:54","slug":"ohira-tomae","status":"publish","type":"product","link":"https:\/\/jnats.eu\/de\/produkt-2\/ohira-tomae\/","title":{"rendered":"Ohira Tomae"},"content":{"rendered":"<figure class=\"wp-block-embed is-type-video is-provider-youtube wp-block-embed-youtube wp-embed-aspect-16-9 wp-has-aspect-ratio\"><div class=\"wp-block-embed__wrapper\">\n<div class=\"video-container\"><iframe title=\"Nakayama Tomae, Gosa, Maruka, Ohira gegen C.V. Heljestrand Nr. 133\" width=\"1170\" height=\"658\" src=\"https:\/\/www.youtube.com\/embed\/BxxCe3bcOhE?start=276&#038;feature=oembed\" frameborder=\"0\" allow=\"accelerometer; autoplay; clipboard-write; encrypted-media; gyroscope; picture-in-picture; web-share\" referrerpolicy=\"strict-origin-when-cross-origin\" allowfullscreen><\/iframe><\/div>\n<\/div><\/figure>\n\n\n\n<p>Ohira Tomae ist eine der ber\u00fchmtesten und wertvollsten Arten von nat\u00fcrlichen japanischen Schleifsteinen vom Berg Ohira (\u5927\u5e73\u5c71) in Kyoto. <\/p>\n\n\n\n<h3 class=\"wp-block-heading\"><strong>Allgemeine Merkmale<\/strong><\/h3>\n\n\n\n<ul class=\"wp-block-list\">\n<li><strong>Art:<\/strong> Nat\u00fcrlicher Feinstein.<\/li>\n\n\n\n<li><strong>Rauheit:<\/strong> Hoch - wird oft als sehr nahe an oder sogar \u00fcber der synthetischen Korngr\u00f6\u00dfe 8000+ angesehen, obwohl Natursteine keine standardisierte Korngr\u00f6\u00dfe haben.<\/li>\n\n\n\n<li><strong>Verwendung:<\/strong> Wird f\u00fcr das Endpolieren von Klingen (Messer, Mei\u00dfel, Schwerter usw.) verwendet. Besonders gesch\u00e4tzt wegen seiner F\u00e4higkeit, eine spiegel\u00e4hnliche Oberfl\u00e4che zu erzeugen und den \"Kasumi\"-Effekt (Matt-\/Spiegelkontrast) hervorzuheben.<\/li>\n\n\n\n<li><strong>F\u00fchlen:<\/strong> Meistens ein weiches, \"butterartiges\" Gef\u00fchl beim Schleifen.<\/li>\n<\/ul>\n\n\n\n<h3 class=\"wp-block-heading\"><strong>Klassifizierung von Tomae<\/strong><\/h3>\n\n\n\n<ul class=\"wp-block-list\">\n<li>\"Tomae\" (\u6238\u524d) bezieht sich auf eine bestimmte Schicht oder Art von Stein in einigen Bergen, einschlie\u00dflich Ohira gefunden. Es ist eine der wichtigsten Kategorien von nat\u00fcrlichen Sch\u00e4rfsteinen, zusammen mit Asagi, Kiita, Shiro Suita usw.<\/li>\n\n\n\n<li>Tomae-Steine vom Berg Ohira werden gew\u00f6hnlich als <strong>hohe Qualit\u00e4t<\/strong>Oft sind sie sowohl f\u00fcr Werkzeuge als auch f\u00fcr kleinere Arbeiten geeignet.<\/li>\n<\/ul>\n\n\n\n<h3 class=\"wp-block-heading\"><strong>Personalisierung<\/strong><\/h3>\n\n\n\n<ul class=\"wp-block-list\">\n<li>Handwerker, die mit traditionellen japanischen Werkzeugen oder Messern arbeiten, sch\u00e4tzen Ohira Tomae f\u00fcr seine Weichheit, Sch\u00e4rfe, Kontrolle und Oberfl\u00e4chenqualit\u00e4t.<\/li>\n\n\n\n<li>Besonders beliebt bei denjenigen, die eine \"Kasumi\"-Oberfl\u00e4che suchen - ein Kontrast zwischen poliertem und mattem Metall.<\/li>\n<\/ul>","protected":false},"excerpt":{"rendered":"<div class=\"woocommerce-product-details__short-description\">\n<ul>\n<li>Geeignet f\u00fcr die Endbearbeitung von Messern, Scheren, Tischler- und anderen Werkzeugen. Prefinish f\u00fcr Rasiermesser.<\/li>\n<li>Abmessungen: 205x75x30 mm<\/li>\n<li>Gewicht: 1190 g<\/li>\n<li>H\u00e4rte: Lv 4<\/li>\n<li>Die Oberfl\u00e4che ist glatt und arbeitsbereit.<\/li>\n<\/ul>\n<\/div>","protected":false},"featured_media":4761,"comment_status":"open","ping_status":"closed","template":"","meta":[],"product_brand":[],"product_cat":[22],"product_tag":[47,67],"class_list":{"0":"post-4436","1":"product","2":"type-product","3":"status-publish","4":"has-post-thumbnail","6":"product_cat-jnats","7":"product_tag-ohira","8":"product_tag-tomae","9":"product_shipping_class-iprastas","11":"first","12":"instock","13":"shipping-taxable","14":"purchasable","15":"product-type-simple"},"_links":{"self":[{"href":"https:\/\/jnats.eu\/de\/wp-json\/wp\/v2\/product\/4436","targetHints":{"allow":["GET"]}}],"collection":[{"href":"https:\/\/jnats.eu\/de\/wp-json\/wp\/v2\/product"}],"about":[{"href":"https:\/\/jnats.eu\/de\/wp-json\/wp\/v2\/types\/product"}],"replies":[{"embeddable":true,"href":"https:\/\/jnats.eu\/de\/wp-json\/wp\/v2\/comments?post=4436"}],"wp:featuredmedia":[{"embeddable":true,"href":"https:\/\/jnats.eu\/de\/wp-json\/wp\/v2\/media\/4761"}],"wp:attachment":[{"href":"https:\/\/jnats.eu\/de\/wp-json\/wp\/v2\/media?parent=4436"}],"wp:term":[{"taxonomy":"product_brand","embeddable":true,"href":"https:\/\/jnats.eu\/de\/wp-json\/wp\/v2\/product_brand?post=4436"},{"taxonomy":"product_cat","embeddable":true,"href":"https:\/\/jnats.eu\/de\/wp-json\/wp\/v2\/product_cat?post=4436"},{"taxonomy":"product_tag","embeddable":true,"href":"https:\/\/jnats.eu\/de\/wp-json\/wp\/v2\/product_tag?post=4436"}],"curies":[{"name":"wp","href":"https:\/\/api.w.org\/{rel}","templated":true}]}}