{"id":4509,"date":"2025-04-30T14:47:15","date_gmt":"2025-04-30T11:47:15","guid":{"rendered":"https:\/\/jnats.eu\/?post_type=product&#038;p=4509"},"modified":"2026-02-12T09:28:34","modified_gmt":"2026-02-12T07:28:34","slug":"nakayama-kiita-lv-4","status":"publish","type":"product","link":"https:\/\/jnats.eu\/de\/produkt-2\/nakayama-kiita-lv-4\/","title":{"rendered":"Nakayama Kiita Lv 4"},"content":{"rendered":"<figure class=\"wp-block-embed is-type-video is-provider-youtube wp-block-embed-youtube wp-embed-aspect-16-9 wp-has-aspect-ratio\"><div class=\"wp-block-embed__wrapper\">\n<div class=\"video-container\"><iframe title=\"Sch\u00e4rfen des Puma-Rasiermessers: Aizu, Aiwatani, Nakayama Kiita, Nashiji, Karasu\" width=\"1170\" height=\"658\" src=\"https:\/\/www.youtube.com\/embed\/fu4WmCwVvQU?start=416&#038;feature=oembed\" frameborder=\"0\" allow=\"accelerometer; autoplay; clipboard-write; encrypted-media; gyroscope; picture-in-picture; web-share\" referrerpolicy=\"strict-origin-when-cross-origin\" allowfullscreen><\/iframe><\/div>\n<\/div><\/figure>\n\n\n\n<p>Nakayama Kiita Lv 4 ist ein hochwertiger japanischer Natursch\u00e4rfstein (Toishi) f\u00fcr Messer, Rasiermesser und Werkzeuge. <\/p>\n\n\n\n<ul class=\"wp-block-list\">\n<li><strong>Herkunft und Qualit\u00e4t<\/strong>Dies ist ein Stein aus der Nakayama-Mine, der f\u00fcr seine au\u00dfergew\u00f6hnliche Qualit\u00e4t und seine seltene gelbe (kiita) Farbe bekannt ist, die in Japan sehr gesch\u00e4tzt wird. Aufgrund seiner Seltenheit und \u00c4sthetik wird er als Sammlerstein eingestuft.<a href=\"https:\/\/www.japanesenaturalstones.com\/nakayama-kiita-lv-4-5-a1225\/\" target=\"_blank\" rel=\"noreferrer noopener\"><\/a><a href=\"https:\/\/www.japanesenaturalstones.com\/nakayama-kiita-lv-4-a1845\/\" target=\"_blank\" rel=\"noreferrer noopener\"><\/a><\/li>\n\n\n\n<li><strong>H\u00e4rte und Feinheit<\/strong>H\u00e4rtegrad: Lv 4, aber die Feinheit liegt bei 8000 Grit, so dass der Stein fein genug f\u00fcr den letzten Schliff ist. Es ist weder zu hart noch zu weich, so dass es einfach zu bedienen, vor allem f\u00fcr Anf\u00e4nger.<a href=\"https:\/\/www.japanesenaturalstones.com\/nakayama-kiita-lv-4-a1845\/\" target=\"_blank\" rel=\"noreferrer noopener\"><\/a><\/li>\n\n\n\n<li><strong>Verwendung<\/strong>Ideal zum Sch\u00e4rfen von kleinen Werkzeugen oder kleinen Messern. Kann mit einem Nagura-Stein verwendet werden, um die Sch\u00e4rfergebnisse zu verbessern. F\u00fcr Rasiermesser (Kamisori und Western) - Vorschliff.<\/li>\n\n\n\n<li><strong>Fertigstellung<\/strong>: Bietet eine halbspiegelnde Oberfl\u00e4che, die \u00e4sthetisch und funktionell ist und eine sehr scharfe Klinge gew\u00e4hrleistet.<a href=\"https:\/\/www.japanesenaturalstones.com\/nakayama-kiita-lv-4-5-a1225\/\" target=\"_blank\" rel=\"noreferrer noopener\"><\/a><a href=\"https:\/\/www.japanesenaturalstones.com\/nakayama-kiita-lv-4-a1845\/\" target=\"_blank\" rel=\"noreferrer noopener\"><\/a><\/li>\n\n\n\n<li><strong>Erscheinungsbild<\/strong>Eine Kombination aus grau und gelb, ohne giftige Linien oder Einschl\u00fcsse, f\u00fcr einen sauberen und glatten Schliff. <\/li>\n\n\n\n<li><strong>Besondere Merkmale<\/strong>A: Der Stein ist einfach zu benutzen, erm\u00f6glicht einen schnellen Metallabtrag und das Sch\u00e4rfgef\u00fchl ist extrem sanft und angenehm.<a href=\"https:\/\/www.japanesenaturalstones.com\/nakayama-kiita-lv-4-5-a1225\/\" target=\"_blank\" rel=\"noreferrer noopener\"><\/a><a href=\"https:\/\/www.japanesenaturalstones.com\/nakayama-sunashi-suita-kiita-lv-4-a787\/\" target=\"_blank\" rel=\"noreferrer noopener\"><\/a><\/li>\n<\/ul>\n\n\n\n<p>Der Stein ist selten und wird sowohl wegen seiner praktischen Sch\u00e4rfeeigenschaften als auch wegen seiner Sch\u00f6nheit gesch\u00e4tzt und gilt oft als Sammlerst\u00fcck. <\/p>","protected":false},"excerpt":{"rendered":"<ul>\n<li>Geeignet f\u00fcr die Endbearbeitung von Messern, Scheren, Tischler- und anderen Werkzeugen. Prefinish f\u00fcr Rasiermesser.<\/li>\n<li>Abmessungen: 205x75x36 mm<\/li>\n<li>Gewicht mit St\u00e4nder: 1280 g<\/li>\n<li>H\u00e4rte: Lv 4<\/li>\n<li>Ein schneller, hochwertiger Stein f\u00fcr die Fertigstellung. Maruka-Marke erhalten, aber verschwommen.<\/li>\n<\/ul>","protected":false},"featured_media":4517,"comment_status":"open","ping_status":"closed","template":"","meta":[],"product_brand":[],"product_cat":[22],"product_tag":[141,336,49],"class_list":{"0":"post-4509","1":"product","2":"type-product","3":"status-publish","4":"has-post-thumbnail","6":"product_cat-jnats","7":"product_tag-kiita","8":"product_tag-lv-4","9":"product_tag-nakayama","10":"product_shipping_class-iprastas","12":"first","13":"outofstock","14":"shipping-taxable","15":"purchasable","16":"product-type-simple"},"_links":{"self":[{"href":"https:\/\/jnats.eu\/de\/wp-json\/wp\/v2\/product\/4509","targetHints":{"allow":["GET"]}}],"collection":[{"href":"https:\/\/jnats.eu\/de\/wp-json\/wp\/v2\/product"}],"about":[{"href":"https:\/\/jnats.eu\/de\/wp-json\/wp\/v2\/types\/product"}],"replies":[{"embeddable":true,"href":"https:\/\/jnats.eu\/de\/wp-json\/wp\/v2\/comments?post=4509"}],"wp:featuredmedia":[{"embeddable":true,"href":"https:\/\/jnats.eu\/de\/wp-json\/wp\/v2\/media\/4517"}],"wp:attachment":[{"href":"https:\/\/jnats.eu\/de\/wp-json\/wp\/v2\/media?parent=4509"}],"wp:term":[{"taxonomy":"product_brand","embeddable":true,"href":"https:\/\/jnats.eu\/de\/wp-json\/wp\/v2\/product_brand?post=4509"},{"taxonomy":"product_cat","embeddable":true,"href":"https:\/\/jnats.eu\/de\/wp-json\/wp\/v2\/product_cat?post=4509"},{"taxonomy":"product_tag","embeddable":true,"href":"https:\/\/jnats.eu\/de\/wp-json\/wp\/v2\/product_tag?post=4509"}],"curies":[{"name":"wp","href":"https:\/\/api.w.org\/{rel}","templated":true}]}}