{"id":4523,"date":"2025-04-30T14:52:53","date_gmt":"2025-04-30T11:52:53","guid":{"rendered":"https:\/\/jnats.eu\/?post_type=product&#038;p=4523"},"modified":"2025-06-22T11:59:20","modified_gmt":"2025-06-22T08:59:20","slug":"nakayama-karasu-lv-5","status":"publish","type":"product","link":"https:\/\/jnats.eu\/de\/produkt-2\/nakayama-karasu-lv-5\/","title":{"rendered":"Nakayama Karasu Lv 5"},"content":{"rendered":"<figure class=\"wp-block-embed is-type-video is-provider-youtube wp-block-embed-youtube wp-embed-aspect-16-9 wp-has-aspect-ratio\"><div class=\"wp-block-embed__wrapper\">\n<div class=\"video-container\"><iframe title=\"Sch\u00e4rfen des Puma-Rasiermessers: Aizu, Aiwatani, Nakayama Kiita, Nashiji, Karasu\" width=\"1170\" height=\"658\" src=\"https:\/\/www.youtube.com\/embed\/fu4WmCwVvQU?start=963&#038;feature=oembed\" frameborder=\"0\" allow=\"accelerometer; autoplay; clipboard-write; encrypted-media; gyroscope; picture-in-picture; web-share\" referrerpolicy=\"strict-origin-when-cross-origin\" allowfullscreen><\/iframe><\/div>\n<\/div><\/figure>\n\n\n\n<p>Nakayama Karasu Lv 5 ist ein hochwertiger japanischer Natursch\u00e4rfstein (Toishi), der wegen seiner Seltenheit, \u00c4sthetik und au\u00dfergew\u00f6hnlichen Sch\u00e4rfeeigenschaften sehr gesch\u00e4tzt wird. Hier ist eine Beschreibung auf der Grundlage der verf\u00fcgbaren Informationen:<\/p>\n\n\n\n<ul class=\"wp-block-list\">\n<li><strong>Herkunft und Qualit\u00e4t<\/strong>Ein Stein aus der Nakayama-Mine, die f\u00fcr die Herstellung einiger der besten Sch\u00e4rfsteine der Welt bekannt ist. Der Name Karasu (\"Kr\u00e4he\") kommt von seinem einzigartigen Muster aus schwarzen oder dunklen Flecken auf einem grauen oder blauen (mizu asagi) Grund, das an das Gefieder einer Kr\u00e4he erinnert. Es handelt sich um einen Stein der Sammlerqualit\u00e4t, der extrem selten ist und von Sammlern sehr gesch\u00e4tzt wird.<a href=\"https:\/\/www.japanesenaturalstones.com\/nakayama-san-karasu-lv-5-a265\/\" target=\"_blank\" rel=\"noreferrer noopener\"><\/a><a href=\"https:\/\/japanese-whetstones.com\/products\/nakayama-karasu-lv-5\" target=\"_blank\" rel=\"noreferrer noopener\"><\/a><\/li>\n\n\n\n<li><strong>H\u00e4rte und Feinheit<\/strong>H\u00e4rtegrad Lv 5 (hart), Feinheit von 1500Grit, das macht den Stein superfein, ideal f\u00fcr die endg\u00fcltige Sch\u00e4rfung. Die oberfl\u00e4che ist sehr glatt, ohne giftige linien oder einschl\u00fcsse, so dass eine saubere und pr\u00e4zise sch\u00e4rfen.<a href=\"https:\/\/www.japanesenaturalstones.com\/nakayama-karasu-lv-5-a1603\/\" target=\"_blank\" rel=\"noreferrer noopener\"><\/a><a href=\"https:\/\/zenrazorjapan.com\/products\/nakayama-asagi-karasu-hardness-5-fineness-5\" target=\"_blank\" rel=\"noreferrer noopener\"><\/a><\/li>\n\n\n\n<li><strong>Verwendung<\/strong>Der Hauptzweck ist das endg\u00fcltige Sch\u00e4rfen von Rasiermessern (Kamisori und Western), kleinen Werkzeugen (z. B. Mei\u00dfel) oder Messern. Geeignet f\u00fcr die Erzielung extrem scharfer Kanten, die eine glatte, fast spiegelnde Oberfl\u00e4che ergeben. Empfohlen f\u00fcr den Einsatz mit einem Nagura Stein, vor allem f\u00fcr westliche Rasiermesser, um optimale Ergebnisse schneller zu erreichen.<a href=\"https:\/\/www.japanesenaturalstones.com\/nakayama-san-karasu-lv-5-a265\/\" target=\"_blank\" rel=\"noreferrer noopener\"><\/a><a href=\"https:\/\/www.japanesenaturalstones.com\/nakayama-maruichi-kamisori-karasu-lv-5-a1743\/\" target=\"_blank\" rel=\"noreferrer noopener\"><\/a><\/li>\n\n\n\n<li><strong>Fertigstellung<\/strong>Erzeugt eine hochglanzpolierte, scharfe und glatte Kante f\u00fcr die Pr\u00e4zisionsrasur oder Werkzeugherstellung. Der Stein ist ziemlich abrasiv auf Metall.<a href=\"https:\/\/www.japanesenaturalstones.com\/nakayama-maruichi-karasu-suita-lv-4-5-a1636\/\" target=\"_blank\" rel=\"noreferrer noopener\"><\/a><\/li>\n\n\n\n<li><strong>Erscheinungsbild<\/strong>Charakteristisch f\u00fcr diesen Stein ist seine sch\u00f6ne graue oder bl\u00e4ulich-graue (mizu asagi) Basis mit hellen schwarzen Karasu-Flecken, die sich durch die Steinschichten ziehen. Der Stein ist frei von Fehlern wie Rissen oder giftigen Linien und ist \u00e4sthetisch ansprechend. <\/li>\n<\/ul>","protected":false},"excerpt":{"rendered":"<ul>\n<li>Geeignet f\u00fcr die Endbearbeitung von Rasiermessern, Messern, Scheren, Tischlerei- und anderen Werkzeugen.<\/li>\n<li>Abmessungen: 209x72x22 mm<\/li>\n<li>Gewicht mit St\u00e4nder: 1170 g<\/li>\n<li>H\u00e4rte: Lv 5<\/li>\n<li>Ein schneller Stein f\u00fcr die Endbearbeitung von Rasiermessern.  Dies ist ein wirklich hochwertiger Stein. \u00dcberzeugen Sie sich selbst in dem Video unten.<\/li>\n<\/ul>","protected":false},"featured_media":4527,"comment_status":"open","ping_status":"closed","template":"","meta":[],"product_brand":[],"product_cat":[22],"product_tag":[57,337,49],"class_list":{"0":"post-4523","1":"product","2":"type-product","3":"status-publish","4":"has-post-thumbnail","6":"product_cat-jnats","7":"product_tag-karasu","8":"product_tag-lv-5","9":"product_tag-nakayama","10":"product_shipping_class-iprastas","12":"first","13":"outofstock","14":"shipping-taxable","15":"purchasable","16":"product-type-simple"},"_links":{"self":[{"href":"https:\/\/jnats.eu\/de\/wp-json\/wp\/v2\/product\/4523","targetHints":{"allow":["GET"]}}],"collection":[{"href":"https:\/\/jnats.eu\/de\/wp-json\/wp\/v2\/product"}],"about":[{"href":"https:\/\/jnats.eu\/de\/wp-json\/wp\/v2\/types\/product"}],"replies":[{"embeddable":true,"href":"https:\/\/jnats.eu\/de\/wp-json\/wp\/v2\/comments?post=4523"}],"wp:featuredmedia":[{"embeddable":true,"href":"https:\/\/jnats.eu\/de\/wp-json\/wp\/v2\/media\/4527"}],"wp:attachment":[{"href":"https:\/\/jnats.eu\/de\/wp-json\/wp\/v2\/media?parent=4523"}],"wp:term":[{"taxonomy":"product_brand","embeddable":true,"href":"https:\/\/jnats.eu\/de\/wp-json\/wp\/v2\/product_brand?post=4523"},{"taxonomy":"product_cat","embeddable":true,"href":"https:\/\/jnats.eu\/de\/wp-json\/wp\/v2\/product_cat?post=4523"},{"taxonomy":"product_tag","embeddable":true,"href":"https:\/\/jnats.eu\/de\/wp-json\/wp\/v2\/product_tag?post=4523"}],"curies":[{"name":"wp","href":"https:\/\/api.w.org\/{rel}","templated":true}]}}