{"id":4594,"date":"2025-05-13T11:05:22","date_gmt":"2025-05-13T08:05:22","guid":{"rendered":"https:\/\/jnats.eu\/?post_type=product&#038;p=4594"},"modified":"2026-03-08T21:17:40","modified_gmt":"2026-03-08T19:17:40","slug":"nos-chobomasa-kamisori-vintaziniai-japoniski-skustuvai","status":"publish","type":"product","link":"https:\/\/jnats.eu\/de\/produkt-2\/nos-chobomasa-kamisori-vintaziniai-japoniski-skustuvai\/","title":{"rendered":"NOS Chobomasa kamisori vintage japanische Rasiermesser"},"content":{"rendered":"<figure class=\"wp-block-embed is-type-video is-provider-youtube wp-block-embed-youtube wp-embed-aspect-16-9 wp-has-aspect-ratio\"><div class=\"wp-block-embed__wrapper\">\n<div class=\"video-container\"><iframe title=\"NOS Chobomasa Kamisori - Vintage Japanische Rasiermesser\" width=\"1170\" height=\"658\" src=\"https:\/\/www.youtube.com\/embed\/AiR2JJ7mTRE?feature=oembed\" frameborder=\"0\" allow=\"accelerometer; autoplay; clipboard-write; encrypted-media; gyroscope; picture-in-picture; web-share\" referrerpolicy=\"strict-origin-when-cross-origin\" allowfullscreen><\/iframe><\/div>\n<\/div><\/figure>\n\n\n\n<p>Entdecken Sie die wahre Meisterschaft der japanischen Rasur mit <strong>NOS Chobomasa Kamisori<\/strong> - authentische, handgefertigte japanische Vintage-Rasiermesser. Diese Rasiermesser sind <strong>NOS (Neue alte Lagerbest\u00e4nde)<\/strong> - unbenutzt, in ausgezeichnetem Zustand, direkt aus Japan Mitte des 20. Jahrhunderts.<\/p>\n\n\n\n<p>Gekocht auf traditionelle Art und Weise <strong>Kamisori<\/strong> in Form von Rasierklingen heben sich diese Rasiermesser ab <strong>asymmetrische Klinge<\/strong> und <strong>Hochwertiger Kohlenstoffstahl<\/strong> Legierung f\u00fcr au\u00dfergew\u00f6hnliche Sch\u00e4rfe und lange Nutzungsdauer. Jedes Rasiermesser f\u00e4ngt auf subtile Weise den Geist der alten japanischen Handwerkskunst und au\u00dfergew\u00f6hnliche Funktionalit\u00e4t.<\/p>\n\n\n\n<p><strong>Merkmale:<\/strong><\/p>\n\n\n\n<ul class=\"wp-block-list\">\n<li>Authentisches Japanisch <strong>Kamisori<\/strong> Entwurf<\/li>\n\n\n\n<li>NOS (New Old Stock) - unbenutzt, vintage<\/li>\n\n\n\n<li>Hohe Qualit\u00e4t <strong>Klinge aus Kohlenstoffstahl<\/strong><\/li>\n\n\n\n<li>Handgefertigt, traditionelle Produktion in Japan<\/li>\n\n\n\n<li>Sowohl f\u00fcr Sammler als auch f\u00fcr Rasierliebhaber<\/li>\n<\/ul>\n\n\n\n<p><strong>Bemerkung:<\/strong> Aufgrund des Alters des Produkts und der Art der Handarbeit kann das Aussehen jedes Rasiermessers leicht variieren.<\/p>","protected":false},"excerpt":{"rendered":"<ul>\n<li>Wie das traditionelle Samurai-Schwert, das Katana, wurden diese Kamisori aus 2 Teilen handgeschmiedet. Der schneidende Teil besteht aus kohlenstoffreichem Stahl, w\u00e4hrend die Tr\u00e4gerschicht aus einem einfacheren Stahl gefertigt ist. Die Stahlschicht ist hart, w\u00e4hrend der weichere Rahmen f\u00fcr die n\u00f6tige Bruchsicherheit sorgt.<\/li>\n<li>Einige Steinschl\u00e4ge sind sichtbar. Rost entfernt mit #2500 6-Source-Papier und Venev 7\/5 Diamantpaste.<\/li>\n<li>Da sie handgefertigt sind, sind alle Unterhemden etwas anders.<\/li>\n<li>Gewicht (ca.): 33 g.<\/li>\n<li>Gesamtl\u00e4nge (ca.): 140 mm<\/li>\n<li>H\u00f6he (ca.): 18 mm<\/li>\n<li>Dicke des Bandes (ca.): 6 mm<\/li>\n<li>Klingenl\u00e4nge (ca.): 44 mm<\/li>\n<li>Neuer Gummigriff Tosuke<\/li>\n<li><strong>Nr. 1-5 gesch\u00e4rft, Nr. 6-7 nicht gesch\u00e4rft.<\/strong><span data-mce-type=\"bookmark\" style=\"display: inline-block; width: 0px; overflow: hidden; line-height: 0;\" class=\"mce_SELRES_start\"><\/span><\/li>\n<li><strong>Wenn Sie den Artikel nicht in der Dropdown-Liste sehen, bedeutet dies, dass er im Angebot ist.<\/strong><\/li>\n<\/ul>","protected":false},"featured_media":4595,"comment_status":"open","ping_status":"closed","template":"","meta":[],"product_brand":[],"product_cat":[23],"product_tag":[322,25,55],"class_list":{"0":"post-4594","1":"product","2":"type-product","3":"status-publish","4":"has-post-thumbnail","6":"product_cat-razors","7":"product_tag-chobomasa","8":"product_tag-kamisori","9":"product_tag-nos","10":"product_shipping_class-light","12":"first","13":"instock","14":"shipping-taxable","15":"purchasable","16":"product-type-variable"},"_links":{"self":[{"href":"https:\/\/jnats.eu\/de\/wp-json\/wp\/v2\/product\/4594","targetHints":{"allow":["GET"]}}],"collection":[{"href":"https:\/\/jnats.eu\/de\/wp-json\/wp\/v2\/product"}],"about":[{"href":"https:\/\/jnats.eu\/de\/wp-json\/wp\/v2\/types\/product"}],"replies":[{"embeddable":true,"href":"https:\/\/jnats.eu\/de\/wp-json\/wp\/v2\/comments?post=4594"}],"wp:featuredmedia":[{"embeddable":true,"href":"https:\/\/jnats.eu\/de\/wp-json\/wp\/v2\/media\/4595"}],"wp:attachment":[{"href":"https:\/\/jnats.eu\/de\/wp-json\/wp\/v2\/media?parent=4594"}],"wp:term":[{"taxonomy":"product_brand","embeddable":true,"href":"https:\/\/jnats.eu\/de\/wp-json\/wp\/v2\/product_brand?post=4594"},{"taxonomy":"product_cat","embeddable":true,"href":"https:\/\/jnats.eu\/de\/wp-json\/wp\/v2\/product_cat?post=4594"},{"taxonomy":"product_tag","embeddable":true,"href":"https:\/\/jnats.eu\/de\/wp-json\/wp\/v2\/product_tag?post=4594"}],"curies":[{"name":"wp","href":"https:\/\/api.w.org\/{rel}","templated":true}]}}