{"id":4678,"date":"2025-05-24T12:33:23","date_gmt":"2025-05-24T09:33:23","guid":{"rendered":"https:\/\/jnats.eu\/?post_type=product&#038;p=4678"},"modified":"2025-07-05T11:19:22","modified_gmt":"2025-07-05T08:19:22","slug":"yeelong-m390-steel-8-chef-knife-used","status":"publish","type":"product","link":"https:\/\/jnats.eu\/de\/produkt-2\/yeelong-m390-steel-8-chef-knife-used\/","title":{"rendered":"Yeelong M390 Stahl 8\u2033 Kochmesser (gebraucht)"},"content":{"rendered":"<figure class=\"wp-block-embed is-type-video is-provider-youtube wp-block-embed-youtube wp-embed-aspect-16-9 wp-has-aspect-ratio\"><div class=\"wp-block-embed__wrapper\">\n<div class=\"video-container\"><iframe title=\"Masamotoyama Asagi Nashiji vs M390 Stahl\" width=\"1170\" height=\"658\" src=\"https:\/\/www.youtube.com\/embed\/K1-qGuFrjYM?feature=oembed\" frameborder=\"0\" allow=\"accelerometer; autoplay; clipboard-write; encrypted-media; gyroscope; picture-in-picture; web-share\" referrerpolicy=\"strict-origin-when-cross-origin\" allowfullscreen><\/iframe><\/div>\n<\/div><\/figure>\n\n\n\n<p>Aktualisieren Sie Ihre K\u00fcche mit dem <strong>Yeelong M390 8\u2033 Kochmesser<\/strong> - ein Hochleistungswerkzeug, das f\u00fcr pr\u00e4zises, m\u00fcheloses Schneiden entwickelt wurde. Gefertigt aus hochwertigem <strong>B\u00f6hler M390 rostfreier Stahl<\/strong>liefert dieses Messer hervorragende <strong>Kantenhaltung<\/strong>, <strong>Korrosionsbest\u00e4ndigkeit<\/strong>und eine rasiermesserscharfe Schneide, die lange h\u00e4lt.<\/p>\n\n\n\n<p>Die perfekt ausbalancierte <strong>8-Zoll-Klinge<\/strong> erledigt alle Aufgaben in der K\u00fcche mit Leichtigkeit: Fleisch schneiden, Gem\u00fcse hacken, Kr\u00e4uter zerkleinern und vieles mehr. Die hochglanzpolierte Oberfl\u00e4che verleiht ihm Eleganz, w\u00e4hrend der ergonomische Griff einen sicheren, komfortablen Griff f\u00fcr eine lange Nutzung bietet.<\/p>\n\n\n\n<p><strong>Wesentliche Merkmale:<\/strong><\/p>\n\n\n\n<ul class=\"wp-block-list\">\n<li>\ud83d\udd2a Premium <strong>B\u00f6hler M390 Edelstahl<\/strong> Chemische Zusammensetzung (Durchschnitt %)C1,90 Si0,70Mn0,30 Cr20,00 Mo1,00 V4,00 W0,60<\/li>\n\n\n\n<li>\ud83d\udccf <strong>8-Zoll-Klinge<\/strong> f\u00fcr vielseitige Aufgaben in der K\u00fcche<\/li>\n\n\n\n<li>\ud83d\udc8e Au\u00dfergew\u00f6hnliche Kantenfestigkeit und Sch\u00e4rfe<\/li>\n\n\n\n<li>\ud83c\udf0a Korrosions- und verschlei\u00dffeste Hochglanzoberfl\u00e4che<\/li>\n\n\n\n<li>\ud83d\udd90\ufe0f Ergonomischer Griff f\u00fcr hervorragende Kontrolle und Komfort<\/li>\n\n\n\n<li>\ud83d\udce6 Ideal f\u00fcr Profik\u00f6che und passionierte Hobbyk\u00f6che<\/li>\n<\/ul>\n\n\n\n<p><strong>Erleben Sie in Ihrer K\u00fcche eine Schneideleistung auf professionellem Niveau.<\/strong><\/p>","protected":false},"excerpt":{"rendered":"<p>Erstklassige Qualit\u00e4t <strong data-start=\"311\" data-end=\"334\">8-Zoll-Kochmesser<\/strong> hergestellt aus <strong data-start=\"345\" data-end=\"376\">B\u00f6hler M390 rostfreier Stahl<\/strong>. Au\u00dfergew\u00f6hnliche Schnitthaltigkeit, Korrosionsbest\u00e4ndigkeit und Pr\u00e4zision beim Schneiden. Perfekt f\u00fcr Profik\u00f6che und passionierte Hobbyk\u00f6che.<\/p>\n<ul>\n<li>Gesamtl\u00e4nge 335 mm<\/li>\n<li>Klinge 200x54x2 mm<\/li>\n<li>Gewicht 274 g.<\/li>\n<li>Hergestellt in China<\/li>\n<\/ul>\n<p>Sie k\u00f6nnen den Sch\u00e4rfungsprozess im folgenden Video sehen.<\/p>","protected":false},"featured_media":4681,"comment_status":"open","ping_status":"closed","template":"","meta":[],"product_brand":[],"product_cat":[24],"product_tag":[349],"class_list":{"0":"post-4678","1":"product","2":"type-product","3":"status-publish","4":"has-post-thumbnail","6":"product_cat-knifes","7":"product_tag-m390","8":"product_shipping_class-iprastas","10":"first","11":"outofstock","12":"shipping-taxable","13":"purchasable","14":"product-type-simple"},"_links":{"self":[{"href":"https:\/\/jnats.eu\/de\/wp-json\/wp\/v2\/product\/4678","targetHints":{"allow":["GET"]}}],"collection":[{"href":"https:\/\/jnats.eu\/de\/wp-json\/wp\/v2\/product"}],"about":[{"href":"https:\/\/jnats.eu\/de\/wp-json\/wp\/v2\/types\/product"}],"replies":[{"embeddable":true,"href":"https:\/\/jnats.eu\/de\/wp-json\/wp\/v2\/comments?post=4678"}],"wp:featuredmedia":[{"embeddable":true,"href":"https:\/\/jnats.eu\/de\/wp-json\/wp\/v2\/media\/4681"}],"wp:attachment":[{"href":"https:\/\/jnats.eu\/de\/wp-json\/wp\/v2\/media?parent=4678"}],"wp:term":[{"taxonomy":"product_brand","embeddable":true,"href":"https:\/\/jnats.eu\/de\/wp-json\/wp\/v2\/product_brand?post=4678"},{"taxonomy":"product_cat","embeddable":true,"href":"https:\/\/jnats.eu\/de\/wp-json\/wp\/v2\/product_cat?post=4678"},{"taxonomy":"product_tag","embeddable":true,"href":"https:\/\/jnats.eu\/de\/wp-json\/wp\/v2\/product_tag?post=4678"}],"curies":[{"name":"wp","href":"https:\/\/api.w.org\/{rel}","templated":true}]}}