{"id":4750,"date":"2025-06-13T12:34:12","date_gmt":"2025-06-13T09:34:12","guid":{"rendered":"https:\/\/jnats.eu\/?post_type=product&#038;p=4750"},"modified":"2025-10-25T21:37:45","modified_gmt":"2025-10-25T18:37:45","slug":"komazen-japan-vidutinio-grudetumo-sintetinis-galandinimo-akmuo","status":"publish","type":"product","link":"https:\/\/jnats.eu\/de\/produkt-2\/komazen-japan-vidutinio-grudetumo-sintetinis-galandinimo-akmuo\/","title":{"rendered":"Komazen Japan mittelk\u00f6rniger synthetischer Abziehstein"},"content":{"rendered":"<p><strong>Komazen Japan<\/strong> synthetischer Marken-Schleifstein.<\/p>\n\n\n\n<hr class=\"wp-block-separator has-alpha-channel-opacity\"\/>\n\n\n\n<h3 class=\"wp-block-heading\">\ud83d\udce6 Hintergrundinformationen:<\/h3>\n\n\n\n<ul class=\"wp-block-list\">\n<li><strong>Hersteller<\/strong>: Komazen Japan<\/li>\n\n\n\n<li><strong>Produktkennzeichnung<\/strong>: \"Schleifstein\" \/ \"\u4e2d\u76ee\" (Ch\u016bme) bedeutet <strong>Mittelkorn<\/strong> (japanisch: \u4e2d\u76ee, ch\u016bme) Stein.<\/li>\n\n\n\n<li><strong>Ma\u00dfe<\/strong>200 \u00d7 50 \u00d7 25 mm (auf der Verpackung angegeben)<\/li>\n<\/ul>\n\n\n\n<hr class=\"wp-block-separator has-alpha-channel-opacity\"\/>\n\n\n\n<h3 class=\"wp-block-heading\">\ud83d\udccc Was f\u00fcr ein Stein:<\/h3>\n\n\n\n<p>Dies ist <strong>synthetischer Wasserstein<\/strong>wird zum Sch\u00e4rfen von Messern und Werkzeugen verwendet. Da es mit \"\u4e2d\u76ee\" gekennzeichnet ist, hat es in der Regel eine Korngr\u00f6\u00dfe von etwa <strong>#1000<\/strong> (Standard-Durchschnittskorngr\u00f6\u00dfe nach dem japanischen System). Dies ist eine ausgezeichnete Wahl:<\/p>\n\n\n\n<ul class=\"wp-block-list\">\n<li>f\u00fcr das t\u00e4gliche Sch\u00e4rfen von Messern<\/li>\n\n\n\n<li>Beseitigung kleinerer Unregelm\u00e4\u00dfigkeiten<\/li>\n\n\n\n<li>Formung der Klinge, bevor man zu kleineren Steinen \u00fcbergeht (z.B. #3000, #6000)<\/li>\n<\/ul>\n\n\n\n<hr class=\"wp-block-separator has-alpha-channel-opacity\"\/>\n\n\n\n<h3 class=\"wp-block-heading\">\ud83d\udccc Komazen Japan:<\/h3>\n\n\n\n<p>Dies ist eine der <strong>Haushaltsplan<\/strong> Japanische Hersteller von synthetischen Steinen. Ihre Steine werden h\u00e4ufig in K\u00fcchen, Werkst\u00e4tten und von Bastlern verwendet, weil sie ein gutes Preis-Leistungs-Verh\u00e4ltnis bieten, aber nicht so hochwertig sind wie Naniwa oder Shapton.<\/p>\n\n\n\n<hr class=\"wp-block-separator has-alpha-channel-opacity\"\/>\n\n\n\n<h3 class=\"wp-block-heading\">\ud83d\udccc Verwendung:<\/h3>\n\n\n\n<ul class=\"wp-block-list\">\n<li><strong>Vor dem Gebrauch<\/strong> Es wird empfohlen, sie 5-10 Minuten lang in Wasser einzuweichen.<\/li>\n\n\n\n<li>Verwendung mit Wasser (nicht trocken, nicht mit \u00d6l)<\/li>\n\n\n\n<li>Nach dem Gebrauch absp\u00fclen, nat\u00fcrlich trocknen (keine Hitze verwenden)<\/li>\n<\/ul>","protected":false},"excerpt":{"rendered":"<p><!-- wp:list --><\/p>\n<ul class=\"wp-block-list\"><!-- wp:list-item --><\/p>\n<li><strong>Hersteller<\/strong>: Komazen Japan<\/li>\n<p><!-- \/wp:list-item --> <!-- wp:list-item --><\/p>\n<li><strong>Mittlere K\u00f6rnung<\/strong><\/li>\n<p><!-- \/wp:list-item --> <!-- wp:list-item --><\/p>\n<li><strong>Ma\u00dfe<\/strong>: 200 \u00d7 50 \u00d7 25 mm<\/li>\n<li>Box leicht angeschlagen, Stein unbenutzt<\/li>\n<p><!-- \/wp:list-item --><\/ul>\n<p><!-- \/wp:list --><\/p>","protected":false},"featured_media":4751,"comment_status":"open","ping_status":"closed","template":"","meta":[],"product_brand":[],"product_cat":[290],"product_tag":[356,355],"class_list":{"0":"post-4750","1":"product","2":"type-product","3":"status-publish","4":"has-post-thumbnail","6":"product_cat-whetstones","7":"product_tag-356","8":"product_tag-komazen","9":"product_shipping_class-iprastas","11":"first","12":"outofstock","13":"shipping-taxable","14":"purchasable","15":"product-type-simple"},"_links":{"self":[{"href":"https:\/\/jnats.eu\/de\/wp-json\/wp\/v2\/product\/4750","targetHints":{"allow":["GET"]}}],"collection":[{"href":"https:\/\/jnats.eu\/de\/wp-json\/wp\/v2\/product"}],"about":[{"href":"https:\/\/jnats.eu\/de\/wp-json\/wp\/v2\/types\/product"}],"replies":[{"embeddable":true,"href":"https:\/\/jnats.eu\/de\/wp-json\/wp\/v2\/comments?post=4750"}],"wp:featuredmedia":[{"embeddable":true,"href":"https:\/\/jnats.eu\/de\/wp-json\/wp\/v2\/media\/4751"}],"wp:attachment":[{"href":"https:\/\/jnats.eu\/de\/wp-json\/wp\/v2\/media?parent=4750"}],"wp:term":[{"taxonomy":"product_brand","embeddable":true,"href":"https:\/\/jnats.eu\/de\/wp-json\/wp\/v2\/product_brand?post=4750"},{"taxonomy":"product_cat","embeddable":true,"href":"https:\/\/jnats.eu\/de\/wp-json\/wp\/v2\/product_cat?post=4750"},{"taxonomy":"product_tag","embeddable":true,"href":"https:\/\/jnats.eu\/de\/wp-json\/wp\/v2\/product_tag?post=4750"}],"curies":[{"name":"wp","href":"https:\/\/api.w.org\/{rel}","templated":true}]}}