{"id":4755,"date":"2025-06-13T12:41:02","date_gmt":"2025-06-13T09:41:02","guid":{"rendered":"https:\/\/jnats.eu\/?post_type=product&#038;p=4755"},"modified":"2025-07-02T08:50:54","modified_gmt":"2025-07-02T05:50:54","slug":"masahiro-600-galandinimo-akmuo","status":"publish","type":"product","link":"https:\/\/jnats.eu\/de\/produkt-2\/masahiro-600-galandinimo-akmuo\/","title":{"rendered":"Masahiro 600 Sch\u00e4rfstein"},"content":{"rendered":"<h2 class=\"wp-block-heading\">\ud83d\udce6 <strong>Masahiro #600 Wasserstein<\/strong><\/h2>\n\n\n\n<h3 class=\"wp-block-heading\">Hintergrundinformationen:<\/h3>\n\n\n\n<ul class=\"wp-block-list\">\n<li><strong>Hersteller<\/strong>Masahiro (Japan)<\/li>\n\n\n\n<li><strong>K\u00f6rnigkeit<\/strong>: <strong>#600<\/strong><\/li>\n\n\n\n<li><strong>Typ<\/strong>Synthetischer Wasserstein (Wasserstein, muss vor Gebrauch eingeweicht werden)<\/li>\n\n\n\n<li><strong>Zweck<\/strong>:\n<ul class=\"wp-block-list\">\n<li>Reparatur- und Formgebungsphase (z. B. zur Beseitigung kleiner Dellen, Wiederherstellung des Klingenprofils)<\/li>\n\n\n\n<li>Ideal vor dem Wechsel zu #1000 oder kleineren Steinen<\/li>\n<\/ul>\n<\/li>\n\n\n\n<li><strong>Anweisungen f\u00fcr den Gebrauch<\/strong> (auf Japanisch auf einer Metalltafel): <strong>\u5145\u5206\u6c34\u306b\u3064\u3051\u3066\u304b\u3089\u4f7f\u7528\u3057\u3066\u4e0b\u3055\u3044\u3002<\/strong><br>\u00dcbersetzung: <em>\"Vor dem Gebrauch in ausreichend Wasser einweichen\".<\/em><\/li>\n<\/ul>\n\n\n\n<hr class=\"wp-block-separator has-alpha-channel-opacity\"\/>\n\n\n\n<h2 class=\"wp-block-heading\">\ud83d\udccc Merkmale:<\/h2>\n\n\n\n<ul class=\"wp-block-list\">\n<li>Mittleres Schleifmittel, schnelles Schleifen, aber immer noch sanft genug, um die Schneide des Messers zu formen, ohne zu tiefe Kratzspuren zu hinterlassen.<\/li>\n\n\n\n<li>Geeignet sowohl f\u00fcr japanische als auch f\u00fcr westliche St\u00e4hle, insbesondere f\u00fcr K\u00fcchenmesser.<\/li>\n<\/ul>\n\n\n\n<hr class=\"wp-block-separator has-alpha-channel-opacity\"\/>\n\n\n\n<h2 class=\"wp-block-heading\">\ud83d\udccc Empfehlungen:<\/h2>\n\n\n\n<ul class=\"wp-block-list\">\n<li><strong>Einweichen<\/strong>10-15 Minuten vor der Anwendung.<\/li>\n\n\n\n<li><strong>Wartung<\/strong>: an einem trockenen Ort aufbewahren, nicht mit W\u00e4rmequellen trocknen.<\/li>\n<\/ul>","protected":false},"excerpt":{"rendered":"<p><!-- wp:list --><\/p>\n<ul class=\"wp-block-list\"><!-- wp:list-item --><\/p>\n<li><strong>Hersteller<\/strong>Masahiro (Japan)<\/li>\n<p><!-- \/wp:list-item --><\/p>\n<p><!-- wp:list-item --><\/p>\n<li><strong>K\u00f6rnigkeit<\/strong>: <strong>#600<\/strong><\/li>\n<li><strong>Abmessungen: 210x70x27mm<\/strong><\/li>\n<p><!-- \/wp:list-item --><\/p>\n<p><!-- wp:list-item --><\/p>\n<li><strong>Typ<\/strong>Synthetischer Wasserstein (Wasserstein, muss vor Gebrauch eingeweicht werden)<\/li>\n<li>St\u00e4nder aus Holz<\/li>\n<li>Die Oberfl\u00e4che ist etwas verschmutzt, aber der Stein wurde nicht benutzt und ist frei von M\u00e4ngeln.<\/li>\n<p><!-- \/wp:list-item --><\/ul>\n<p><!-- \/wp:list --><\/p>","protected":false},"featured_media":4758,"comment_status":"open","ping_status":"closed","template":"","meta":[],"product_brand":[],"product_cat":[290],"product_tag":[357],"class_list":{"0":"post-4755","1":"product","2":"type-product","3":"status-publish","4":"has-post-thumbnail","6":"product_cat-whetstones","7":"product_tag-masahiro","8":"product_shipping_class-iprastas","10":"first","11":"outofstock","12":"shipping-taxable","13":"purchasable","14":"product-type-simple"},"_links":{"self":[{"href":"https:\/\/jnats.eu\/de\/wp-json\/wp\/v2\/product\/4755","targetHints":{"allow":["GET"]}}],"collection":[{"href":"https:\/\/jnats.eu\/de\/wp-json\/wp\/v2\/product"}],"about":[{"href":"https:\/\/jnats.eu\/de\/wp-json\/wp\/v2\/types\/product"}],"replies":[{"embeddable":true,"href":"https:\/\/jnats.eu\/de\/wp-json\/wp\/v2\/comments?post=4755"}],"wp:featuredmedia":[{"embeddable":true,"href":"https:\/\/jnats.eu\/de\/wp-json\/wp\/v2\/media\/4758"}],"wp:attachment":[{"href":"https:\/\/jnats.eu\/de\/wp-json\/wp\/v2\/media?parent=4755"}],"wp:term":[{"taxonomy":"product_brand","embeddable":true,"href":"https:\/\/jnats.eu\/de\/wp-json\/wp\/v2\/product_brand?post=4755"},{"taxonomy":"product_cat","embeddable":true,"href":"https:\/\/jnats.eu\/de\/wp-json\/wp\/v2\/product_cat?post=4755"},{"taxonomy":"product_tag","embeddable":true,"href":"https:\/\/jnats.eu\/de\/wp-json\/wp\/v2\/product_tag?post=4755"}],"curies":[{"name":"wp","href":"https:\/\/api.w.org\/{rel}","templated":true}]}}