{"id":4781,"date":"2025-06-20T14:54:04","date_gmt":"2025-06-20T11:54:04","guid":{"rendered":"https:\/\/jnats.eu\/?post_type=product&#038;p=4781"},"modified":"2025-06-25T11:48:43","modified_gmt":"2025-06-25T08:48:43","slug":"universalus-peilis-is-cpm-20cv-plieno-naudotas","status":"publish","type":"product","link":"https:\/\/jnats.eu\/de\/produkt-2\/universalus-peilis-is-cpm-20cv-plieno-naudotas\/","title":{"rendered":"Universalmesser aus CPM 20CV Stahl (gebraucht)"},"content":{"rendered":"<figure class=\"wp-block-embed is-type-video is-provider-youtube wp-block-embed-youtube wp-embed-aspect-16-9 wp-has-aspect-ratio\"><div class=\"wp-block-embed__wrapper\">\n<div class=\"video-container\"><iframe title=\"Moderner Stahl vs. traditioneller nat\u00fcrlicher japanischer Schleifstein | CPM 20CV + Ohira\" width=\"1170\" height=\"658\" src=\"https:\/\/www.youtube.com\/embed\/dkrrzanZkhc?feature=oembed\" frameborder=\"0\" allow=\"accelerometer; autoplay; clipboard-write; encrypted-media; gyroscope; picture-in-picture; web-share\" referrerpolicy=\"strict-origin-when-cross-origin\" allowfullscreen><\/iframe><\/div>\n<\/div><\/figure>\n\n\n\n<p>Ein au\u00dfergew\u00f6hnliches gebrauchtes Messer aus einem der fortschrittlichsten modernen Pulverst\u00e4hle \u2013 <strong>CPM 20CV<\/strong>, das eine ausgezeichnete Sch\u00e4rfebest\u00e4ndigkeit und au\u00dfergew\u00f6hnliche Korrosionsbest\u00e4ndigkeit aufweist.<\/p>\n\n\n\n<p><strong>Das Wichtigste ist, dass der Stahl dieses Messers von einem der ber\u00fchmtesten Thermisten Russlands geh\u00e4rtet wurde \u2013 Alan Balikoev, der f\u00fcr seine pr\u00e4zise W\u00e4rmebehandlung bekannt ist, mit der er die maximalen Eigenschaften des Stahls herausholt.<\/strong><\/p>\n\n\n\n<hr class=\"wp-block-separator has-alpha-channel-opacity\"\/>\n\n\n\n<h3 class=\"wp-block-heading\"><strong>Stahleigenschaften<\/strong><\/h3>\n\n\n\n<p><strong>CPM 20CV<\/strong> \u2013 ein rostfreier, pulverbeschichteter Stahl, der f\u00fcr au\u00dfergew\u00f6hnliche Sch\u00e4rfebest\u00e4ndigkeit und Widerstandsf\u00e4higkeit gegen Umwelteinfl\u00fcsse sorgt. Er ist ein Premiummaterial f\u00fcr Messer, egal ob f\u00fcr den t\u00e4glichen Gebrauch, f\u00fcr Sammlerst\u00fccke oder f\u00fcr au\u00dfergew\u00f6hnliche Aufgaben. <\/p>\n\n\n\n<hr class=\"wp-block-separator has-alpha-channel-opacity\"\/>\n\n\n\n<h3 class=\"wp-block-heading\"><strong>Chemische Zusammensetzung von Stahl<\/strong><\/h3>\n\n\n\n<figure class=\"wp-block-table\"><table class=\"has-fixed-layout\"><thead><tr><th>Element<\/th><th>Prozentsatz (%)<\/th><\/tr><\/thead><tbody><tr><td>Kohlenstoff (C)<\/td><td>1.9<\/td><\/tr><tr><td>Chrom (Cr)<\/td><td>20.0<\/td><\/tr><tr><td>Vanadium (V)<\/td><td>4.0<\/td><\/tr><tr><td>Molybd\u00e4n (Mo)<\/td><td>1.0<\/td><\/tr><tr><td>Wolfram (W)<\/td><td>0.6<\/td><\/tr><tr><td>Mangan (Mn)<\/td><td>0.3<\/td><\/tr><tr><td>Silizium (Si)<\/td><td>0.6<\/td><\/tr><tr><td>Phosphor (P)<\/td><td>\u2264 0,03<\/td><\/tr><tr><td>Schwefel (S)<\/td><td>\u2264 0,03<\/td><\/tr><\/tbody><\/table><\/figure>\n\n\n\n<hr class=\"wp-block-separator has-alpha-channel-opacity\"\/>\n\n\n\n<h3 class=\"wp-block-heading\"><strong>Hauptvorteile<\/strong><\/h3>\n\n\n\n<p>\u2705 <strong>Extrem hohe Korrosionsbest\u00e4ndigkeit<\/strong><br>Aufgrund des Chromgehalts von 20% ist dieses Messer sowohl gegen Feuchtigkeit als auch gegen s\u00e4urehaltige Umgebungen best\u00e4ndig.<\/p>\n\n\n\n<p>\u2705 <strong>Lange Sch\u00e4rfeerhaltung<\/strong><br>Aufgrund seines hohen Kohlenstoff- und Vanadiumgehalts beh\u00e4lt der Stahl seine Sch\u00e4rfe deutlich l\u00e4nger als die meisten anderen rostfreien St\u00e4hle.<\/p>\n\n\n\n<p>\u2705 <strong>Einzigartiger Griff<\/strong><br>Stabilisierte karelische Birke mit Mammutzahneinlage und Makume-Krone verleihen jedem Messer einen einzigartigen Charakter \u2013 keine zwei sind gleich.<\/p>\n\n\n\n<p>\u2705 <strong>Professionelle H\u00e4rtung<\/strong><br>Die von Alan Balikoev durchgef\u00fchrte W\u00e4rmebehandlung garantiert die maximale Balance zwischen Stahlh\u00e4rte, Verschlei\u00dffestigkeit und Elastizit\u00e4t.<\/p>\n\n\n\n<p>\u2705 <strong>Universelle Pisten<\/strong><br>Gerade Neigungen von der Schulter sorgen f\u00fcr gute Schneideigenschaften, einfache Kontrolle und einfache Wartung.<\/p>\n\n\n\n<hr class=\"wp-block-separator has-alpha-channel-opacity\"\/>\n\n\n\n<h3 class=\"wp-block-heading\"><strong>Zusammenfassung<\/strong><\/h3>\n\n\n\n<p>Dies ist nicht nur ein funktionales Werkzeug, sondern auch ein einzigartiges Sammlerst\u00fcck, das modernsten Pulverstahl, professionelle H\u00e4rtung und exquisite handgefertigte \u00c4sthetik vereint.<\/p>","protected":false},"excerpt":{"rendered":"<p><!-- wp:list --><\/p>\n<ul class=\"wp-block-list\"><!-- wp:list-item --><\/p>\n<li>Klingenl\u00e4nge: 140 mm.<\/li>\n<p><!-- \/wp:list-item --><\/p>\n<p><!-- wp:list-item --><\/p>\n<li>Klingenh\u00f6he: 29 mm.<\/li>\n<li>Klingenst\u00e4rke: 4,0 mm<\/li>\n<li>Ausrichtung ca. 0,3 mm<\/li>\n<p><!-- \/wp:list-item --><\/p>\n<p><!-- wp:list-item --><\/p>\n<li>Klingenoberfl\u00e4che: Nicht perfekt poliert<\/li>\n<p><!-- \/wp:list-item --><\/p>\n<p><!-- wp:list-item --><\/p>\n<li>Pulverstahl CPM 20CV. Geh\u00e4rtet von einem der besten Thermisten Russlands, Alan Balikoev.<\/li>\n<p><!-- \/wp:list-item --><\/p>\n<p><!-- wp:list-item --><\/p>\n<li>Der wichtigste Vorteil dieses Stahls ist seine extrem hohe Korrosionsbest\u00e4ndigkeit und relativ lange Sch\u00e4rfeerhaltung.<\/li>\n<p><!-- \/wp:list-item --><\/p>\n<p><!-- wp:list-item --><\/p>\n<li>Pisten: direkt von der Schulter<\/li>\n<p><!-- \/wp:list-item --><\/p>\n<p><!-- wp:list-item --><\/p>\n<li>Griffl\u00e4nge: 128 mm<\/li>\n<li>Bolster in Makum<\/li>\n<li>Mammutzahn-Inlay<\/li>\n<p><!-- \/wp:list-item --><\/p>\n<p><!-- wp:list-item --><\/p>\n<li>Das Griffmaterial besteht aus stabilisierter karelischer Birkenknolle.<\/li>\n<li>Etui aus echtem Leder<\/li>\n<p><!-- \/wp:list-item --><\/p>\n<p><!-- wp:list-item --><\/p>\n<li>Gewicht mit Etui: 172 g<\/li>\n<p><!-- \/wp:list-item --><\/p>\n<p><!-- wp:list-item --><\/p>\n<li>Gewicht: 244 g<\/li>\n<p><!-- \/wp:list-item --><\/p>\n<p><!-- wp:list-item --><\/p>\n<li>Hergestellt in Russland<\/li>\n<li>Gesch\u00e4rft mit nat\u00fcrlichem japanischem Stein Ohira.<\/li>\n<p><!-- \/wp:list-item --><\/ul>\n<p><!-- \/wp:list --><\/p>","protected":false},"featured_media":4784,"comment_status":"open","ping_status":"closed","template":"","meta":[],"product_brand":[],"product_cat":[24],"product_tag":[358,76],"class_list":{"0":"post-4781","1":"product","2":"type-product","3":"status-publish","4":"has-post-thumbnail","6":"product_cat-knifes","7":"product_tag-20cv","8":"product_tag-peilis","9":"product_shipping_class-iprastas","11":"first","12":"outofstock","13":"shipping-taxable","14":"purchasable","15":"product-type-simple"},"_links":{"self":[{"href":"https:\/\/jnats.eu\/de\/wp-json\/wp\/v2\/product\/4781","targetHints":{"allow":["GET"]}}],"collection":[{"href":"https:\/\/jnats.eu\/de\/wp-json\/wp\/v2\/product"}],"about":[{"href":"https:\/\/jnats.eu\/de\/wp-json\/wp\/v2\/types\/product"}],"replies":[{"embeddable":true,"href":"https:\/\/jnats.eu\/de\/wp-json\/wp\/v2\/comments?post=4781"}],"wp:featuredmedia":[{"embeddable":true,"href":"https:\/\/jnats.eu\/de\/wp-json\/wp\/v2\/media\/4784"}],"wp:attachment":[{"href":"https:\/\/jnats.eu\/de\/wp-json\/wp\/v2\/media?parent=4781"}],"wp:term":[{"taxonomy":"product_brand","embeddable":true,"href":"https:\/\/jnats.eu\/de\/wp-json\/wp\/v2\/product_brand?post=4781"},{"taxonomy":"product_cat","embeddable":true,"href":"https:\/\/jnats.eu\/de\/wp-json\/wp\/v2\/product_cat?post=4781"},{"taxonomy":"product_tag","embeddable":true,"href":"https:\/\/jnats.eu\/de\/wp-json\/wp\/v2\/product_tag?post=4781"}],"curies":[{"name":"wp","href":"https:\/\/api.w.org\/{rel}","templated":true}]}}