{"id":479,"date":"2024-03-07T10:23:42","date_gmt":"2024-03-07T08:23:42","guid":{"rendered":"http:\/\/jnats.eu\/?post_type=product&#038;p=479"},"modified":"2024-04-26T09:30:50","modified_gmt":"2024-04-26T06:30:50","slug":"harrison-br-howson-manafacturers-sheffield-england-vintage-rasierer-7-tage-set","status":"publish","type":"product","link":"https:\/\/jnats.eu\/de\/produkt-2\/harrison-br-howson-manafacturers-sheffield-england-vintage-rasierer-7-tage-set\/","title":{"rendered":"Harrison Br &amp; Howson Manafacturers Sheffield England Vintage Rasierer 7-Tage-Set"},"content":{"rendered":"<p>Harrison Br &amp; Howson ist ein renommierter Rasiermesserhersteller aus Sheffield, England, mit einer langen Geschichte und einem guten Ruf f\u00fcr hervorragende Qualit\u00e4t. Ihre Vintage-Rasiermesser im 7-Tage-Set sind ein Produkt von au\u00dfergew\u00f6hnlichem Wert und Stil.<\/p>\n\n\n\n<p>Beschreibung dieses Vintage-Rasiermessersets:<\/p>\n\n\n\n<ul class=\"wp-block-list\">\n<li><strong>Qualit\u00e4t und Alter<\/strong>Jedes Rasiermesser in diesem Set ist aus hochwertigem Stahl gefertigt, um eine lange Lebensdauer und eine perfekte Rasur zu gew\u00e4hrleisten. Diese Rasiermesser spiegeln die au\u00dfergew\u00f6hnliche Liebe zum Detail und zur Qualit\u00e4t von Harrison Br &amp; Howson wider.<\/li>\n\n\n\n<li><strong>Vintage-Design<\/strong>: Diese Rasierer haben ein interessantes und einzigartiges Design, das an die Eleganz vergangener Zeiten erinnert. Ihre Klingen und Griffe k\u00f6nnen das perfekte Accessoire f\u00fcr jeden Herrenstil sein.<\/li>\n\n\n\n<li><strong>7-Tage-Set<\/strong>: Dieses Set ist eine gute Wahl f\u00fcr alle, die Wert auf Ordnung und einen organisierten Lebensstil legen. Jeder Rasierer entspricht einem Wochentag, sodass Sie jeden Tag das richtige Werkzeug f\u00fcr die Rasur haben. Der Stahl ruht, und Sie k\u00f6nnen den Schleifvorgang f\u00fcr alle auf einmal durchf\u00fchren und ihn f\u00fcr lange Zeit vergessen. Dies gilt insbesondere dann, wenn Sie Ihre Rasierer zum Sch\u00e4rfen an einen Handwerker schicken.<\/li>\n\n\n\n<li><strong>Eine tolle Geschenkoption<\/strong>: Dieses Rasierset kann auch ein tolles Geschenk f\u00fcr M\u00e4nner sein, die klassischen Stil und Qualit\u00e4tsprodukte sch\u00e4tzen. Es ist eine einzigartige und praktische Geschenkoption f\u00fcr jeden Gentleman.<\/li>\n<\/ul>\n\n\n\n<p>Das Harrison Br &amp; Howson Vintage Razors 7-Day Set ist nicht nur ein praktisches Rasierwerkzeug, sondern auch ein eleganter Akzent in der Welt der Sch\u00f6nheit und des Stils eines Mannes.<\/p>\n\n\n\n<figure class=\"wp-block-embed is-type-video is-provider-youtube wp-block-embed-youtube wp-embed-aspect-16-9 wp-has-aspect-ratio\"><div class=\"wp-block-embed__wrapper\">\n<div class=\"video-container\"><iframe title=\"Harrison Br &amp; Howson Manafacturers Sheffield England Vintage Rasierer 7-Tage-Set\" width=\"1170\" height=\"658\" src=\"https:\/\/www.youtube.com\/embed\/AhMxzAVzb6Q?feature=oembed\" frameborder=\"0\" allow=\"accelerometer; autoplay; clipboard-write; encrypted-media; gyroscope; picture-in-picture; web-share\" allowfullscreen><\/iframe><\/div>\n<\/div><\/figure>","protected":false},"excerpt":{"rendered":"<ul>\n<li>Harrison Br &amp; Howson Manafacturers Sheffield England Vintage Rasierer 7-Tage-Set<\/li>\n<li>Griffe sind aus Polymer<\/li>\n<li>Nicht verwendet (NOS \u2013 Neuer alter Lagerbestand)<\/li>\n<li>Guter Zustand<\/li>\n<li>Es sind Anzeichen von Korrosion vorhanden<\/li>\n<li>Keine Risse oder Br\u00fcche<\/li>\n<\/ul>","protected":false},"featured_media":1040,"comment_status":"open","ping_status":"closed","template":"","meta":[],"product_brand":[],"product_cat":[23],"product_tag":[112,109,111,110],"class_list":{"0":"post-479","1":"product","2":"type-product","3":"status-publish","4":"has-post-thumbnail","6":"product_cat-razors","7":"product_tag-england","8":"product_tag-harrison-br-howson","9":"product_tag-manafacturers","10":"product_tag-sheffield","11":"product_shipping_class-light","13":"first","14":"instock","15":"sale","16":"shipping-taxable","17":"purchasable","18":"product-type-simple"},"_links":{"self":[{"href":"https:\/\/jnats.eu\/de\/wp-json\/wp\/v2\/product\/479","targetHints":{"allow":["GET"]}}],"collection":[{"href":"https:\/\/jnats.eu\/de\/wp-json\/wp\/v2\/product"}],"about":[{"href":"https:\/\/jnats.eu\/de\/wp-json\/wp\/v2\/types\/product"}],"replies":[{"embeddable":true,"href":"https:\/\/jnats.eu\/de\/wp-json\/wp\/v2\/comments?post=479"}],"wp:featuredmedia":[{"embeddable":true,"href":"https:\/\/jnats.eu\/de\/wp-json\/wp\/v2\/media\/1040"}],"wp:attachment":[{"href":"https:\/\/jnats.eu\/de\/wp-json\/wp\/v2\/media?parent=479"}],"wp:term":[{"taxonomy":"product_brand","embeddable":true,"href":"https:\/\/jnats.eu\/de\/wp-json\/wp\/v2\/product_brand?post=479"},{"taxonomy":"product_cat","embeddable":true,"href":"https:\/\/jnats.eu\/de\/wp-json\/wp\/v2\/product_cat?post=479"},{"taxonomy":"product_tag","embeddable":true,"href":"https:\/\/jnats.eu\/de\/wp-json\/wp\/v2\/product_tag?post=479"}],"curies":[{"name":"wp","href":"https:\/\/api.w.org\/{rel}","templated":true}]}}