{"id":4860,"date":"2025-07-03T12:33:26","date_gmt":"2025-07-03T09:33:26","guid":{"rendered":"https:\/\/jnats.eu\/?post_type=product&#038;p=4860"},"modified":"2025-11-25T13:16:33","modified_gmt":"2025-11-25T11:16:33","slug":"natsuya-japoniskas-naturalus-galandinimo-akmuo-vidutinio-grudetumo","status":"publish","type":"product","link":"https:\/\/jnats.eu\/de\/produkt-2\/natsuya-japoniskas-naturalus-galandinimo-akmuo-vidutinio-grudetumo\/","title":{"rendered":"Natsuya Japanischer Naturschleifstein (mittlere K\u00f6rnung)"},"content":{"rendered":"<p>Natsuya ist ein japanischer Naturschleifstein aus der Region Kyoto, die f\u00fcr ihre alten Steinminen bekannt ist. Dieser mittelk\u00f6rnige Stein (entspricht ca. 1000\u20132000er K\u00f6rnung) eignet sich perfekt zum Zwischensch\u00e4rfen von Messern, Rasiermessern oder Tischlerwerkzeugen und erm\u00f6glicht ein extrem sauberes und kontrolliertes Sch\u00e4rfen, bevor zu feineren Steinen \u00fcbergegangen wird.<\/p>\n\n\n\n<figure class=\"wp-block-embed is-type-video is-provider-youtube wp-block-embed-youtube wp-embed-aspect-16-9 wp-has-aspect-ratio\"><div class=\"wp-block-embed__wrapper\">\n<div class=\"video-container\"><iframe title=\"Nat\u00fcrlicher japanischer Schleifstein von Natsuya | Sch\u00e4rftest mit mittlerer K\u00f6rnung\" width=\"1170\" height=\"658\" src=\"https:\/\/www.youtube.com\/embed\/AG_eMsnn1Wo?feature=oembed\" frameborder=\"0\" allow=\"accelerometer; autoplay; clipboard-write; encrypted-media; gyroscope; picture-in-picture; web-share\" referrerpolicy=\"strict-origin-when-cross-origin\" allowfullscreen><\/iframe><\/div>\n<\/div><\/figure>\n\n\n\n<p><strong>Merkmale:<\/strong><\/p>\n\n\n\n<ul class=\"wp-block-list\">\n<li>Naturstein aus der Region Kyoto<\/li>\n\n\n\n<li>Mittlere K\u00f6rnung (~1000\u20132000 K\u00f6rnung)<\/li>\n\n\n\n<li>Geeignet f\u00fcr japanische und westliche Messer<\/li>\n\n\n\n<li>Bildet schnell eine glatte Masse, die das Sch\u00e4rfen erleichtert<\/li>\n\n\n\n<li>Ausgewogene Abrasivit\u00e4t \u2013 entfernt effektiv Kratzer aus rauem Stein und beginnt mit der Bildung eines scharfen und sauberen Kantenprofils<\/li>\n\n\n\n<li>Weiches Gef\u00fchl beim Sch\u00e4rfen, das Ihnen gro\u00dfe Kontrolle gibt<\/li>\n<\/ul>\n\n\n\n<p><strong>Verwendung:<\/strong><br>Es wird empfohlen, den Stein vor Gebrauch kurz in Wasser einzuweichen oder ihn als \u201enassen\u201c Stein mit konstanter Wasserzufuhr zu verwenden. Ideal nach dem ersten Formen der Klinge und vor dem endg\u00fcltigen Polieren mit einem feink\u00f6rnigen Stein.<\/p>","protected":false},"excerpt":{"rendered":"<ul class=\"wp-block-list\">\n<li>Geeignet zum Zwischen- oder Endsch\u00e4rfen von Messern, Scheren, Tischler- und anderen Werkzeugen.<\/li>\n<li>Sie k\u00f6nnen auch eine gute Vorbereitung mit Bargeldabschluss erhalten.<\/li>\n<li>K\u00f6rnung ca. 1500er K\u00f6rnung<\/li>\n<li>H\u00e4rte: Lv 4<\/li>\n<li>Der in der Mitte des letzten Jahrhunderts gebrochene Stein zeichnet sich durch seine Schnelligkeit und Gl\u00e4tte aus.<\/li>\n<li>Sun Tiger Brand The Matsuga CO. LTD<\/li>\n<li>Eine Seite ist gegl\u00e4ttet und bereit zur Bearbeitung.<\/li>\n<li><strong>Sie k\u00f6nnen die Arbeit im Video unten ansehen.<\/strong><\/li>\n<\/ul>\n<ol>\n<li>Abmessungen: 217x63x781 mm Gewicht: 2400 g<\/li>\n<li>Abmessungen: 203x68x77 mm Gewicht: 2600 g<\/li>\n<li>Abmessungen: 211x69x78 mm Gewicht: 2700 g<\/li>\n<\/ol>","protected":false},"featured_media":4870,"comment_status":"open","ping_status":"closed","template":"","meta":[],"product_brand":[],"product_cat":[22],"product_tag":[300,364],"class_list":{"0":"post-4860","1":"product","2":"type-product","3":"status-publish","4":"has-post-thumbnail","6":"product_cat-jnats","7":"product_tag-medium","8":"product_tag-natsuya","9":"product_shipping_class-iprastas","11":"first","12":"instock","13":"shipping-taxable","14":"purchasable","15":"product-type-variable"},"_links":{"self":[{"href":"https:\/\/jnats.eu\/de\/wp-json\/wp\/v2\/product\/4860","targetHints":{"allow":["GET"]}}],"collection":[{"href":"https:\/\/jnats.eu\/de\/wp-json\/wp\/v2\/product"}],"about":[{"href":"https:\/\/jnats.eu\/de\/wp-json\/wp\/v2\/types\/product"}],"replies":[{"embeddable":true,"href":"https:\/\/jnats.eu\/de\/wp-json\/wp\/v2\/comments?post=4860"}],"wp:featuredmedia":[{"embeddable":true,"href":"https:\/\/jnats.eu\/de\/wp-json\/wp\/v2\/media\/4870"}],"wp:attachment":[{"href":"https:\/\/jnats.eu\/de\/wp-json\/wp\/v2\/media?parent=4860"}],"wp:term":[{"taxonomy":"product_brand","embeddable":true,"href":"https:\/\/jnats.eu\/de\/wp-json\/wp\/v2\/product_brand?post=4860"},{"taxonomy":"product_cat","embeddable":true,"href":"https:\/\/jnats.eu\/de\/wp-json\/wp\/v2\/product_cat?post=4860"},{"taxonomy":"product_tag","embeddable":true,"href":"https:\/\/jnats.eu\/de\/wp-json\/wp\/v2\/product_tag?post=4860"}],"curies":[{"name":"wp","href":"https:\/\/api.w.org\/{rel}","templated":true}]}}