{"id":4877,"date":"2025-07-04T10:57:29","date_gmt":"2025-07-04T07:57:29","guid":{"rendered":"https:\/\/jnats.eu\/?post_type=product&#038;p=4877"},"modified":"2026-04-07T17:08:21","modified_gmt":"2026-04-07T14:08:21","slug":"wakasa-tamurayama-japonijos-grozio-meistru-rekomenduojamas-akmuo-skustuvams","status":"publish","type":"product","link":"https:\/\/jnats.eu\/de\/produkt-2\/wakasa-tamurayama-japonijos-grozio-meistru-rekomenduojamas-akmuo-skustuvams\/","title":{"rendered":"Wakasa Tamurayama | Empfohlener Rasierstein von japanischen Sch\u00f6nheitsmeistern"},"content":{"rendered":"<p>Wakasa Tamurayama ist ein \u00e4u\u00dferst seltener und hochgesch\u00e4tzter japanischer Naturschleifstein. Er stammt aus der historischen Region Tamurayama in der Pr\u00e4fektur Fukui, nahe der ber\u00fchmten Wakasa-Bucht. Dieser Stein wird seit langem zum Sch\u00e4rfen traditioneller japanischer Kamisori und Luxusrasierer verwendet. Seine Schleifqualit\u00e4t und Reinheit werden mit den legend\u00e4ren Maruka Kyoto-Steinen verglichen.<\/p>\n\n\n\n<figure class=\"wp-block-embed is-type-video is-provider-youtube wp-block-embed-youtube wp-embed-aspect-16-9 wp-has-aspect-ratio\"><div class=\"wp-block-embed__wrapper\">\n<div class=\"video-container\"><iframe title=\"Wakasa Tamurayama Asagi Nat\u00fcrlicher japanischer Schleifstein Kamisori-Schleiftest\" width=\"1170\" height=\"658\" src=\"https:\/\/www.youtube.com\/embed\/2GslS7RdqPA?feature=oembed\" frameborder=\"0\" allow=\"accelerometer; autoplay; clipboard-write; encrypted-media; gyroscope; picture-in-picture; web-share\" referrerpolicy=\"strict-origin-when-cross-origin\" allowfullscreen><\/iframe><\/div>\n<\/div><\/figure>\n\n\n\n<p><strong>Warum Wakasa Tamurayama w\u00e4hlen?<\/strong><br>\u2705 <strong>Qualit\u00e4t und Arbeitsgeschwindigkeit<\/strong> \u2013 dieser Stein zeichnet sich durch einen \u00e4u\u00dferst gleichm\u00e4\u00dfigen, schonenden und dennoch relativ schnellen Schliff aus, der mikrometergro\u00dfe Unregelm\u00e4\u00dfigkeiten im Metall effektiv entfernt, ohne Kratzer zu hinterlassen.<br>\u2705 <strong>Reaktion und Empfindung<\/strong> \u2013 Das Arbeitsgef\u00fchl kommt dem der klassischen Maruka-Steine sehr nahe: weich, feinf\u00fchlig, mit einem angenehmen Feedback, das eine optimale Kontrolle des Drucks und des Schleifergebnisses erm\u00f6glicht. Eine Raspel ist nicht n\u00f6tig, da der Stein seine Federung selbst l\u00f6st.<br>\u2705 <strong>Hohe Bewertung in Japan<\/strong> \u2013 Wakasa Tamurayama ist einer der wenigen Natursteine, der mit den h\u00f6chsten Punktzahlen bewertet wurde von <strong>Japanischer Verband der Friseure und Sch\u00f6nheitsexperten<\/strong>, empfohlen f\u00fcr die professionelle Endbearbeitung von Rasierapparaten und extrem scharfen Werkzeugen.<\/p>\n\n\n\n<p><strong>Verzehrempfehlung:<\/strong><\/p>\n\n\n\n<ul class=\"wp-block-list\">\n<li>F\u00fcr Rasiermesser (Camissori, Rasiermesser)<\/li>\n\n\n\n<li>F\u00fcr die Endbearbeitung von Messern auf Naturstein<\/li>\n\n\n\n<li>F\u00fcr Werkzeuge, die extrem saubere Klingen erfordern<\/li>\n<\/ul>\n\n\n\n<p><strong>Eigenschaften:<\/strong><\/p>\n\n\n\n<ul class=\"wp-block-list\">\n<li>K\u00f6rnung: hoch (entspricht ~12.000\u201315.000 auf der synthetischen Skala)<\/li>\n\n\n\n<li>H\u00e4rte: mittel - hoch<\/li>\n\n\n\n<li>Oberfl\u00e4chenstruktur: extrem glatt, ohne Einschl\u00fcsse<\/li>\n\n\n\n<li>Schleifgeschwindigkeit: ziemlich schnell f\u00fcr einen Schleifstein dieses Niveaus<\/li>\n<\/ul>\n\n\n\n<p><strong>Bemerkung:<\/strong> Jeder Wakasa Tamurayama-Stein wird von Hand gepr\u00fcft, um Qualit\u00e4t und Integrit\u00e4t sicherzustellen. Dadurch ist er nicht nur ein Werkzeug, sondern auch eine Investition mit bleibendem Wert f\u00fcr Meister der Metallverarbeitung und Rasur.<\/p>","protected":false},"excerpt":{"rendered":"<p><strong>Ma\u00dfe und Gewicht ca.:<\/strong><\/p>\n<ol>\n<li>218x76x25 mm, 1140 g.<\/li>\n<li>224x77x30 mm, 1420 g.<\/li>\n<li><strong>218x77x31 mm, 1425 g. Geklebt, daher nicht f\u00fcr Rasierapparate geeignet! Andere Werkzeuge sollten problemlos funktionieren, wenn man nicht senkrecht und mit starkem Druck in den Spalt eindringt.<\/strong><\/li>\n<li>216x76x25 mm, 1260 g.<\/li>\n<li>218x77x30 mm, 1310 g.<\/li>\n<li>217x76x33 mm, 1510 g.<\/li>\n<li>212x82x28 mm, 1320 g.<\/li>\n<li>218x78x31 mm, 1450 g.<\/li>\n<\/ol>","protected":false},"featured_media":4878,"comment_status":"open","ping_status":"closed","template":"","meta":[],"product_brand":[],"product_cat":[22],"product_tag":[365,344,61],"class_list":{"0":"post-4877","1":"product","2":"type-product","3":"status-publish","4":"has-post-thumbnail","6":"product_cat-jnats","7":"product_tag-naturalus-akmuo","8":"product_tag-tamurayama","9":"product_tag-wakasa","10":"product_shipping_class-iprastas","12":"first","13":"instock","14":"shipping-taxable","15":"purchasable","16":"product-type-variable"},"_links":{"self":[{"href":"https:\/\/jnats.eu\/de\/wp-json\/wp\/v2\/product\/4877","targetHints":{"allow":["GET"]}}],"collection":[{"href":"https:\/\/jnats.eu\/de\/wp-json\/wp\/v2\/product"}],"about":[{"href":"https:\/\/jnats.eu\/de\/wp-json\/wp\/v2\/types\/product"}],"replies":[{"embeddable":true,"href":"https:\/\/jnats.eu\/de\/wp-json\/wp\/v2\/comments?post=4877"}],"wp:featuredmedia":[{"embeddable":true,"href":"https:\/\/jnats.eu\/de\/wp-json\/wp\/v2\/media\/4878"}],"wp:attachment":[{"href":"https:\/\/jnats.eu\/de\/wp-json\/wp\/v2\/media?parent=4877"}],"wp:term":[{"taxonomy":"product_brand","embeddable":true,"href":"https:\/\/jnats.eu\/de\/wp-json\/wp\/v2\/product_brand?post=4877"},{"taxonomy":"product_cat","embeddable":true,"href":"https:\/\/jnats.eu\/de\/wp-json\/wp\/v2\/product_cat?post=4877"},{"taxonomy":"product_tag","embeddable":true,"href":"https:\/\/jnats.eu\/de\/wp-json\/wp\/v2\/product_tag?post=4877"}],"curies":[{"name":"wp","href":"https:\/\/api.w.org\/{rel}","templated":true}]}}