{"id":4924,"date":"2025-07-10T13:51:53","date_gmt":"2025-07-10T10:51:53","guid":{"rendered":"https:\/\/jnats.eu\/?post_type=product&#038;p=4924"},"modified":"2026-02-12T13:15:19","modified_gmt":"2026-02-12T11:15:19","slug":"hideki-ir-chobomasa-kamisori-vintaziniai-japoniski-skustuvai-naudoti","status":"publish","type":"product","link":"https:\/\/jnats.eu\/de\/produkt-2\/hideki-ir-chobomasa-kamisori-vintaziniai-japoniski-skustuvai-naudoti\/","title":{"rendered":"Hideki und Chobomasa Kamisori Vintage japanische Rasierer (gebraucht)"},"content":{"rendered":"<p>Entdecken Sie die wahre Meisterschaft der japanischen Rasur mit&nbsp;<strong>NOS Chobomasa Kamisori<\/strong>&nbsp;\u2013 authentische, handgefertigte japanische Vintage-Rasierer. Diese Rasierer sind gebraucht, in ausgezeichnetem Zustand und stammen direkt aus Japan aus der Mitte des 20. Jahrhunderts.<\/p>\n\n\n\n<figure class=\"wp-block-embed is-type-video is-provider-youtube wp-block-embed-youtube wp-embed-aspect-16-9 wp-has-aspect-ratio\"><div class=\"wp-block-embed__wrapper\">\n<div class=\"video-container\"><iframe title=\"Hideki und Chobomasa Kamisori Vintage japanische Rasierer (gebraucht)\" width=\"1170\" height=\"658\" src=\"https:\/\/www.youtube.com\/embed\/_KzEqBvL-7M?feature=oembed\" frameborder=\"0\" allow=\"accelerometer; autoplay; clipboard-write; encrypted-media; gyroscope; picture-in-picture; web-share\" referrerpolicy=\"strict-origin-when-cross-origin\" allowfullscreen><\/iframe><\/div>\n<\/div><\/figure>\n\n\n\n<p>Gekocht auf traditionelle Art und Weise\u00a0<strong>Kamisori<\/strong>\u00a0in Form von Rasierklingen heben sich diese Rasiermesser ab\u00a0<strong>asymmetrische Klinge<\/strong>\u00a0und\u00a0<strong>hochwertiger Kohlenstoffstahl<\/strong>, was au\u00dfergew\u00f6hnliche Sch\u00e4rfe und lange Nutzungsdauer gew\u00e4hrleistet. Jeder Rasierer vermittelt auf subtile Weise den Geist alter japanischer Handwerkskunst und au\u00dfergew\u00f6hnlicher Funktionalit\u00e4t.<\/p>\n\n\n\n<p><strong>Merkmale:<\/strong><\/p>\n\n\n\n<ul class=\"wp-block-list\">\n<li>Authentisches Japanisch&nbsp;<strong>Kamisori<\/strong>&nbsp;Entwurf<\/li>\n\n\n\n<li>Gebraucht, Vintage<\/li>\n\n\n\n<li>Hohe Qualit\u00e4t&nbsp;<strong>Klinge aus Kohlenstoffstahl<\/strong><\/li>\n\n\n\n<li>Handgefertigt, traditionelle Produktion in Japan<\/li>\n\n\n\n<li>Sowohl f\u00fcr Sammler als auch f\u00fcr Rasierliebhaber<\/li>\n<\/ul>\n\n\n\n<p><strong>1. und 2. von links:<\/strong><\/p>\n\n\n\n<ul class=\"wp-block-list\">\n<li>\u4e0a\u6e6f (Kamiyu)<\/li>\n\n\n\n<li>\u79c0\u8f1d (Hideki oder Sh\u016bk\u014d \u2013 je nach Lesart)<\/li>\n<\/ul>\n\n\n\n<p><strong>\u00dcbersetzung:<\/strong><\/p>\n\n\n\n<ul class=\"wp-block-list\">\n<li><strong>\u4e0a\u6e6f (Kamiyu)<\/strong> \u2013 dabei handelt es sich h\u00f6chstwahrscheinlich um Marken oder Schmiedeorte\/-namen.<\/li>\n\n\n\n<li><strong>\u79c0\u8f1d<\/strong> \u2014 Name oder Kennzeichen des Kapit\u00e4ns.<\/li>\n<\/ul>\n\n\n\n<p><strong>Schlussfolgerung:<\/strong> beide ersten Kamisori wurden vom selben Schmied Hideki hergestellt <strong>\u79c0\u8f1d<\/strong>, Marke <strong>Kamiya<\/strong>.<\/p>\n\n\n\n<p>Alle anderen <strong>Chobomasa Kamisori<\/strong><\/p>","protected":false},"excerpt":{"rendered":"<ul>\n<li>Wie das traditionelle Samurai-Schwert, das Katana, wurden diese Kamisori aus 2 Teilen handgeschmiedet. Der schneidende Teil besteht aus kohlenstoffreichem Stahl, w\u00e4hrend die Tr\u00e4gerschicht aus einem einfacheren Stahl gefertigt ist. Die Stahlschicht ist hart, w\u00e4hrend der weichere Rahmen f\u00fcr die n\u00f6tige Bruchsicherheit sorgt.<\/li>\n<li>Da sie handgefertigt sind, sind alle Unterhemden etwas anders.<\/li>\n<li>Gewicht (ca.): 35 g., <strong>1 und 2: 45 g.\u00a0<\/strong><\/li>\n<li>Gesamtl\u00e4nge (ca.): 145 mm, <strong>1 und 2: 150 mm.\u00a0<\/strong><\/li>\n<li>H\u00f6he (ca.): 18 mm, <strong>1 und 2: 21 mm.\u00a0<\/strong><\/li>\n<li>Dicke des Bandes (ca.): 6 mm<\/li>\n<li>Klingenl\u00e4nge (ca.): 44 mm, <strong>1 und 2: 47 mm.\u00a0<\/strong><\/li>\n<li>Der Griff besteht aus mit Schnur umwickeltem Karton.<\/li>\n<li><strong>Wenn Sie den Artikel nicht in der Dropdown-Liste sehen, bedeutet dies, dass er im Angebot ist.<\/strong><\/li>\n<\/ul>","protected":false},"featured_media":4925,"comment_status":"open","ping_status":"closed","template":"","meta":[],"product_brand":[],"product_cat":[23],"product_tag":[322,25],"class_list":{"0":"post-4924","1":"product","2":"type-product","3":"status-publish","4":"has-post-thumbnail","6":"product_cat-razors","7":"product_tag-chobomasa","8":"product_tag-kamisori","9":"product_shipping_class-light","11":"first","12":"outofstock","13":"shipping-taxable","14":"product-type-variable"},"_links":{"self":[{"href":"https:\/\/jnats.eu\/de\/wp-json\/wp\/v2\/product\/4924","targetHints":{"allow":["GET"]}}],"collection":[{"href":"https:\/\/jnats.eu\/de\/wp-json\/wp\/v2\/product"}],"about":[{"href":"https:\/\/jnats.eu\/de\/wp-json\/wp\/v2\/types\/product"}],"replies":[{"embeddable":true,"href":"https:\/\/jnats.eu\/de\/wp-json\/wp\/v2\/comments?post=4924"}],"wp:featuredmedia":[{"embeddable":true,"href":"https:\/\/jnats.eu\/de\/wp-json\/wp\/v2\/media\/4925"}],"wp:attachment":[{"href":"https:\/\/jnats.eu\/de\/wp-json\/wp\/v2\/media?parent=4924"}],"wp:term":[{"taxonomy":"product_brand","embeddable":true,"href":"https:\/\/jnats.eu\/de\/wp-json\/wp\/v2\/product_brand?post=4924"},{"taxonomy":"product_cat","embeddable":true,"href":"https:\/\/jnats.eu\/de\/wp-json\/wp\/v2\/product_cat?post=4924"},{"taxonomy":"product_tag","embeddable":true,"href":"https:\/\/jnats.eu\/de\/wp-json\/wp\/v2\/product_tag?post=4924"}],"curies":[{"name":"wp","href":"https:\/\/api.w.org\/{rel}","templated":true}]}}