{"id":4955,"date":"2025-07-14T08:35:58","date_gmt":"2025-07-14T05:35:58","guid":{"rendered":"https:\/\/jnats.eu\/?post_type=product&#038;p=4955"},"modified":"2025-08-02T03:24:28","modified_gmt":"2025-08-02T00:24:28","slug":"mikawa-nagura","status":"publish","type":"product","link":"https:\/\/jnats.eu\/de\/produkt-2\/mikawa-nagura\/","title":{"rendered":"Mikawa Nagura"},"content":{"rendered":"<p>\u00c4hnlich wie andere Naguros wird Mikawa traditionell zur Herstellung einer Schleifsuspension auf nat\u00fcrlichem Sch\u00e4rfstein verwendet. Diese Art von Stein wird in der Mine Junmikawa Shiro im Bezirk Kitashitara in der Pr\u00e4fektur Aichi abgebaut. Das dort gefundene Gestein besteht aus 10 bis 12 Schichten, je nach Abbaugebiet. Von diesen Schichten gibt es 8 nutzbare Schichten, von denen 4 die beliebtesten sind. In den Gebieten mit 12 abbaubaren Schichten gibt es zwei verschiedene Tenjyo-Schichten sowie Yae Botan und Botan, die sich sehr \u00e4hnlich sind. Wie bei allen japanischen Natursteinen kann jeder einzelne Stein variieren.<\/p>\n\n\n\n<figure class=\"wp-block-embed is-type-video is-provider-youtube wp-block-embed-youtube wp-embed-aspect-16-9 wp-has-aspect-ratio\"><div class=\"wp-block-embed__wrapper\">\n<div class=\"video-container\"><iframe title=\"Japanischer Natur Mikawa Nagura WhetStone\" width=\"1170\" height=\"658\" src=\"https:\/\/www.youtube.com\/embed\/tzTRcZVNbN0?feature=oembed\" frameborder=\"0\" allow=\"accelerometer; autoplay; clipboard-write; encrypted-media; gyroscope; picture-in-picture; web-share\" referrerpolicy=\"strict-origin-when-cross-origin\" allowfullscreen><\/iframe><\/div>\n<\/div><\/figure>","protected":false},"excerpt":{"rendered":"<ul>\n<li>Geeignet f\u00fcr die Herstellung einer Suspension auf hartem Stein und f\u00fcr die mittlere Polierstufe<\/li>\n<li>H\u00e4rte: Lv 4<\/li>\n<li>Abmessungen: ca. 195x47x39 mm<\/li>\n<li>Gewicht: 656 g.<\/li>\n<\/ul>","protected":false},"featured_media":4961,"comment_status":"open","ping_status":"closed","template":"","meta":[],"product_brand":[],"product_cat":[22],"product_tag":[153],"class_list":{"0":"post-4955","1":"product","2":"type-product","3":"status-publish","4":"has-post-thumbnail","6":"product_cat-jnats","7":"product_tag-nagura","8":"product_shipping_class-iprastas","10":"first","11":"instock","12":"shipping-taxable","13":"purchasable","14":"product-type-simple"},"_links":{"self":[{"href":"https:\/\/jnats.eu\/de\/wp-json\/wp\/v2\/product\/4955","targetHints":{"allow":["GET"]}}],"collection":[{"href":"https:\/\/jnats.eu\/de\/wp-json\/wp\/v2\/product"}],"about":[{"href":"https:\/\/jnats.eu\/de\/wp-json\/wp\/v2\/types\/product"}],"replies":[{"embeddable":true,"href":"https:\/\/jnats.eu\/de\/wp-json\/wp\/v2\/comments?post=4955"}],"wp:featuredmedia":[{"embeddable":true,"href":"https:\/\/jnats.eu\/de\/wp-json\/wp\/v2\/media\/4961"}],"wp:attachment":[{"href":"https:\/\/jnats.eu\/de\/wp-json\/wp\/v2\/media?parent=4955"}],"wp:term":[{"taxonomy":"product_brand","embeddable":true,"href":"https:\/\/jnats.eu\/de\/wp-json\/wp\/v2\/product_brand?post=4955"},{"taxonomy":"product_cat","embeddable":true,"href":"https:\/\/jnats.eu\/de\/wp-json\/wp\/v2\/product_cat?post=4955"},{"taxonomy":"product_tag","embeddable":true,"href":"https:\/\/jnats.eu\/de\/wp-json\/wp\/v2\/product_tag?post=4955"}],"curies":[{"name":"wp","href":"https:\/\/api.w.org\/{rel}","templated":true}]}}