{"id":499,"date":"2024-03-07T11:05:59","date_gmt":"2024-03-07T09:05:59","guid":{"rendered":"http:\/\/jnats.eu\/?post_type=product&#038;p=499"},"modified":"2024-04-09T09:23:42","modified_gmt":"2024-04-09T06:23:42","slug":"joseph-rogers-sons-vintage-rasierer-7-tage-set","status":"publish","type":"product","link":"https:\/\/jnats.eu\/de\/produkt-2\/joseph-rogers-sons-vintage-rasierer-7-tage-set\/","title":{"rendered":"Joseph Rogers &amp; Sons Vintage Rasierer 7-Tage-Set"},"content":{"rendered":"<p>Joseph Rogers &amp; Sons Cutlers to her Majesty Shefield Vintage Razors 7-Tage-Set<\/p>\n\n\n\n<figure class=\"wp-block-embed is-type-video is-provider-youtube wp-block-embed-youtube wp-embed-aspect-16-9 wp-has-aspect-ratio\"><div class=\"wp-block-embed__wrapper\">\n<div class=\"video-container\"><iframe title=\"Joseph Rogers &amp; Sons Vintage Rasierer 7-Tage-Set\" width=\"1170\" height=\"658\" src=\"https:\/\/www.youtube.com\/embed\/fMCv4hhV4Ug?feature=oembed\" frameborder=\"0\" allow=\"accelerometer; autoplay; clipboard-write; encrypted-media; gyroscope; picture-in-picture; web-share\" referrerpolicy=\"strict-origin-when-cross-origin\" allowfullscreen><\/iframe><\/div>\n<\/div><\/figure>\n\n\n\n<p>Erleben Sie den Inbegriff britischer Handwerkskunst und k\u00f6niglicher Eleganz mit dem 7-Tage-Rasiermesserset \u201eVintage Cutlers to Her Majesty Sheffield\u201c von Joseph Rogers &amp; Sons. Dieses von angesehenen Kunsthandwerkern in Sheffield, England, gefertigte Set ist bekannt f\u00fcr sein umfassendes Know-how in der Pr\u00e4zisionsmetallverarbeitung und sein Erbe zeitlosen Stils.<\/p>\n\n\n\n<p>Herausragendes Erbe:<br>Jedes Rasiermesser in diesem exklusiven Set wird von den Schmieden des K\u00f6nigs gefertigt. Die jahrhundertealte Marke verk\u00f6rpert Handwerkskunst und Tradition in jedem sorgf\u00e4ltig gefertigten St\u00fcck.<\/p>\n\n\n\n<p>K\u00f6nigliche Qualit\u00e4t:<br>Die aus feinstem Qualit\u00e4tsstahl gefertigten Rasierer in diesem Set zeugen von h\u00f6chster Qualit\u00e4t und langlebiger Leistung. Sie wurden f\u00fcr eine sanfte und angenehme Rasur entwickelt und verk\u00f6rpern die Pr\u00e4zision und Liebe zum Detail, die die Handwerkskunst von Sheffield so ber\u00fchmt machen.<\/p>\n\n\n\n<p>Vintage-Charme:<br>Erleben Sie den Glamour der Vergangenheit mit dem Vintage-Design dieser Rasierer. Von den verzierten Elfenbeingriffen bis hin zu den perfekt polierten Klingen strahlt jedes Rasiermesser den Charme und die Raffinesse der alten Welt aus.<\/p>\n\n\n\n<p>7-Tage-Genauigkeit:<br>Erweitern Sie Ihre Pflegeroutine mit einem praktischen Rasierer f\u00fcr jeden Tag der Woche. Egal, ob Sie sich auf einen anstrengenden Tag im B\u00fcro oder einen erholsamen Wochenendausflug vorbereiten, mit diesem Set haben Sie immer das perfekte Werkzeug zur Hand.<\/p>\n\n\n\n<p>K\u00f6nigliche Pr\u00e4sentation:<br>Das Joseph Rogers &amp; Sons Vintage Cutlers to her Majesty Shefield 7 Day Razor Set, pr\u00e4sentiert in einer luxuri\u00f6sen Pr\u00e4sentationsbox, strahlt Raffinesse und Luxus aus. Ob stolz auf Ihrem Schminktisch ausgestellt oder als wertvolles Geschenk verschenkt, es verk\u00f6rpert die zeitlose Eleganz britischer Handwerkskunst.<\/p>\n\n\n\n<p>Verbessern Sie Ihr Rasiererlebnis:<br>Tauchen Sie mit dem Royal Razor Set in den Luxus einer vergangenen \u00c4ra ein. Diese Rasierer sind mehr als nur Pflegeutensilien, sie sind ein Verm\u00e4chtnis an Exzellenz und Vornehmheit und sorgen daf\u00fcr, dass jede Rasur eine k\u00f6nigliche Angelegenheit ist.<\/p>","protected":false},"excerpt":{"rendered":"<ul>\n<li>Die Griffe sind aus Elfenbein<\/li>\n<li>Nicht verwendet (NOS \u2013 Neuer alter Lagerbestand)<\/li>\n<li>Guter Zustand<\/li>\n<li>Es sind Anzeichen von Korrosion vorhanden<\/li>\n<li><strong>Ein Rasierer hat einen gro\u00dfen Spalt, zwei haben kleinere Risse<\/strong><\/li>\n<\/ul>","protected":false},"featured_media":1064,"comment_status":"open","ping_status":"closed","template":"","meta":[],"product_brand":[],"product_cat":[23],"product_tag":[118,117,116,119],"class_list":{"0":"post-499","1":"product","2":"type-product","3":"status-publish","4":"has-post-thumbnail","6":"product_cat-razors","7":"product_tag-cutlers","8":"product_tag-joseph-rogers-sons","9":"product_tag-majesty","10":"product_tag-shefield","11":"product_shipping_class-light","13":"first","14":"instock","15":"shipping-taxable","16":"purchasable","17":"product-type-simple"},"_links":{"self":[{"href":"https:\/\/jnats.eu\/de\/wp-json\/wp\/v2\/product\/499","targetHints":{"allow":["GET"]}}],"collection":[{"href":"https:\/\/jnats.eu\/de\/wp-json\/wp\/v2\/product"}],"about":[{"href":"https:\/\/jnats.eu\/de\/wp-json\/wp\/v2\/types\/product"}],"replies":[{"embeddable":true,"href":"https:\/\/jnats.eu\/de\/wp-json\/wp\/v2\/comments?post=499"}],"wp:featuredmedia":[{"embeddable":true,"href":"https:\/\/jnats.eu\/de\/wp-json\/wp\/v2\/media\/1064"}],"wp:attachment":[{"href":"https:\/\/jnats.eu\/de\/wp-json\/wp\/v2\/media?parent=499"}],"wp:term":[{"taxonomy":"product_brand","embeddable":true,"href":"https:\/\/jnats.eu\/de\/wp-json\/wp\/v2\/product_brand?post=499"},{"taxonomy":"product_cat","embeddable":true,"href":"https:\/\/jnats.eu\/de\/wp-json\/wp\/v2\/product_cat?post=499"},{"taxonomy":"product_tag","embeddable":true,"href":"https:\/\/jnats.eu\/de\/wp-json\/wp\/v2\/product_tag?post=499"}],"curies":[{"name":"wp","href":"https:\/\/api.w.org\/{rel}","templated":true}]}}