{"id":5159,"date":"2025-08-26T15:10:01","date_gmt":"2025-08-26T12:10:01","guid":{"rendered":"https:\/\/jnats.eu\/?post_type=product&#038;p=5159"},"modified":"2025-10-20T17:52:29","modified_gmt":"2025-10-20T14:52:29","slug":"iwasaki-kamisori-swedish-steel-naudotas","status":"publish","type":"product","link":"https:\/\/jnats.eu\/de\/produkt-2\/iwasaki-kamisori-swedish-steel-naudotas\/","title":{"rendered":"Iwasaki kamisori Schwedenstahl (gebraucht, gesch\u00e4rft)"},"content":{"rendered":"<figure class=\"wp-block-embed is-type-video is-provider-youtube wp-block-embed-youtube wp-embed-aspect-16-9 wp-has-aspect-ratio\"><div class=\"wp-block-embed__wrapper\">\n<div class=\"video-container\"><iframe title=\"Sch\u00e4rfen des ikonischen Iwasaki Kamisori auf einem Nakayama-Schleifstein\" width=\"1170\" height=\"658\" src=\"https:\/\/www.youtube.com\/embed\/TnGyRyTGinA?start=1049&#038;feature=oembed\" frameborder=\"0\" allow=\"accelerometer; autoplay; clipboard-write; encrypted-media; gyroscope; picture-in-picture; web-share\" referrerpolicy=\"strict-origin-when-cross-origin\" allowfullscreen><\/iframe><\/div>\n<\/div><\/figure>\n\n\n\n<p>Iwasaki ist unter Sammlern und Liebhabern traditioneller Rasiermesser wegen der Qualit\u00e4t seiner Stahlh\u00e4rtung und Verarbeitung sehr beliebt. Das Rasiermesser wurde in der Showa-Periode, etwa in den 1950er Jahren, hergestellt. <\/p>\n\n\n\n<p>Wie ein traditionelles Samuraischwert wurde dieses Kamisori von Hand aus 2 Schichten geschmiedet, wobei der schneidende Teil aus kohlenstoffreichem Stahl und der Drehpunkt aus einem einfacheren Edelstahl besteht. Die mittlere Schicht ist hart f\u00fcr langanhaltende Sch\u00e4rfe und eine angenehme Rasur, w\u00e4hrend die Unterlage f\u00fcr die n\u00f6tige Flexibilit\u00e4t sorgt.<\/p>\n\n\n\n<p>Beide Schichten sind gut korrosionsbest\u00e4ndig, aber kein Stahl ist v\u00f6llig rostfrei. Halten Sie Ihren Rasierer daher immer trocken und sch\u00fctzen Sie ihn nach der Rasur mit einer d\u00fcnnen Schicht \u00d6l.<\/p>","protected":false},"excerpt":{"rendered":"<ul>\n<li>Klingenmaterial: geschmiedeter schwedischer Stahl, geh\u00e4rtet auf relativ harte 63 HRC, so dass es seine Sch\u00e4rfe lange Zeit beh\u00e4lt.<\/li>\n<li>Gesch\u00e4rft mit Nakayama Kiita + Kanayama Streichriemen<\/li>\n<li>Abmessungen der Klinge: ca. 46x17x4,5 mm<\/li>\n<li>Die andere Seite des Rasiermessers wurde von einem Amateur grob bearbeitet<\/li>\n<li>Griffmaterial: geschmiedeter Stahl<\/li>\n<li>Gesamtl\u00e4nge: 151 mm<\/li>\n<li>Gewicht 35 g<\/li>\n<li>Herkunft: Japan<\/li>\n<\/ul>","protected":false},"featured_media":5163,"comment_status":"open","ping_status":"closed","template":"","meta":[],"product_brand":[],"product_cat":[23],"product_tag":[130],"class_list":{"0":"post-5159","1":"product","2":"type-product","3":"status-publish","4":"has-post-thumbnail","6":"product_cat-razors","7":"product_tag-iwasaki","8":"product_shipping_class-light","10":"first","11":"outofstock","12":"shipping-taxable","13":"purchasable","14":"product-type-simple"},"_links":{"self":[{"href":"https:\/\/jnats.eu\/de\/wp-json\/wp\/v2\/product\/5159","targetHints":{"allow":["GET"]}}],"collection":[{"href":"https:\/\/jnats.eu\/de\/wp-json\/wp\/v2\/product"}],"about":[{"href":"https:\/\/jnats.eu\/de\/wp-json\/wp\/v2\/types\/product"}],"replies":[{"embeddable":true,"href":"https:\/\/jnats.eu\/de\/wp-json\/wp\/v2\/comments?post=5159"}],"wp:featuredmedia":[{"embeddable":true,"href":"https:\/\/jnats.eu\/de\/wp-json\/wp\/v2\/media\/5163"}],"wp:attachment":[{"href":"https:\/\/jnats.eu\/de\/wp-json\/wp\/v2\/media?parent=5159"}],"wp:term":[{"taxonomy":"product_brand","embeddable":true,"href":"https:\/\/jnats.eu\/de\/wp-json\/wp\/v2\/product_brand?post=5159"},{"taxonomy":"product_cat","embeddable":true,"href":"https:\/\/jnats.eu\/de\/wp-json\/wp\/v2\/product_cat?post=5159"},{"taxonomy":"product_tag","embeddable":true,"href":"https:\/\/jnats.eu\/de\/wp-json\/wp\/v2\/product_tag?post=5159"}],"curies":[{"name":"wp","href":"https:\/\/api.w.org\/{rel}","templated":true}]}}