{"id":5204,"date":"2025-09-12T11:07:37","date_gmt":"2025-09-12T08:07:37","guid":{"rendered":"https:\/\/jnats.eu\/?post_type=product&#038;p=5204"},"modified":"2025-09-16T13:13:04","modified_gmt":"2025-09-16T10:13:04","slug":"peiliu-rinkinys-suncraft-elegancia-3-vnt-sefo-peilis-20-cm-universalus-peilis-15-cm-universalus-peilis-10-cm-ksk-set3","status":"publish","type":"product","link":"https:\/\/jnats.eu\/de\/produkt-2\/peiliu-rinkinys-suncraft-elegancia-3-vnt-sefo-peilis-20-cm-universalus-peilis-15-cm-universalus-peilis-10-cm-ksk-set3\/","title":{"rendered":"Messerset Suncraft Elegancia, 3-tlg., Kochmesser 20 cm + Allzweckmesser 15 cm, Allzweckmesser 10 cm, KSK-SET3"},"content":{"rendered":"<p><strong>KSK-SET3 Messerset Suncraft Elegancia, 3-tlg., Kochmesser 20 cm, Allzweckmesser 15 cm, Mehrzweckmesser 10 cm, KSK-SET3, Pulverstahl SG2<\/strong><\/p>\n\n\n\n<p>Dieses Stahlmesser\u00a0<strong>\"Eleganz\"<\/strong>\u00a0Das Set ist das perfekte Geschenk f\u00fcr jemanden, der gerne kocht. Japanische Kunst, tadellose Qualit\u00e4t und Eleganz werden auch den anspruchsvollsten Koch beeindrucken.<\/p>\n\n\n\n<p><strong>Das Set enth\u00e4lt:<\/strong><\/p>\n\n\n\n<p>- Kochmesser \"Elegancia Chef\", 20 cm.<\/p>\n\n\n\n<p>- Mehrzweckmesser \"Elegancia Petty\", 15 cm.<\/p>\n\n\n\n<p>- Mehrzweckmesser \"Elegancia Paring\", 10 cm.<\/p>\n\n\n\n<p>Robuste, sehr scharfe und schwere japanische Messer\u00a0<strong>Suncraft \"Eleganz\"<\/strong>\u00a0aus japanischem, pulverbeschichtetem SG2-Stahl, mit markantem Design und h\u00f6chster Qualit\u00e4t. Die Spitzen und Kanten der Messer sind bis zur Spitze hin verj\u00fcngt, was diesen Messern Vielseitigkeit und Schneidkraft verleiht. Der Griff besteht aus Hartholz und ist wasserdicht und geruchsneutral. Sie k\u00f6nnen absolut sicher sein, dass der Hartholzgriff nicht oxidiert oder weicher wird und nicht die zus\u00e4tzliche Pflege ben\u00f6tigt, die gew\u00f6hnliches Holz ben\u00f6tigt.<\/p>\n\n\n\n<p>- Kochmesser\u00a0<strong>\"Elegancia Chef\"<\/strong>\u00a0Dank seines geschwungenen Designs eignet es sich nicht nur zum Schneiden von Fleisch, sondern auch zum Hacken von Kr\u00e4utern, Gem\u00fcse oder sogar N\u00fcssen. Die lange Klinge und der Griff im westlichen Stil geben Ihnen die volle Kontrolle beim Schneiden. Japanische Kunst, Pr\u00e4zision und neue Technologien machen dieses Messer einzigartig und unnachahmlich.<\/p>\n\n\n\n<p>- Schneiden oder Reinigen von Fleisch, Obst oder Gem\u00fcse mit dem japanischen Universalmesser\u00a0<strong>\"Elegance Petty\"<\/strong>\u00a0wird ein Scherz sein.<\/p>\n\n\n\n<p>- \"<strong>Elegance Paring\"\u00a0<\/strong>ist eine gro\u00dfartige Alternative zu einem Kochmesser. Das Messer ist klein, aber perfekt zum Hacken von kleinem Gem\u00fcse, zum Sch\u00e4len von Obst oder sogar zum Schneiden von Fleisch. Die geschwungenen Kanten des Messers sorgen f\u00fcr ein einwandfreies Gleiten.<\/p>\n\n\n\n<p><strong>Eigenschaften der Suncraft Elegancia Pulverstahlmesser:<\/strong><\/p>\n\n\n\n<p>- Hergestellt aus japanischem pulverbeschichtetem SG2-Edelstahl;<\/p>\n\n\n\n<p>- Kernh\u00e4rte - R63 +\/- 1;<\/p>\n\n\n\n<p>- Abmessungen (Kochmesser): Klingenl\u00e4nge - 20 cm, Gesamtl\u00e4nge - 34 cm.<\/p>\n\n\n\n<p>- Abmessungen (kleines Universalmesser): Klingenl\u00e4nge 15 cm, Gesamtl\u00e4nge 26 cm.<\/p>\n\n\n\n<p>- Abmessungen (Gem\u00fcsemesser): Klingenl\u00e4nge - 10 cm.<\/p>\n\n\n\n<p>- Gewicht (Kochmesser): 197 g.<\/p>\n\n\n\n<p>- Gewicht (Universalmesser): 104 g.<\/p>\n\n\n\n<p>- Hergestellt in Japan.<\/p>\n\n\n\n<p>- Nicht sp\u00fclmaschinenfest.<\/p>","protected":false},"excerpt":{"rendered":"<p>Das Set enth\u00e4lt:<\/p>\n<p>- Kochmesser \"Elegancia Chef\", 20 cm.<\/p>\n<p>- Mehrzweckmesser \"Elegancia Petty\", 15 cm.<\/p>\n<p>- Mehrzweckmesser \"Elegancia Paring\", 10 cm.<\/p>","protected":false},"featured_media":5210,"comment_status":"open","ping_status":"closed","template":"","meta":[],"product_brand":[],"product_cat":[24],"product_tag":[76,103],"class_list":{"0":"post-5204","1":"product","2":"type-product","3":"status-publish","4":"has-post-thumbnail","6":"product_cat-knifes","7":"product_tag-peilis","8":"product_tag-suncraft","9":"product_shipping_class-iprastas","11":"first","12":"instock","13":"shipping-taxable","14":"purchasable","15":"product-type-simple"},"_links":{"self":[{"href":"https:\/\/jnats.eu\/de\/wp-json\/wp\/v2\/product\/5204","targetHints":{"allow":["GET"]}}],"collection":[{"href":"https:\/\/jnats.eu\/de\/wp-json\/wp\/v2\/product"}],"about":[{"href":"https:\/\/jnats.eu\/de\/wp-json\/wp\/v2\/types\/product"}],"replies":[{"embeddable":true,"href":"https:\/\/jnats.eu\/de\/wp-json\/wp\/v2\/comments?post=5204"}],"wp:featuredmedia":[{"embeddable":true,"href":"https:\/\/jnats.eu\/de\/wp-json\/wp\/v2\/media\/5210"}],"wp:attachment":[{"href":"https:\/\/jnats.eu\/de\/wp-json\/wp\/v2\/media?parent=5204"}],"wp:term":[{"taxonomy":"product_brand","embeddable":true,"href":"https:\/\/jnats.eu\/de\/wp-json\/wp\/v2\/product_brand?post=5204"},{"taxonomy":"product_cat","embeddable":true,"href":"https:\/\/jnats.eu\/de\/wp-json\/wp\/v2\/product_cat?post=5204"},{"taxonomy":"product_tag","embeddable":true,"href":"https:\/\/jnats.eu\/de\/wp-json\/wp\/v2\/product_tag?post=5204"}],"curies":[{"name":"wp","href":"https:\/\/api.w.org\/{rel}","templated":true}]}}