{"id":5214,"date":"2025-09-16T11:14:24","date_gmt":"2025-09-16T08:14:24","guid":{"rendered":"https:\/\/jnats.eu\/?post_type=product&#038;p=5214"},"modified":"2025-09-16T11:26:38","modified_gmt":"2025-09-16T08:26:38","slug":"masamotoyama-karasu","status":"publish","type":"product","link":"https:\/\/jnats.eu\/de\/produkt-2\/masamotoyama-karasu\/","title":{"rendered":"Masamotoyama Karasu"},"content":{"rendered":"<figure class=\"wp-block-embed is-type-video is-provider-youtube wp-block-embed-youtube wp-embed-aspect-9-16 wp-has-aspect-ratio\"><div class=\"wp-block-embed__wrapper\">\n<div class=\"video-container\"><iframe title=\"Sch\u00e4rfen eines legend\u00e4ren Iwasaki-Rasiermessers auf Masamotoyama Karasu #jnats\" width=\"563\" height=\"1000\" src=\"https:\/\/www.youtube.com\/embed\/b1dEz58ucpQ?feature=oembed\" frameborder=\"0\" allow=\"accelerometer; autoplay; clipboard-write; encrypted-media; gyroscope; picture-in-picture; web-share\" referrerpolicy=\"strict-origin-when-cross-origin\" allowfullscreen><\/iframe><\/div>\n<\/div><\/figure>","protected":false},"excerpt":{"rendered":"<ul>\n<li>Feiner japanischer Schleifstein zum Sch\u00e4rfen.<\/li>\n<li>Geeignet f\u00fcr die Endbearbeitung von Rasiermessern, Messern, Scheren, Tischlerei- und anderen Werkzeugen.<\/li>\n<li>Abmessungen: 209x80x45 mm<\/li>\n<li>Gewicht: 1770 g<\/li>\n<li>H\u00e4rte: Lv 4,5<\/li>\n<li>Die Oberfl\u00e4che ist glatt und arbeitsbereit.<\/li>\n<li>Die gro\u00dfe Linie ist mit dem Finger leicht sp\u00fcrbar, st\u00f6rt aber nicht beim Sch\u00e4rfen.<\/li>\n<\/ul>","protected":false},"featured_media":5216,"comment_status":"open","ping_status":"closed","template":"","meta":[],"product_brand":[],"product_cat":[22],"product_tag":[57,316],"class_list":{"0":"post-5214","1":"product","2":"type-product","3":"status-publish","4":"has-post-thumbnail","6":"product_cat-jnats","7":"product_tag-karasu","8":"product_tag-masamotoyama","9":"product_shipping_class-iprastas","11":"first","12":"instock","13":"shipping-taxable","14":"purchasable","15":"product-type-simple"},"_links":{"self":[{"href":"https:\/\/jnats.eu\/de\/wp-json\/wp\/v2\/product\/5214","targetHints":{"allow":["GET"]}}],"collection":[{"href":"https:\/\/jnats.eu\/de\/wp-json\/wp\/v2\/product"}],"about":[{"href":"https:\/\/jnats.eu\/de\/wp-json\/wp\/v2\/types\/product"}],"replies":[{"embeddable":true,"href":"https:\/\/jnats.eu\/de\/wp-json\/wp\/v2\/comments?post=5214"}],"wp:featuredmedia":[{"embeddable":true,"href":"https:\/\/jnats.eu\/de\/wp-json\/wp\/v2\/media\/5216"}],"wp:attachment":[{"href":"https:\/\/jnats.eu\/de\/wp-json\/wp\/v2\/media?parent=5214"}],"wp:term":[{"taxonomy":"product_brand","embeddable":true,"href":"https:\/\/jnats.eu\/de\/wp-json\/wp\/v2\/product_brand?post=5214"},{"taxonomy":"product_cat","embeddable":true,"href":"https:\/\/jnats.eu\/de\/wp-json\/wp\/v2\/product_cat?post=5214"},{"taxonomy":"product_tag","embeddable":true,"href":"https:\/\/jnats.eu\/de\/wp-json\/wp\/v2\/product_tag?post=5214"}],"curies":[{"name":"wp","href":"https:\/\/api.w.org\/{rel}","templated":true}]}}