{"id":5311,"date":"2025-10-08T11:11:10","date_gmt":"2025-10-08T08:11:10","guid":{"rendered":"https:\/\/jnats.eu\/?post_type=product&#038;p=5311"},"modified":"2025-11-11T19:57:46","modified_gmt":"2025-11-11T17:57:46","slug":"j-a-henckels-friodur-inox-no-stain-72-klasikinis-tiesus-skustuvas-solingen-vokietija","status":"publish","type":"product","link":"https:\/\/jnats.eu\/de\/produkt-2\/j-a-henckels-friodur-inox-no-stain-72-klasikinis-tiesus-skustuvas-solingen-vokietija\/","title":{"rendered":"J.A. Henckels Friodur Inox No Stain 72 - klassisches Rasiermesser (Solingen, Deutschland)"},"content":{"rendered":"<p>High-End-Rasiermesser aus der legend\u00e4ren <strong>J.A. Henckels Zwillingwerk<\/strong> Workshop in Solingen, Deutschland. Modell <strong>Friodur 72<\/strong> hergestellt aus <strong>Geh\u00e4rteter rostfreier Stahl (Inox No Stain)<\/strong>mit au\u00dfergew\u00f6hnlicher Korrosionsbest\u00e4ndigkeit und Haltbarkeit.<\/p>\n\n\n\n<figure class=\"wp-block-embed is-type-video is-provider-youtube wp-block-embed-youtube wp-embed-aspect-9-16 wp-has-aspect-ratio\"><div class=\"wp-block-embed__wrapper\">\n<div class=\"video-container\"><iframe title=\"J.A. Henckels Friodur Inox Nr. Fleck 72 Gold waschen\" width=\"563\" height=\"1000\" src=\"https:\/\/www.youtube.com\/embed\/CQ2db5ramGI?feature=oembed\" frameborder=\"0\" allow=\"accelerometer; autoplay; clipboard-write; encrypted-media; gyroscope; picture-in-picture; web-share\" referrerpolicy=\"strict-origin-when-cross-origin\" allowfullscreen><\/iframe><\/div>\n<\/div><\/figure>\n\n\n\n<p>Blattseite dekoriert <strong>mit dem urspr\u00fcnglichen Goldwaschmuster (eine d\u00fcnne Schicht aus echtem Gold)<\/strong>f\u00fcr ein unverwechselbares, klassisches Aussehen. Es ist ein Rasiermesser mit Sammler- und praktischem Wert, das sowohl f\u00fcr den Gebrauch als auch f\u00fcr die Ausstellung geeignet ist.<\/p>\n\n\n\n<p><strong>Eigenschaften:<\/strong><\/p>\n\n\n\n<ul class=\"wp-block-list\">\n<li>\u2705 <strong>Hersteller:<\/strong> J.A. Henckels Zwillingwerk AG (Solingen, Deutschland)<\/li>\n\n\n\n<li>\ud83e\ude92 <strong>Modell:<\/strong> Friodur Inox Keine Beize 72<\/li>\n\n\n\n<li>\ud83d\udd2a <strong>Klinge:<\/strong> Rostfreier Stahl, Friodur Kryogenh\u00e4rtung<\/li>\n\n\n\n<li>\u2728 <strong>Dekoration:<\/strong> Original-Goldwaschmuster (d\u00fcnne Schicht aus echtem Gold)<\/li>\n\n\n\n<li>\ud83e\uddf0 <strong>Rankena:<\/strong> Klassisch gestalteter Kunststoff mit Friodur-Logo<\/li>\n\n\n\n<li>\ud83d\udce6 <strong>Verpackung:<\/strong> Original rote Kunststoffbox mit goldenem Logo<\/li>\n\n\n\n<li>\ud83c\udde9\ud83c\uddea <strong>Herkunft:<\/strong> Solingen, Deutschland<\/li>\n<\/ul>\n\n\n\n<p><strong>Merkmale:<\/strong><\/p>\n\n\n\n<ul class=\"wp-block-list\">\n<li>Extra scharfe und lang anhaltende Schneide<\/li>\n\n\n\n<li>Pflegeleichter Edelstahl<\/li>\n\n\n\n<li>Authentisches Solinger Produkt, Sammlermodell<\/li>\n\n\n\n<li>Perfekt f\u00fcr Rasierliebhaber und Sammler gleicherma\u00dfen<\/li>\n<\/ul>","protected":false},"excerpt":{"rendered":"<ul>\n<li>Rostfreier Stahl Inox, Friodur - kaltgeh\u00e4rtet<\/li>\n<li>Blattseite dekoriert <strong>mit dem urspr\u00fcnglichen Goldwaschmuster (eine d\u00fcnne Schicht aus echtem Gold)<\/strong>,<\/li>\n<li>Polymer-Griff<\/li>\n<li>Kunststoffbox<\/li>\n<li>Gewicht - 50 g<\/li>\n<li>Abmessungen der Klinge - 75x20x6 mm<\/li>\n<li>Das Rasiermesser wurde nicht benutzt, aber aufgrund der langen Lagerung hat die Box einige kleine Kratzer.<\/li>\n<\/ul>","protected":false},"featured_media":5313,"comment_status":"open","ping_status":"closed","template":"","meta":[],"product_brand":[],"product_cat":[23],"product_tag":[158,156],"class_list":{"0":"post-5311","1":"product","2":"type-product","3":"status-publish","4":"has-post-thumbnail","6":"product_cat-razors","7":"product_tag-friodur","8":"product_tag-henckels","9":"product_shipping_class-light","11":"first","12":"outofstock","13":"shipping-taxable","14":"purchasable","15":"product-type-simple"},"_links":{"self":[{"href":"https:\/\/jnats.eu\/de\/wp-json\/wp\/v2\/product\/5311","targetHints":{"allow":["GET"]}}],"collection":[{"href":"https:\/\/jnats.eu\/de\/wp-json\/wp\/v2\/product"}],"about":[{"href":"https:\/\/jnats.eu\/de\/wp-json\/wp\/v2\/types\/product"}],"replies":[{"embeddable":true,"href":"https:\/\/jnats.eu\/de\/wp-json\/wp\/v2\/comments?post=5311"}],"wp:featuredmedia":[{"embeddable":true,"href":"https:\/\/jnats.eu\/de\/wp-json\/wp\/v2\/media\/5313"}],"wp:attachment":[{"href":"https:\/\/jnats.eu\/de\/wp-json\/wp\/v2\/media?parent=5311"}],"wp:term":[{"taxonomy":"product_brand","embeddable":true,"href":"https:\/\/jnats.eu\/de\/wp-json\/wp\/v2\/product_brand?post=5311"},{"taxonomy":"product_cat","embeddable":true,"href":"https:\/\/jnats.eu\/de\/wp-json\/wp\/v2\/product_cat?post=5311"},{"taxonomy":"product_tag","embeddable":true,"href":"https:\/\/jnats.eu\/de\/wp-json\/wp\/v2\/product_tag?post=5311"}],"curies":[{"name":"wp","href":"https:\/\/api.w.org\/{rel}","templated":true}]}}