{"id":5329,"date":"2025-10-08T11:45:20","date_gmt":"2025-10-08T08:45:20","guid":{"rendered":"https:\/\/jnats.eu\/?post_type=product&#038;p=5329"},"modified":"2025-11-23T10:59:32","modified_gmt":"2025-11-23T08:59:32","slug":"ohira-uchigumori-naturalus-japoniskas-galandinimo-akmuo-%e5%86%85%e6%9b%87%e7%a0%a5","status":"publish","type":"product","link":"https:\/\/jnats.eu\/de\/produkt-2\/ohira-uchigumori-naturalus-japoniskas-galandinimo-akmuo-%e5%86%85%e6%9b%87%e7%a0%a5\/","title":{"rendered":"Ohira Uchigumori - nat\u00fcrlicher japanischer Wetzstein (\u5185\u66c7\u7825)"},"content":{"rendered":"<p>Hohe Qualit\u00e4t <strong>Uchigumori Nat\u00fcrliches Japanisch<\/strong> ein Stein, der aus dem ber\u00fchmten <strong>Ohira<\/strong> Steinbruch in Kyoto, Japan. Diese Steine werden traditionell verwendet <strong>Endbearbeitung und Polieren der Klingen<\/strong>insbesondere f\u00fcr japanische Schmiedemesser, Schwerter und hochwertige Werkzeuge.<\/p>\n\n\n\n<figure class=\"wp-block-embed is-type-video is-provider-youtube wp-block-embed-youtube wp-embed-aspect-16-9 wp-has-aspect-ratio\"><div class=\"wp-block-embed__wrapper\">\n<div class=\"video-container\"><iframe title=\"Ohira Uchigumori Stein - Legend\u00e4rer japanischer Schleifstein\" width=\"1170\" height=\"658\" src=\"https:\/\/www.youtube.com\/embed\/TtPEvr_U_To?feature=oembed\" frameborder=\"0\" allow=\"accelerometer; autoplay; clipboard-write; encrypted-media; gyroscope; picture-in-picture; web-share\" referrerpolicy=\"strict-origin-when-cross-origin\" allowfullscreen><\/iframe><\/div>\n<\/div><\/figure>\n\n\n\n<p>\"Uchigumori-Steine sind ber\u00fchmt f\u00fcr ihre <strong>ein zartes, knirschendes Gef\u00fchl<\/strong> und die F\u00e4higkeit zur Schaffung einzigartiger <strong>kasumi (nebel)<\/strong> oder <strong>unscharfer Kontrast<\/strong> zwischen dem h\u00e4rteren Stahl der Klinge und der weicheren Seite, was von professionellen Handwerkern und Messerliebhabern sehr gesch\u00e4tzt wird.<\/p>\n\n\n\n<hr class=\"wp-block-separator has-alpha-channel-opacity\"\/>\n\n\n\n<p><strong>Eigenschaften:<\/strong><\/p>\n\n\n\n<ul class=\"wp-block-list\">\n<li>\ud83c\uddef\ud83c\uddf5 <strong>Herkunft:<\/strong> Ohira, Pr\u00e4fektur Kyoto, Japan<\/li>\n\n\n\n<li>\ud83e\udea8 <strong>Art:<\/strong> Nat\u00fcrlicher japanischer Wasserstein (Uchigumori - \u5185\u66c7\u7825)<\/li>\n\n\n\n<li>\ud83c\udf3f <strong>Verwendet:<\/strong> Endpolitur (Endstein)<\/li>\n\n\n\n<li>\u2728 <strong>Rauheit:<\/strong> Ca. 6000-8000+ (nat\u00fcrlich, nicht standardisiert)<\/li>\n\n\n\n<li>\ud83e\uddf1 <strong>H\u00e4rte:<\/strong> Mittel bis weich (je nach St\u00fcck)<\/li>\n\n\n\n<li>\ud83d\udca7 Nur mit Wasser verwenden, kein \u00d6l<\/li>\n<\/ul>\n\n\n\n<hr class=\"wp-block-separator has-alpha-channel-opacity\"\/>\n\n\n\n<p><strong>Merkmale:<\/strong><\/p>\n\n\n\n<ul class=\"wp-block-list\">\n<li>Schafft einen Klassiker <strong>Kasumi-Effekt<\/strong> auf einer japanischen Klinge<\/li>\n\n\n\n<li>Sehr sanftes Sch\u00e4rfegef\u00fchl, kontrolliert abrasiv<\/li>\n\n\n\n<li>Geeignet f\u00fcr Profis und Sammler, die ein authentisches japanisches Finish suchen<\/li>\n\n\n\n<li>Jeder Stein ist <strong>ein Einzelst\u00fcck<\/strong>mit einer ausgepr\u00e4gten Textur und Struktur<\/li>\n<\/ul>\n\n\n\n<hr class=\"wp-block-separator has-alpha-channel-opacity\"\/>\n\n\n\n<p>\ud83d\udcdd <strong>Bemerkung:<\/strong> Uchigumori-Steine werden oft in Kombination mit Nagura (einem feineren Hilfsstein) verwendet, um eine Schlammschicht zu bilden, die den Poliereffekt verbessert. Aufgrund ihrer nat\u00fcrlichen Beschaffenheit k\u00f6nnen sie <strong>kleine Risse, Schichtungen oder nat\u00fcrliche Einschl\u00fcsse<\/strong>die Nutzung nicht beeintr\u00e4chtigen.<\/p>","protected":false},"excerpt":{"rendered":"<ul>\n<li>Geeignet zum Polieren von Messern und anderen Werkzeugen sowie zum Sch\u00e4rfen<\/li>\n<li>Ma\u00dfe und Gewicht ca.:<\/li>\n<li>1: 205x60x56 mm. 1750 g.<\/li>\n<li>2: 204x75x45 mm. 1810 g.<\/li>\n<li>3: 208x71x57 mm. 2170 g.<\/li>\n<li>H\u00e4rte: Lv 4. Viel h\u00e4rter als die klassische Ohira Uchigumori, erinnert sehr an die Mizukihara Analoga.<\/li>\n<li>Die Oberfl\u00e4che ist nicht ganz glatt, nur ein Teil davon ist gebrauchsfertig. Wir k\u00f6nnen die gesamte Oberfl\u00e4che gl\u00e4tten, wenn Sie es w\u00fcnschen, aber dies wird das Gewicht um ein paar Dutzend Gramm reduzieren.<\/li>\n<li><strong>Der kleinste hat eine \"giftige\" Linie.<\/strong><\/li>\n<\/ul>","protected":false},"featured_media":5330,"comment_status":"open","ping_status":"closed","template":"","meta":[],"product_brand":[],"product_cat":[22],"product_tag":[47,193],"class_list":{"0":"post-5329","1":"product","2":"type-product","3":"status-publish","4":"has-post-thumbnail","6":"product_cat-jnats","7":"product_tag-ohira","8":"product_tag-uchigumori","9":"product_shipping_class-iprastas","11":"first","12":"instock","13":"shipping-taxable","14":"purchasable","15":"product-type-variable"},"_links":{"self":[{"href":"https:\/\/jnats.eu\/de\/wp-json\/wp\/v2\/product\/5329","targetHints":{"allow":["GET"]}}],"collection":[{"href":"https:\/\/jnats.eu\/de\/wp-json\/wp\/v2\/product"}],"about":[{"href":"https:\/\/jnats.eu\/de\/wp-json\/wp\/v2\/types\/product"}],"replies":[{"embeddable":true,"href":"https:\/\/jnats.eu\/de\/wp-json\/wp\/v2\/comments?post=5329"}],"wp:featuredmedia":[{"embeddable":true,"href":"https:\/\/jnats.eu\/de\/wp-json\/wp\/v2\/media\/5330"}],"wp:attachment":[{"href":"https:\/\/jnats.eu\/de\/wp-json\/wp\/v2\/media?parent=5329"}],"wp:term":[{"taxonomy":"product_brand","embeddable":true,"href":"https:\/\/jnats.eu\/de\/wp-json\/wp\/v2\/product_brand?post=5329"},{"taxonomy":"product_cat","embeddable":true,"href":"https:\/\/jnats.eu\/de\/wp-json\/wp\/v2\/product_cat?post=5329"},{"taxonomy":"product_tag","embeddable":true,"href":"https:\/\/jnats.eu\/de\/wp-json\/wp\/v2\/product_tag?post=5329"}],"curies":[{"name":"wp","href":"https:\/\/api.w.org\/{rel}","templated":true}]}}