{"id":5400,"date":"2025-11-08T11:19:38","date_gmt":"2025-11-08T09:19:38","guid":{"rendered":"https:\/\/jnats.eu\/?post_type=product&#038;p=5400"},"modified":"2025-11-21T21:34:04","modified_gmt":"2025-11-21T19:34:04","slug":"zwilling-j-a-henkels-17-friodur-inox-no-stain-solingen-germany","status":"publish","type":"product","link":"https:\/\/jnats.eu\/de\/produkt-2\/zwilling-j-a-henkels-17-friodur-inox-no-stain-solingen-germany\/","title":{"rendered":"Zwilling J.A. Henkels 17 Friodur Inox No Stain Solingen Deutschland"},"content":{"rendered":"<p>High-End-Rasiermesser aus der legend\u00e4ren <strong>J.A. Henckels Zwillingwerk<\/strong> Werkstatt in Solingen, Deutschland. Das gr\u00f6\u00dfte Modell des Herstellers <strong>Friodur 17<\/strong> hergestellt aus <strong>Geh\u00e4rteter rostfreier Stahl (Inox No Stain)<\/strong>mit au\u00dfergew\u00f6hnlicher Korrosionsbest\u00e4ndigkeit und Haltbarkeit.<\/p>\n\n\n\n<figure class=\"wp-block-embed is-type-video is-provider-youtube wp-block-embed-youtube wp-embed-aspect-9-16 wp-has-aspect-ratio\"><div class=\"wp-block-embed__wrapper\">\n<div class=\"video-container\"><iframe title=\"Das gr\u00f6\u00dfte Rasiermesser von Zwilling J.A. Henkels\" width=\"563\" height=\"1000\" src=\"https:\/\/www.youtube.com\/embed\/yCK3QmOwc5E?feature=oembed\" frameborder=\"0\" allow=\"accelerometer; autoplay; clipboard-write; encrypted-media; gyroscope; picture-in-picture; web-share\" referrerpolicy=\"strict-origin-when-cross-origin\" allowfullscreen><\/iframe><\/div>\n<\/div><\/figure>\n\n\n\n<p><strong>Eigenschaften:<\/strong><\/p>\n\n\n\n<ul class=\"wp-block-list\">\n<li>\u2705 <strong>Hersteller:<\/strong> J.A. Henckels Zwillingwerk AG (Solingen, Deutschland)<\/li>\n\n\n\n<li>\ud83e\ude92 <strong>Das gr\u00f6\u00dfte Modell des Herstellers <strong>Friodur 17<\/strong>:<\/strong> Friodur Inox Nr. Beize 17<\/li>\n\n\n\n<li>\ud83d\udd2a <strong>Klinge:<\/strong> Rostfreier Stahl, Friodur Kryogenh\u00e4rtung<\/li>\n\n\n\n<li>\ud83e\uddf0 <strong>Rankena:<\/strong> Klassisch gestalteter Kunststoff mit Friodur-Logo<\/li>\n\n\n\n<li>\ud83d\udce6 <strong>Verpackung:<\/strong> Plastikt\u00fcte<\/li>\n\n\n\n<li>\ud83c\udde9\ud83c\uddea <strong>Herkunft:<\/strong> Solingen, Deutschland<\/li>\n<\/ul>\n\n\n\n<p><strong>Merkmale:<\/strong><\/p>\n\n\n\n<ul class=\"wp-block-list\">\n<li>Extra scharfe und lang anhaltende Schneide<\/li>\n\n\n\n<li>Pflegeleichter Edelstahl<\/li>\n\n\n\n<li>Authentisches Solinger Produkt, Sammlermodell<\/li>\n\n\n\n<li>Perfekt f\u00fcr Rasierliebhaber und Sammler gleicherma\u00dfen<\/li>\n<\/ul>","protected":false},"excerpt":{"rendered":"<ul>\n<li>Rostfreier Stahl Inox, Friodur - kaltgeh\u00e4rtet<\/li>\n<li>Griff aus Polymer, <strong>geklebt<\/strong><\/li>\n<li>Ohne Karton, nur Plastikt\u00fcte mit Anleitung<\/li>\n<li>Gewicht - 63 g<\/li>\n<li>Abmessungen der Klinge - 75x22x6 mm<\/li>\n<li>Das Rasiermesser scheint unbenutzt zu sein, hat aber aufgrund der langen Lagerung einige kleine Kratzer.<\/li>\n<\/ul>","protected":false},"featured_media":5402,"comment_status":"closed","ping_status":"closed","template":"","meta":[],"product_brand":[],"product_cat":[23],"product_tag":[158,132,59],"class_list":{"0":"post-5400","1":"product","2":"type-product","3":"status-publish","4":"has-post-thumbnail","6":"product_cat-razors","7":"product_tag-friodur","8":"product_tag-henkels","9":"product_tag-zwilling","10":"product_shipping_class-light","12":"first","13":"outofstock","14":"shipping-taxable","15":"purchasable","16":"product-type-simple"},"_links":{"self":[{"href":"https:\/\/jnats.eu\/de\/wp-json\/wp\/v2\/product\/5400","targetHints":{"allow":["GET"]}}],"collection":[{"href":"https:\/\/jnats.eu\/de\/wp-json\/wp\/v2\/product"}],"about":[{"href":"https:\/\/jnats.eu\/de\/wp-json\/wp\/v2\/types\/product"}],"replies":[{"embeddable":true,"href":"https:\/\/jnats.eu\/de\/wp-json\/wp\/v2\/comments?post=5400"}],"wp:featuredmedia":[{"embeddable":true,"href":"https:\/\/jnats.eu\/de\/wp-json\/wp\/v2\/media\/5402"}],"wp:attachment":[{"href":"https:\/\/jnats.eu\/de\/wp-json\/wp\/v2\/media?parent=5400"}],"wp:term":[{"taxonomy":"product_brand","embeddable":true,"href":"https:\/\/jnats.eu\/de\/wp-json\/wp\/v2\/product_brand?post=5400"},{"taxonomy":"product_cat","embeddable":true,"href":"https:\/\/jnats.eu\/de\/wp-json\/wp\/v2\/product_cat?post=5400"},{"taxonomy":"product_tag","embeddable":true,"href":"https:\/\/jnats.eu\/de\/wp-json\/wp\/v2\/product_tag?post=5400"}],"curies":[{"name":"wp","href":"https:\/\/api.w.org\/{rel}","templated":true}]}}