{"id":5423,"date":"2025-11-10T11:50:29","date_gmt":"2025-11-10T09:50:29","guid":{"rendered":"https:\/\/jnats.eu\/?post_type=product&#038;p=5423"},"modified":"2025-11-15T19:47:51","modified_gmt":"2025-11-15T17:47:51","slug":"japoniskas-naturalus-galandimo-akmuo-shohonyama-shiroto","status":"publish","type":"product","link":"https:\/\/jnats.eu\/de\/produkt-2\/japoniskas-naturalus-galandimo-akmuo-shohonyama-shiroto\/","title":{"rendered":"Japanischer Natursch\u00e4rfstein Sh\u014dhon'yama Shiroto"},"content":{"rendered":"<figure class=\"wp-block-embed is-type-video is-provider-youtube wp-block-embed-youtube wp-embed-aspect-16-9 wp-has-aspect-ratio\"><div class=\"wp-block-embed__wrapper\">\n<div class=\"video-container\"><iframe title=\"Japanische nat\u00fcrliche mittlere Schleifsteine: Fein und extra fein Aizu + Sh\u014dhon&#039;yama Shiroto\" width=\"1170\" height=\"658\" src=\"https:\/\/www.youtube.com\/embed\/AUi6ntDU60U?start=301&#038;feature=oembed\" frameborder=\"0\" allow=\"accelerometer; autoplay; clipboard-write; encrypted-media; gyroscope; picture-in-picture; web-share\" referrerpolicy=\"strict-origin-when-cross-origin\" allowfullscreen><\/iframe><\/div>\n<\/div><\/figure>\n\n\n\n<p>Das Etikett ist auf Japanisch:<\/p>\n\n\n\n<p><strong>\u6b63\u672c\u5c71\u767d\u7825<\/strong> - <em>Sh\u014dhon'yama Shiroto<\/em><br><strong>\u5408\u7825\u632f\u7279\u64b0<\/strong> - <em>Aoto-furi-Tokusen<\/em><br><strong>\u5408\u7825\u5c71\u7523<\/strong> - <em>Aoto-yama san<\/em> (bedeutet \"ausgegraben auf dem Berg Aoto\")<\/p>\n\n\n\n<p>\u00dcbersetzung:<\/p>\n\n\n\n<blockquote class=\"wp-block-quote is-layout-flow wp-block-quote-is-layout-flow\">\n<p>\"Ein wei\u00dfer, speziell ausgew\u00e4hlter Schleifstein aus dem Berg Aoto.\"<\/p>\n<\/blockquote>\n\n\n\n<p>Dies ist ein japanischer Natursch\u00e4rfstein <strong>Sh\u014dhon'yama Shiroto<\/strong>d. h. \"echter wei\u00dfer Stein aus Sh\u014dhon'yama\". \"Tokusen\" (\u7279\u64b0) bedeutet, dass es sich um <strong>hohe Qualit\u00e4t, speziell ausgew\u00e4hlt<\/strong> Kopien.<\/p>","protected":false},"excerpt":{"rendered":"<ul class=\"wp-block-list\">\n<li>Japanischer Natursch\u00e4rfstein mit mittlerer K\u00f6rnung <strong>Sh\u014dhon'yama Shiroto<\/strong>. \"Tokusen\" (\u7279\u64b0) bedeutet, dass diese <strong>hohe Qualit\u00e4t, speziell ausgew\u00e4hlt<\/strong> Kopien.<\/li>\n<li>Geeignet zum Zwischen- oder Endsch\u00e4rfen von Messern, Scheren, Tischler- und anderen Werkzeugen.<\/li>\n<li>Abmessungen: fein 203x49x68 mm<\/li>\n<li>Gewicht: 1680 g.<\/li>\n<li>K\u00f6rnung ca. 2000er K\u00f6rnung<\/li>\n<li>H\u00e4rte: Lv 4,5<\/li>\n<li>Der in der Mitte des letzten Jahrhunderts gebrochene Stein zeichnet sich durch seine Schnelligkeit und Gl\u00e4tte aus.<\/li>\n<li>Alle Seiten sind ausgerichtet und bereit f\u00fcr die Arbeit.<\/li>\n<li><strong>Sie k\u00f6nnen die Arbeit im Video unten ansehen.<\/strong><\/li>\n<\/ul>","protected":false},"featured_media":5428,"comment_status":"closed","ping_status":"closed","template":"","meta":[],"product_brand":[],"product_cat":[22],"product_tag":[363,375],"class_list":{"0":"post-5423","1":"product","2":"type-product","3":"status-publish","4":"has-post-thumbnail","6":"product_cat-jnats","7":"product_tag-nakatoishi","8":"product_tag-shiroto","9":"product_shipping_class-iprastas","11":"first","12":"outofstock","13":"shipping-taxable","14":"purchasable","15":"product-type-simple"},"_links":{"self":[{"href":"https:\/\/jnats.eu\/de\/wp-json\/wp\/v2\/product\/5423","targetHints":{"allow":["GET"]}}],"collection":[{"href":"https:\/\/jnats.eu\/de\/wp-json\/wp\/v2\/product"}],"about":[{"href":"https:\/\/jnats.eu\/de\/wp-json\/wp\/v2\/types\/product"}],"replies":[{"embeddable":true,"href":"https:\/\/jnats.eu\/de\/wp-json\/wp\/v2\/comments?post=5423"}],"wp:featuredmedia":[{"embeddable":true,"href":"https:\/\/jnats.eu\/de\/wp-json\/wp\/v2\/media\/5428"}],"wp:attachment":[{"href":"https:\/\/jnats.eu\/de\/wp-json\/wp\/v2\/media?parent=5423"}],"wp:term":[{"taxonomy":"product_brand","embeddable":true,"href":"https:\/\/jnats.eu\/de\/wp-json\/wp\/v2\/product_brand?post=5423"},{"taxonomy":"product_cat","embeddable":true,"href":"https:\/\/jnats.eu\/de\/wp-json\/wp\/v2\/product_cat?post=5423"},{"taxonomy":"product_tag","embeddable":true,"href":"https:\/\/jnats.eu\/de\/wp-json\/wp\/v2\/product_tag?post=5423"}],"curies":[{"name":"wp","href":"https:\/\/api.w.org\/{rel}","templated":true}]}}