{"id":5604,"date":"2026-01-13T11:20:28","date_gmt":"2026-01-13T09:20:28","guid":{"rendered":"https:\/\/jnats.eu\/?post_type=product&#038;p=5604"},"modified":"2026-01-31T19:37:32","modified_gmt":"2026-01-31T17:37:32","slug":"h-diamond-extra-steel-for-barbersuse-first-quality-naudoti-japoniski-skustuvai","status":"publish","type":"product","link":"https:\/\/jnats.eu\/de\/produkt-2\/h-diamond-extra-steel-for-barbersuse-first-quality-naudoti-japoniski-skustuvai\/","title":{"rendered":"H.Diamond Extra Steel For Barbers'Use Erstklassige japanische Rasiermesser"},"content":{"rendered":"<figure class=\"wp-block-embed is-type-video is-provider-youtube wp-block-embed-youtube wp-embed-aspect-9-16 wp-has-aspect-ratio\"><div class=\"wp-block-embed__wrapper\">\n<div class=\"video-container\"><iframe title=\"Vintage H. Diamond Extra Stahl Rasiermesser - f\u00fcr Friseure \ud83d\udd2a\u2728\" width=\"563\" height=\"1000\" src=\"https:\/\/www.youtube.com\/embed\/AnMmGvvxNtQ?feature=oembed\" frameborder=\"0\" allow=\"accelerometer; autoplay; clipboard-write; encrypted-media; gyroscope; picture-in-picture; web-share\" referrerpolicy=\"strict-origin-when-cross-origin\" allowfullscreen><\/iframe><\/div>\n<\/div><\/figure>\n\n\n\n<p>Original <strong>H. Diamant Extra Stahl<\/strong> Rasiermesser f\u00fcr den professionellen Einsatz bei der Bartrasur.<\/p>\n\n\n\n<p>Rasierapparate <strong>Verwenden Sie<\/strong>, aber <strong>in gutem Zustand<\/strong>. Die Oberfl\u00e4chenkorrosion an der Klinge wurde gr\u00fcndlich <strong>mit feinem Schleifpapier gereinigt und mit Diamantpaste poliert<\/strong>, Das Metall ist sauber und hat keine aktiven Rostsch\u00e4den. Die Geometrie ist intakt.<\/p>\n\n\n\n<p><strong>Achse:<\/strong> Extra Stahl, \u201eF\u00fcr Friseure\u2019, \u201cErste Qualit\u00e4t\u201e<br><strong>Zustand:<\/strong> gebraucht, entrostet, bereit zum Sch\u00e4rfen<br><strong>Griffe:<\/strong> original, in gutem Zustand, ohne Risse<br><strong>Authentizit\u00e4t:<\/strong> Original, hergestellt in Japan in der Mitte des letzten Jahrhunderts.<\/p>\n\n\n\n<p>Perfekt f\u00fcr beide <strong>f\u00fcr die Rasur<\/strong>, beide <strong>f\u00fcr den Sammler<\/strong>, f\u00fcr diejenigen, die klassische Bartschneideger\u00e4te sch\u00e4tzen.<\/p>","protected":false},"excerpt":{"rendered":"<ol>\n<li>H.Diamond 50<\/li>\n<li>H.Diamond 50<\/li>\n<li>H.Diamond 40<\/li>\n<li>H.Diamond 40<\/li>\n<li>H.Diamond 74<\/li>\n<\/ol>\n<p>&nbsp;<\/p>\n<ul>\n<li><strong>Achse:<\/strong> Extra Stahl, \u201eF\u00fcr Friseure\u2019, \u201cErste Qualit\u00e4t\u201e<\/li>\n<li><strong>Abmessungen der Klinge<\/strong> etwa 75x20x5 mm<\/li>\n<li><strong>Gewicht<\/strong> etwa 50 g.<\/li>\n<li><strong>Zustand:<\/strong> gebraucht, entrostet, bereit zum Sch\u00e4rfen<\/li>\n<li><strong>Griffe:<\/strong> original, in gutem Zustand, ohne Risse<\/li>\n<li><strong>Authentizit\u00e4t:<\/strong> Original, hergestellt in Japan in der Mitte des letzten Jahrhunderts.<\/li>\n<\/ul>","protected":false},"featured_media":5613,"comment_status":"closed","ping_status":"closed","template":"","meta":[],"product_brand":[],"product_cat":[23],"product_tag":[206,160],"class_list":{"0":"post-5604","1":"product","2":"type-product","3":"status-publish","4":"has-post-thumbnail","6":"product_cat-razors","7":"product_tag-h-diamond","8":"product_tag-skustuvai","9":"product_shipping_class-light","11":"first","12":"outofstock","13":"shipping-taxable","14":"product-type-variable"},"_links":{"self":[{"href":"https:\/\/jnats.eu\/de\/wp-json\/wp\/v2\/product\/5604","targetHints":{"allow":["GET"]}}],"collection":[{"href":"https:\/\/jnats.eu\/de\/wp-json\/wp\/v2\/product"}],"about":[{"href":"https:\/\/jnats.eu\/de\/wp-json\/wp\/v2\/types\/product"}],"replies":[{"embeddable":true,"href":"https:\/\/jnats.eu\/de\/wp-json\/wp\/v2\/comments?post=5604"}],"wp:featuredmedia":[{"embeddable":true,"href":"https:\/\/jnats.eu\/de\/wp-json\/wp\/v2\/media\/5613"}],"wp:attachment":[{"href":"https:\/\/jnats.eu\/de\/wp-json\/wp\/v2\/media?parent=5604"}],"wp:term":[{"taxonomy":"product_brand","embeddable":true,"href":"https:\/\/jnats.eu\/de\/wp-json\/wp\/v2\/product_brand?post=5604"},{"taxonomy":"product_cat","embeddable":true,"href":"https:\/\/jnats.eu\/de\/wp-json\/wp\/v2\/product_cat?post=5604"},{"taxonomy":"product_tag","embeddable":true,"href":"https:\/\/jnats.eu\/de\/wp-json\/wp\/v2\/product_tag?post=5604"}],"curies":[{"name":"wp","href":"https:\/\/api.w.org\/{rel}","templated":true}]}}