{"id":5635,"date":"2026-01-18T10:59:59","date_gmt":"2026-01-18T08:59:59","guid":{"rendered":"https:\/\/jnats.eu\/?post_type=product&#038;p=5635"},"modified":"2026-03-16T12:07:13","modified_gmt":"2026-03-16T10:07:13","slug":"ueno-medium-japanese-sharpening-whetstone","status":"publish","type":"product","link":"https:\/\/jnats.eu\/de\/produkt-2\/ueno-medium-japanese-sharpening-whetstone\/","title":{"rendered":"Ueno mittlerer japanischer Schleifstein zum Sch\u00e4rfen"},"content":{"rendered":"<p>Der mittlere japanische Ueno-Schleifstein bezieht sich auf einen nat\u00fcrlichen japanischen Schleifstein (toishi) aus der Ueno-Mine\/dem Ueno-Gebiet (wahrscheinlich eine Fehl\u00fcbersetzung oder eine Variante im Zusammenhang mit Natursteinen aus der Region Kyoto\/Tamba). Es handelt sich dabei um traditionelle nat\u00fcrliche Wassersteine, die oft als mittel bis fein eingestuft werden, ungef\u00e4hr im Bereich von 800-2000 K\u00f6rnern (oder bis zu mittlerer K\u00f6rnung wie ~4k in einigen Klassifizierungen f\u00fcr h\u00e4rtere obere bis mittlere Beispiele). Sie sind daf\u00fcr bekannt, dass sie ein glattes, detailliertes Kasumi-Finish (wolkig\/neblig) auf den Klingen erzeugen, mit guter R\u00fcckmeldung und Geschwindigkeit f\u00fcr Natursteine.<\/p>\n\n\n\n<figure class=\"wp-block-embed is-type-video is-provider-youtube wp-block-embed-youtube wp-embed-aspect-16-9 wp-has-aspect-ratio\"><div class=\"wp-block-embed__wrapper\">\n<div class=\"video-container\"><iframe title=\"Ueno mittlerer japanischer Schleifstein zum Sch\u00e4rfen\" width=\"1170\" height=\"658\" src=\"https:\/\/www.youtube.com\/embed\/_OVy3WMI61M?feature=oembed\" frameborder=\"0\" allow=\"accelerometer; autoplay; clipboard-write; encrypted-media; gyroscope; picture-in-picture; web-share\" referrerpolicy=\"strict-origin-when-cross-origin\" allowfullscreen><\/iframe><\/div>\n<\/div><\/figure>","protected":false},"excerpt":{"rendered":"<ul>\n<li>Geeignet f\u00fcr die mittlere Sch\u00e4rfstufe von Rasiermessern, Messern, Scheren, Tischler- und anderen Werkzeugen<\/li>\n<li>Abmessungen: ca. 210x77x57 mm<\/li>\n<li>Gewicht: 2270g<\/li>\n<li>H\u00e4rte: Lv 4,5<\/li>\n<li>Zwei H\u00e4lften flach und bereit<span data-mce-type=\"bookmark\" style=\"display: inline-block; width: 0px; overflow: hidden; line-height: 0;\" class=\"mce_SELRES_start\"><\/span>s Arbeit.<\/li>\n<li>Ungef\u00e4hr 800er K\u00f6rnung<\/li>\n<\/ul>","protected":false},"featured_media":5637,"comment_status":"closed","ping_status":"closed","template":"","meta":[],"product_brand":[],"product_cat":[22],"product_tag":[300,377],"class_list":{"0":"post-5635","1":"product","2":"type-product","3":"status-publish","4":"has-post-thumbnail","6":"product_cat-jnats","7":"product_tag-medium","8":"product_tag-ueno","9":"product_shipping_class-iprastas","11":"first","12":"outofstock","13":"shipping-taxable","14":"purchasable","15":"product-type-simple"},"_links":{"self":[{"href":"https:\/\/jnats.eu\/de\/wp-json\/wp\/v2\/product\/5635","targetHints":{"allow":["GET"]}}],"collection":[{"href":"https:\/\/jnats.eu\/de\/wp-json\/wp\/v2\/product"}],"about":[{"href":"https:\/\/jnats.eu\/de\/wp-json\/wp\/v2\/types\/product"}],"replies":[{"embeddable":true,"href":"https:\/\/jnats.eu\/de\/wp-json\/wp\/v2\/comments?post=5635"}],"wp:featuredmedia":[{"embeddable":true,"href":"https:\/\/jnats.eu\/de\/wp-json\/wp\/v2\/media\/5637"}],"wp:attachment":[{"href":"https:\/\/jnats.eu\/de\/wp-json\/wp\/v2\/media?parent=5635"}],"wp:term":[{"taxonomy":"product_brand","embeddable":true,"href":"https:\/\/jnats.eu\/de\/wp-json\/wp\/v2\/product_brand?post=5635"},{"taxonomy":"product_cat","embeddable":true,"href":"https:\/\/jnats.eu\/de\/wp-json\/wp\/v2\/product_cat?post=5635"},{"taxonomy":"product_tag","embeddable":true,"href":"https:\/\/jnats.eu\/de\/wp-json\/wp\/v2\/product_tag?post=5635"}],"curies":[{"name":"wp","href":"https:\/\/api.w.org\/{rel}","templated":true}]}}