{"id":5698,"date":"2026-01-31T11:09:13","date_gmt":"2026-01-31T09:09:13","guid":{"rendered":"https:\/\/jnats.eu\/?post_type=product&#038;p=5698"},"modified":"2026-01-31T19:37:30","modified_gmt":"2026-01-31T17:37:30","slug":"vintazinis-belgiskas-coticule-akmuo","status":"publish","type":"product","link":"https:\/\/jnats.eu\/de\/produkt-2\/vintazinis-belgiskas-coticule-akmuo\/","title":{"rendered":"Belgischer Coticule Stein Vintage"},"content":{"rendered":"<p>Belgischer Jahrgang <strong>Coticule<\/strong> - Ein klassischer nat\u00fcrlicher Abziehstein, der f\u00fcr seine au\u00dfergew\u00f6hnliche Maserung und seine seidige Haptik gesch\u00e4tzt wird. Ideal f\u00fcr <strong>f\u00fcr die Verarbeitung der Messer<\/strong>, o <strong>britvoms<\/strong> - als hohe Qualit\u00e4t <strong>Vorfertigung<\/strong> die Phase vor dem letzten Schliff.<\/p>\n\n\n\n<p>Der Stein hat einen sehr sanften, aber effektiven Metallabtrag, der eine saubere, kontrollierte Kante ohne aggressive Mikrokratzer erm\u00f6glicht. Perfekt kompatibel mit <strong>Aussetzungen<\/strong> Maschinen, aber man kann auch sauber arbeiten.<\/p>\n\n\n\n<p>Verwendbar sowohl mit <strong>Wasser<\/strong>, beide mit <strong>tepalu<\/strong>, je nach der gew\u00fcnschten Geschwindigkeit und der Art des Finishs.<\/p>\n\n\n\n<figure class=\"wp-block-embed is-type-video is-provider-youtube wp-block-embed-youtube wp-embed-aspect-16-9 wp-has-aspect-ratio\"><div class=\"wp-block-embed__wrapper\">\n<div class=\"video-container\"><iframe title=\"Vintage vs Ardennes Coticule: G\u00fclle gegen Wasser auf einem Daishi Tamahagane Razor\" width=\"1170\" height=\"658\" src=\"https:\/\/www.youtube.com\/embed\/YiR2gv1Xe2A?start=641&#038;feature=oembed\" frameborder=\"0\" allow=\"accelerometer; autoplay; clipboard-write; encrypted-media; gyroscope; picture-in-picture; web-share\" referrerpolicy=\"strict-origin-when-cross-origin\" allowfullscreen><\/iframe><\/div>\n<\/div><\/figure>\n\n\n\n<p>Gewicht mit Box - <strong>680 g<\/strong><br>Abmessungen: <strong>203 \u00d7 47 \u00d7 8 (\u00fcber dem Kasten) mm<\/strong><\/p>","protected":false},"excerpt":{"rendered":"<p>Kann entweder mit Wasser oder mit Fett verwendet werden, je nach gew\u00fcnschter Geschwindigkeit und Ausf\u00fchrung.<\/p>\n<p>Die Linien sind sicher. Hat einen \u00f6ligen Geruch.<\/p>\n<ul>\n<li>Gewicht inkl. Karton - 680 g<\/li>\n<li>Abmessungen: 203 \u00d7 47 \u00d7 8 (\u00fcber dem Kasten) mm<\/li>\n<\/ul>","protected":false},"featured_media":5704,"comment_status":"closed","ping_status":"closed","template":"","meta":[],"product_brand":[],"product_cat":[22],"product_tag":[378],"class_list":{"0":"post-5698","1":"product","2":"type-product","3":"status-publish","4":"has-post-thumbnail","6":"product_cat-jnats","7":"product_tag-coticule","8":"product_shipping_class-iprastas","10":"first","11":"outofstock","12":"shipping-taxable","13":"purchasable","14":"product-type-simple"},"_links":{"self":[{"href":"https:\/\/jnats.eu\/de\/wp-json\/wp\/v2\/product\/5698","targetHints":{"allow":["GET"]}}],"collection":[{"href":"https:\/\/jnats.eu\/de\/wp-json\/wp\/v2\/product"}],"about":[{"href":"https:\/\/jnats.eu\/de\/wp-json\/wp\/v2\/types\/product"}],"replies":[{"embeddable":true,"href":"https:\/\/jnats.eu\/de\/wp-json\/wp\/v2\/comments?post=5698"}],"wp:featuredmedia":[{"embeddable":true,"href":"https:\/\/jnats.eu\/de\/wp-json\/wp\/v2\/media\/5704"}],"wp:attachment":[{"href":"https:\/\/jnats.eu\/de\/wp-json\/wp\/v2\/media?parent=5698"}],"wp:term":[{"taxonomy":"product_brand","embeddable":true,"href":"https:\/\/jnats.eu\/de\/wp-json\/wp\/v2\/product_brand?post=5698"},{"taxonomy":"product_cat","embeddable":true,"href":"https:\/\/jnats.eu\/de\/wp-json\/wp\/v2\/product_cat?post=5698"},{"taxonomy":"product_tag","embeddable":true,"href":"https:\/\/jnats.eu\/de\/wp-json\/wp\/v2\/product_tag?post=5698"}],"curies":[{"name":"wp","href":"https:\/\/api.w.org\/{rel}","templated":true}]}}