{"id":5715,"date":"2026-02-03T12:44:39","date_gmt":"2026-02-03T10:44:39","guid":{"rendered":"https:\/\/jnats.eu\/?post_type=product&#038;p=5715"},"modified":"2026-02-17T11:07:57","modified_gmt":"2026-02-17T09:07:57","slug":"dorko-solingen-no-3739-85-solingen-172-de-luxe-vintaziniai-vokiski-skustuvai-nos","status":"publish","type":"product","link":"https:\/\/jnats.eu\/de\/produkt-2\/dorko-solingen-no-3739-85-solingen-172-de-luxe-vintaziniai-vokiski-skustuvai-nos\/","title":{"rendered":"Dorko Solingen Nr. 3739\/85 Solingen 172 De Luxe - alte deutsche Rasiermesser (NOS)"},"content":{"rendered":"<figure class=\"wp-block-embed is-type-video is-provider-youtube wp-block-embed-youtube wp-embed-aspect-9-16 wp-has-aspect-ratio\"><div class=\"wp-block-embed__wrapper\">\n<div class=\"video-container\"><iframe title=\"Vintage DORKO Solingen Rasiermesser - NOS De Luxe (1950er Jahre)\" width=\"563\" height=\"1000\" src=\"https:\/\/www.youtube.com\/embed\/ZNubipgIW04?feature=oembed\" frameborder=\"0\" allow=\"accelerometer; autoplay; clipboard-write; encrypted-media; gyroscope; picture-in-picture; web-share\" referrerpolicy=\"strict-origin-when-cross-origin\" allowfullscreen><\/iframe><\/div>\n<\/div><\/figure>\n\n\n\n<p>N<strong>gebraucht Jahrgang (NOS - New Old Stock)<\/strong> Deutsche Rasierapparate <strong>Dorko Solingen Nr. 3739\/85 Edelstahl-Inox<\/strong> und <strong>Solingen 172 De Luxe<\/strong>, produziert. <strong>in der Mitte des letzten Jahrhunderts<\/strong>, in der legend\u00e4ren Region Solingen.<\/p>\n\n\n\n<p>Obwohl Rasierapparate dieser Marke auch heute noch hergestellt werden, <strong>Vintage Dorcas sind ihren modernen Pendants in Bezug auf die Qualit\u00e4t der W\u00e4rme- und mechanischen Behandlung deutlich \u00fcberlegen<\/strong>. Es handelt sich um Produkte aus einer Zeit, in der der Schwerpunkt auf Langlebigkeit und handwerklicher Pr\u00e4zision lag.<\/p>\n\n\n\n<p>Die Griffe sind aus hochwertigem Vintage-Kunststoff (Bakelit \/ Elfenbein-Stil), der von Solinger Handwerkern Mitte des 20. Stabil, ohne Risse oder Verformungen, mit original Dorko-Emblemen.<\/p>\n\n\n\n<p>Rasierapparate haben <strong>nat\u00fcrliche Zeichen der Zeit<\/strong>, typisch f\u00fcr den NOS-Zustand:<\/p>\n\n\n\n<ul class=\"wp-block-list\">\n<li><strong>die Klinge ist vollst\u00e4ndig intakt<\/strong>,<\/li>\n\n\n\n<li><strong>Sch\u00e4rfen und Verwendung wird kein Problem sein<\/strong>,<\/li>\n\n\n\n<li><strong>Mechanik und Geometrie in perfektem Zustand<\/strong>.<\/li>\n<\/ul>\n\n\n\n<p>Die perfekte Wahl f\u00fcr beide <strong>zur Verwendung bei<\/strong>, beide <strong>zum Sammeln<\/strong>.<\/p>\n\n\n\n<p>Wir empfehlen <strong>sehen Sie sich die Fotos und das Video sorgf\u00e4ltig an<\/strong>, die ein wichtiger Bestandteil der Produktbeschreibung sind.<\/p>\n\n\n\n<h3 class=\"wp-block-heading\">Technische Daten:<\/h3>\n\n\n\n<ul class=\"wp-block-list\">\n<li><strong>Klingenma\u00dfe:<\/strong> 75 \u00d7 20 \u00d7 5 mm<\/li>\n\n\n\n<li><strong>Gewicht:<\/strong>\n<ul class=\"wp-block-list\">\n<li>52 g - mit <strong>mit einer vergoldeten Inschrift im Hintergrund<\/strong><\/li>\n\n\n\n<li>50 g - Standardausf\u00fchrung<\/li>\n<\/ul>\n<\/li>\n<\/ul>","protected":false},"excerpt":{"rendered":"<p>Ungebrauchte Vintage NOS (New old stock) Deutsche Rasiermesser Dorko Solingen Nr 3739\/85 Stainless-Inox Solingen 172 De Luxe. Hergestellt in der Mitte des letzten Jahrhunderts. Sie werden immer noch unter dieser Marke hergestellt, sind aber in Bezug auf die Qualit\u00e4t der W\u00e4rmebehandlung und der mechanischen Bearbeitung minderwertiger als die alten Rasiermesser. Die Griffe sind aus hochwertigem Vintage-Kunststoff (Bakelit \/ Elfenbein-Stil), der von Solinger Handwerkern Mitte des 20. Jahrhunderts verwendet wurde. Stabil, ohne Risse oder Verformungen, mit originalen Dorko-Emblemen. Es gibt Zeichen der Zeit, aber alle Klingen sind v\u00f6llig intakt, so dass das Sch\u00e4rfen und die Verwendung wird kein Problem sein. Die Mechanik und Geometrie sind perfekt. Bitte schauen Sie sich die Fotos und das Video sorgf\u00e4ltig an.<\/p>\n<ol>\n<li>Abmessungen der Klinge 75x20x5 mm. Gewicht 52 g. (Vergoldeter Hintergrund)<\/li>\n<li>Abmessungen der Klinge 75x20x5 mm. Gewicht 50 g.<\/li>\n<\/ol>\n<p><strong>Wenn Sie den Artikel nicht in der Dropdown-Liste sehen, ist er verkauft.\u00a0<\/strong><\/p>","protected":false},"featured_media":5749,"comment_status":"closed","ping_status":"closed","template":"","meta":[],"product_brand":[],"product_cat":[23],"product_tag":[379,55],"class_list":{"0":"post-5715","1":"product","2":"type-product","3":"status-publish","4":"has-post-thumbnail","6":"product_cat-razors","7":"product_tag-dorko","8":"product_tag-nos","9":"product_shipping_class-light","11":"first","12":"instock","13":"shipping-taxable","14":"purchasable","15":"product-type-variable"},"_links":{"self":[{"href":"https:\/\/jnats.eu\/de\/wp-json\/wp\/v2\/product\/5715","targetHints":{"allow":["GET"]}}],"collection":[{"href":"https:\/\/jnats.eu\/de\/wp-json\/wp\/v2\/product"}],"about":[{"href":"https:\/\/jnats.eu\/de\/wp-json\/wp\/v2\/types\/product"}],"replies":[{"embeddable":true,"href":"https:\/\/jnats.eu\/de\/wp-json\/wp\/v2\/comments?post=5715"}],"wp:featuredmedia":[{"embeddable":true,"href":"https:\/\/jnats.eu\/de\/wp-json\/wp\/v2\/media\/5749"}],"wp:attachment":[{"href":"https:\/\/jnats.eu\/de\/wp-json\/wp\/v2\/media?parent=5715"}],"wp:term":[{"taxonomy":"product_brand","embeddable":true,"href":"https:\/\/jnats.eu\/de\/wp-json\/wp\/v2\/product_brand?post=5715"},{"taxonomy":"product_cat","embeddable":true,"href":"https:\/\/jnats.eu\/de\/wp-json\/wp\/v2\/product_cat?post=5715"},{"taxonomy":"product_tag","embeddable":true,"href":"https:\/\/jnats.eu\/de\/wp-json\/wp\/v2\/product_tag?post=5715"}],"curies":[{"name":"wp","href":"https:\/\/api.w.org\/{rel}","templated":true}]}}