{"id":5833,"date":"2026-03-17T08:50:06","date_gmt":"2026-03-17T06:50:06","guid":{"rendered":"https:\/\/jnats.eu\/?post_type=product&#038;p=5833"},"modified":"2026-03-17T08:51:20","modified_gmt":"2026-03-17T06:51:20","slug":"autentiskas-japoniskas-naturalus-galandimo-akmuo-8-sluoksniu-awasedo-%e5%85%ab%e5%b1%a4%e5%90%88%e7%a0%a5","status":"publish","type":"product","link":"https:\/\/jnats.eu\/de\/produkt-2\/autentiskas-japoniskas-naturalus-galandimo-akmuo-8-sluoksniu-awasedo-%e5%85%ab%e5%b1%a4%e5%90%88%e7%a0%a5\/","title":{"rendered":"Authentischer japanischer Natursch\u00e4rfstein - 8 Schichten Awasedo (\u516b\u5c64\u5408\u7825)"},"content":{"rendered":"<figure class=\"wp-block-embed is-type-video is-provider-youtube wp-block-embed-youtube wp-embed-aspect-16-9 wp-has-aspect-ratio\"><div class=\"wp-block-embed__wrapper\">\n<div class=\"video-container\"><iframe title=\"Messersch\u00e4rfen auf JNATS - Suita, Karasu und 8 Lagen japanischer Naturabziehsteine (14C28N Test)\" width=\"1170\" height=\"658\" src=\"https:\/\/www.youtube.com\/embed\/kSozhQunC4k?start=364&#038;feature=oembed\" frameborder=\"0\" allow=\"accelerometer; autoplay; clipboard-write; encrypted-media; gyroscope; picture-in-picture; web-share\" referrerpolicy=\"strict-origin-when-cross-origin\" allowfullscreen><\/iframe><\/div>\n<\/div><\/figure>\n\n\n\n<p>Ein einzigartiger, handverlesener Naturstein aus Japan mit einer au\u00dfergew\u00f6hnlichen mehrschichtigen Struktur (8 nat\u00fcrliche Schichten). Diese geologische Struktur verleiht dem Stein seine besonderen Eigenschaften - stabiler, gleichm\u00e4\u00dfiger Abrieb und ein sehr hochwertiges Finish.<\/p>\n\n\n\n<h3 class=\"wp-block-heading\">Wesentliche Merkmale:<\/h3>\n\n\n\n<ul class=\"wp-block-list\">\n<li><strong>Art:<\/strong> Awasedo (Schlussstein)<\/li>\n\n\n\n<li><strong>Struktur:<\/strong> 8 nat\u00fcrliche Schichten<\/li>\n\n\n\n<li><strong>H\u00e4rte:<\/strong> mittelhart (sowohl mit als auch ohne Nagura geeignet)<\/li>\n\n\n\n<li><strong>Arbeit:<\/strong> sauber, kontrolliert, erzeugt eine feine, gleichm\u00e4\u00dfige Suspension<\/li>\n\n\n\n<li><strong>Beenden:<\/strong> recht klein, ideal f\u00fcr hochwertige Messer und andere Werkzeuge<\/li>\n<\/ul>\n\n\n\n<h3 class=\"wp-block-heading\">Ausschlie\u00dflichkeit:<\/h3>\n\n\n\n<ul class=\"wp-block-list\">\n<li>Die mehrschichtige Struktur erm\u00f6glicht subtile Ver\u00e4nderungen in der Haptik des Werks - von einem weicheren bis zu einem aggressiveren Kontakt je nach Druck und Wassergehalt<\/li>\n\n\n\n<li>Stabile und vorhersehbare Ergebnisse - perfekt f\u00fcr Profis<\/li>\n\n\n\n<li>\u00c4sthetisch exquisit - mit traditioneller Kalligrafie (klassisches chinesisches Gedicht)<\/li>\n<\/ul>\n\n\n\n<p>Auf dem Stein ist ein klassisches chinesisches Gedicht eingraviert (h\u00e4ufig auf japanischen Natursteinen zu finden):<\/p>\n\n\n\n<p><strong>\u539f\u6587 (Chinesisch):<\/strong><br>\u6625\u7720\u4e0d\u89c9\u6653<br>\u5904\u5904\u95fb\u557c\u9e1f<br>\u591c\u6765\u98ce\u96e8\u58f0<br>\u82b1\u843d\u77e5\u591a\u5c11<\/p>\n\n\n\n<p><strong>\u00dcbersetzung ins Litauische:<\/strong><br>Ich schlafe im Fr\u00fchling - ich sp\u00fcre die Morgend\u00e4mmerung nicht,<br>Ich h\u00f6re \u00fcberall Vogelgezwitscher.<br>Nachts war es windig und regnerisch,<br>Wie viele Bl\u00fcten sind gefallen - wer kann z\u00e4hlen?<\/p>\n\n\n\n<h3 class=\"wp-block-heading\">Anmerkungen:<\/h3>\n\n\n\n<p>Es handelt sich nicht um einen Massenstein - jedes Exemplar ist einzigartig in seiner Schichtung, seinen Farben und dem Charakter seiner Bearbeitung.<\/p>","protected":false},"excerpt":{"rendered":"<ul>\n<li>Geeignet f\u00fcr die Bearbeitung von Messern, Scheren, Tischler- und anderen Werkzeugen.<\/li>\n<li>Abmessungen: 220x87x62 mm<\/li>\n<li>Gewicht: 2695 g<\/li>\n<li>H\u00e4rte: Lv 4.8<\/li>\n<li>Die Oberfl\u00e4che ist glatt und arbeitsbereit<\/li>\n<li>Seiten und Unterseite mit Lack beschichtet<\/li>\n<li>Wir empfehlen, mit warmem Wasser zu arbeiten, da kaltes Wasser die Geschwindigkeit und Reaktion beeintr\u00e4chtigt.<\/li>\n<\/ul>","protected":false},"featured_media":5836,"comment_status":"closed","ping_status":"closed","template":"","meta":[],"product_brand":[],"product_cat":[22],"product_tag":[40],"class_list":{"0":"post-5833","1":"product","2":"type-product","3":"status-publish","4":"has-post-thumbnail","6":"product_cat-jnats","7":"product_tag-awasedo","8":"product_shipping_class-iprastas","10":"first","11":"instock","12":"shipping-taxable","13":"purchasable","14":"product-type-simple"},"_links":{"self":[{"href":"https:\/\/jnats.eu\/de\/wp-json\/wp\/v2\/product\/5833","targetHints":{"allow":["GET"]}}],"collection":[{"href":"https:\/\/jnats.eu\/de\/wp-json\/wp\/v2\/product"}],"about":[{"href":"https:\/\/jnats.eu\/de\/wp-json\/wp\/v2\/types\/product"}],"replies":[{"embeddable":true,"href":"https:\/\/jnats.eu\/de\/wp-json\/wp\/v2\/comments?post=5833"}],"wp:featuredmedia":[{"embeddable":true,"href":"https:\/\/jnats.eu\/de\/wp-json\/wp\/v2\/media\/5836"}],"wp:attachment":[{"href":"https:\/\/jnats.eu\/de\/wp-json\/wp\/v2\/media?parent=5833"}],"wp:term":[{"taxonomy":"product_brand","embeddable":true,"href":"https:\/\/jnats.eu\/de\/wp-json\/wp\/v2\/product_brand?post=5833"},{"taxonomy":"product_cat","embeddable":true,"href":"https:\/\/jnats.eu\/de\/wp-json\/wp\/v2\/product_cat?post=5833"},{"taxonomy":"product_tag","embeddable":true,"href":"https:\/\/jnats.eu\/de\/wp-json\/wp\/v2\/product_tag?post=5833"}],"curies":[{"name":"wp","href":"https:\/\/api.w.org\/{rel}","templated":true}]}}