{"id":5846,"date":"2026-03-17T08:56:53","date_gmt":"2026-03-17T06:56:53","guid":{"rendered":"https:\/\/jnats.eu\/?post_type=product&#038;p=5846"},"modified":"2026-03-17T08:56:55","modified_gmt":"2026-03-17T06:56:55","slug":"nishhoyama-suita-naturalus-japoniskas-galandimo-akmuo","status":"publish","type":"product","link":"https:\/\/jnats.eu\/de\/produkt-2\/nishhoyama-suita-naturalus-japoniskas-galandimo-akmuo\/","title":{"rendered":"Nishhoyama Suita - nat\u00fcrlicher japanischer Abziehstein"},"content":{"rendered":"<figure class=\"wp-block-embed is-type-video is-provider-youtube wp-block-embed-youtube wp-embed-aspect-16-9 wp-has-aspect-ratio\"><div class=\"wp-block-embed__wrapper\">\n<div class=\"video-container\"><iframe title=\"Messersch\u00e4rfen auf JNATS - Suita, Karasu und 8 Lagen japanischer Naturabziehsteine (14C28N Test)\" width=\"1170\" height=\"658\" src=\"https:\/\/www.youtube.com\/embed\/kSozhQunC4k?start=44&#038;feature=oembed\" frameborder=\"0\" allow=\"accelerometer; autoplay; clipboard-write; encrypted-media; gyroscope; picture-in-picture; web-share\" referrerpolicy=\"strict-origin-when-cross-origin\" allowfullscreen><\/iframe><\/div>\n<\/div><\/figure>\n\n\n\n<p>Authentisch <strong>Nishhoyama-Suite<\/strong> eine Art Naturstein aus Japan, der f\u00fcr seine saubere Verarbeitung, seine Schnelligkeit und seine F\u00e4higkeit, ein sehr \u00e4sthetisches Kasumi-Finish zu erzeugen, gesch\u00e4tzt wird. Dieser Stein hat eine typische Sua-Struktur mit feinen Spuren von \u201eSu\u201c (Lufteinschl\u00fcssen), die f\u00fcr eine hervorragende Abrasionsbalance sorgen.<\/p>\n\n\n\n<h3 class=\"wp-block-heading\">Wesentliche Merkmale:<\/h3>\n\n\n\n<ul class=\"wp-block-list\">\n<li><strong>Art:<\/strong> Suite (awasedo \/ Veredelung - Vorveredelungsklasse)<\/li>\n\n\n\n<li><strong>Herkunft:<\/strong> Nishhoyama, Japan<\/li>\n\n\n\n<li><strong>H\u00e4rte:<\/strong> Mittel<\/li>\n\n\n\n<li><strong>Geschwindigkeit:<\/strong> schnelle, einfache Erzeugung von Aussetzungen<\/li>\n\n\n\n<li><strong>Beenden:<\/strong> sauberer Kasumi, sehr guter Kontrast zwischen Hagane und Jigane<\/li>\n<\/ul>\n\n\n\n<h3 class=\"wp-block-heading\">Charakter des Werkes:<\/h3>\n\n\n\n<ul class=\"wp-block-list\">\n<li>Steinarbeiten <strong>weich und gleichm\u00e4\u00dfig<\/strong>, gibt sehr gute Kontrolle<\/li>\n\n\n\n<li>Hervorragendes \u201eAufh\u00e4ngen\u201c von Stahl ohne Verkratzen der Oberfl\u00e4che<\/li>\n\n\n\n<li>Geeignet f\u00fcr die Verwendung mit Wasser und Naphtha - erm\u00f6glicht die Einstellung der Aggressivit\u00e4t<\/li>\n<\/ul>\n\n\n\n<h3 class=\"wp-block-heading\">Zeilen:<\/h3>\n\n\n\n<p>Stein hat nat\u00fcrliche Linien, aber sie sind <strong>sichere Leitungen<\/strong> - beeintr\u00e4chtigt die Klinge nicht und st\u00f6rt die Arbeit nicht. Dies ist lediglich ein \u00e4sthetisches\/geologisches Merkmal, das Natursteinen eigen ist.<\/p>\n\n\n\n<h3 class=\"wp-block-heading\">Verwendung:<\/h3>\n\n\n\n<ul class=\"wp-block-list\">\n<li>Vorveredelung gegen h\u00e4rtere Veredelungssteine (z. B. Nakayama, Ozuku)<\/li>\n\n\n\n<li>Kasumi-Finish f\u00fcr japanische Messer<\/li>\n\n\n\n<li>Rasiermesserprogression (nach mittelgro\u00dfen Steinen)<\/li>\n<\/ul>\n\n\n\n<h3 class=\"wp-block-heading\">Eignung f\u00fcr St\u00e4hle:<\/h3>\n\n\n\n<ul class=\"wp-block-list\">\n<li>Kohlenstoffst\u00e4hle (Shirogami, Aogami) - ausgezeichnetes Ergebnis<\/li>\n\n\n\n<li>Rostfreier Stahl - gute Arbeit<\/li>\n\n\n\n<li>HSS - funktioniert, aber die Wirksamkeit h\u00e4ngt von Druck und Aufh\u00e4ngung ab<\/li>\n<\/ul>\n\n\n\n<h3 class=\"wp-block-heading\">Ausschlie\u00dflichkeit:<\/h3>\n\n\n\n<ul class=\"wp-block-list\">\n<li>Typisches \u201eLive\u201c-Gef\u00fchl in der Suite w\u00e4hrend der Arbeit<\/li>\n\n\n\n<li>Sehr sch\u00f6nes, nat\u00fcrliches Oberfl\u00e4chenmuster<\/li>\n\n\n\n<li>Ein vielseitiger Stein f\u00fcr Profis und fortgeschrittene Enthusiasten<\/li>\n<\/ul>","protected":false},"excerpt":{"rendered":"<ul>\n<li>Geeignet f\u00fcr Finishing-Messer, Scheren, Tischler- und andere Werkzeuge<\/li>\n<li>Abmessungen: 169x73x35 mm<\/li>\n<li>Gewicht: 995 g<\/li>\n<li>H\u00e4rte: Lv 4<\/li>\n<li>Die Leitungen sind sicher<\/li>\n<li>Die Oberfl\u00e4che ist glatt und arbeitsbereit.<\/li>\n<li>Wir empfehlen, mit warmem Wasser zu arbeiten, da kaltes Wasser die Geschwindigkeit und Reaktion beeintr\u00e4chtigt.<\/li>\n<\/ul>","protected":false},"featured_media":5851,"comment_status":"closed","ping_status":"closed","template":"","meta":[],"product_brand":[],"product_cat":[22],"product_tag":[382,50],"class_list":{"0":"post-5846","1":"product","2":"type-product","3":"status-publish","4":"has-post-thumbnail","6":"product_cat-jnats","7":"product_tag-nishhoyama","8":"product_tag-suita","9":"product_shipping_class-iprastas","11":"first","12":"instock","13":"shipping-taxable","14":"purchasable","15":"product-type-simple"},"_links":{"self":[{"href":"https:\/\/jnats.eu\/de\/wp-json\/wp\/v2\/product\/5846","targetHints":{"allow":["GET"]}}],"collection":[{"href":"https:\/\/jnats.eu\/de\/wp-json\/wp\/v2\/product"}],"about":[{"href":"https:\/\/jnats.eu\/de\/wp-json\/wp\/v2\/types\/product"}],"replies":[{"embeddable":true,"href":"https:\/\/jnats.eu\/de\/wp-json\/wp\/v2\/comments?post=5846"}],"wp:featuredmedia":[{"embeddable":true,"href":"https:\/\/jnats.eu\/de\/wp-json\/wp\/v2\/media\/5851"}],"wp:attachment":[{"href":"https:\/\/jnats.eu\/de\/wp-json\/wp\/v2\/media?parent=5846"}],"wp:term":[{"taxonomy":"product_brand","embeddable":true,"href":"https:\/\/jnats.eu\/de\/wp-json\/wp\/v2\/product_brand?post=5846"},{"taxonomy":"product_cat","embeddable":true,"href":"https:\/\/jnats.eu\/de\/wp-json\/wp\/v2\/product_cat?post=5846"},{"taxonomy":"product_tag","embeddable":true,"href":"https:\/\/jnats.eu\/de\/wp-json\/wp\/v2\/product_tag?post=5846"}],"curies":[{"name":"wp","href":"https:\/\/api.w.org\/{rel}","templated":true}]}}