{"id":5861,"date":"2025-03-19T09:11:00","date_gmt":"2025-03-19T07:11:00","guid":{"rendered":"https:\/\/jnats.eu\/?post_type=product&#038;p=5861"},"modified":"2026-03-19T11:17:54","modified_gmt":"2026-03-19T09:17:54","slug":"stiga-carbonado-90-78-g-penhold","status":"publish","type":"product","link":"https:\/\/jnats.eu\/de\/produkt-2\/stiga-carbonado-90-78-g-penhold\/","title":{"rendered":"Stiga Carbonado 90 (78 g, Penhold)"},"content":{"rendered":"<figure class=\"wp-block-embed is-type-video is-provider-youtube wp-block-embed-youtube wp-embed-aspect-9-16 wp-has-aspect-ratio\"><div class=\"wp-block-embed__wrapper\">\n<div class=\"video-container\"><iframe title=\"Stiga Carbonado 90 Federhalter\" width=\"563\" height=\"1000\" src=\"https:\/\/www.youtube.com\/embed\/AmO66AXEUdE?feature=oembed\" frameborder=\"0\" allow=\"accelerometer; autoplay; clipboard-write; encrypted-media; gyroscope; picture-in-picture; web-share\" referrerpolicy=\"strict-origin-when-cross-origin\" allowfullscreen><\/iframe><\/div>\n<\/div><\/figure>\n\n\n\n<p>Stiga Carbonado 90 ist ein Premium-Tischtennisbelag, der f\u00fcr maximale Geschwindigkeit und Stabilit\u00e4t entwickelt wurde. Es verwendet eine einzigartige <strong>TeXtreme\u00ae Kohlenstoff-Technologie<\/strong> (90\u00b0 orientierte Faser), die ein extrem steifes Spielgef\u00fchl, hohe Geschwindigkeit und einen sehr geraden Ballweg bietet.<\/p>\n\n\n\n<p>Dieses Modell wird besonders von denjenigen gesch\u00e4tzt, die ein aggressives Spiel lieben - ideal f\u00fcr schnelle Topspins, Schl\u00e4ge aus n\u00e4chster N\u00e4he und das Spiel aus mittlerer Distanz.<\/p>\n\n\n\n<p><strong>Spezifikation:<\/strong><\/p>\n\n\n\n<ul class=\"wp-block-list\">\n<li>Modell:Stiga Carbonado 90<\/li>\n\n\n\n<li>Gewicht: 78 g (leichter als der Durchschnitt - bessere Man\u00f6vrierf\u00e4higkeit)<\/li>\n\n\n\n<li>Rankena: Penhold (Chinesisch - CPEN)<\/li>\n\n\n\n<li>Konstruktion: 5 Schichten Holz + 2 Schichten Carbon (TeXtreme\u00ae Carbon)<\/li>\n\n\n\n<li>Geschwindigkeit: OFF+<\/li>\n\n\n\n<li>Kontrolle: mittel (angriffsorientiert)<\/li>\n\n\n\n<li>Gef\u00fchl: steile, sehr gerade Flugbahn<\/li>\n<\/ul>\n\n\n\n<p><strong>Zustand:<\/strong><\/p>\n\n\n\n<ul class=\"wp-block-list\">\n<li>Unbenutzt (brandneu)<\/li>\n\n\n\n<li>Die Schachtel weist kosmetische Gebrauchsspuren auf (angeschlagen)<\/li>\n<\/ul>","protected":false},"excerpt":{"rendered":"<p>Modell:Stiga Carbonado 90<\/p>\n<p>Gewicht: 78 g (leichter als der Durchschnitt - bessere Man\u00f6vrierf\u00e4higkeit)<\/p>\n<p>Rankena: Penhold (Chinesisch - CPEN)<\/p>\n<p>Konstruktion: 5 Schichten Holz + 2 Schichten Carbon (TeXtreme\u00ae Carbon)<\/p>\n<p>Geschwindigkeit: OFF+<\/p>\n<p>Kontrolle: mittel (angriffsorientiert)<\/p>\n<p>Gef\u00fchl: steile, sehr gerade Flugbahn<\/p>","protected":false},"featured_media":5865,"comment_status":"closed","ping_status":"closed","template":"","meta":[],"product_brand":[],"product_cat":[24],"product_tag":[383,384],"class_list":{"0":"post-5861","1":"product","2":"type-product","3":"status-publish","4":"has-post-thumbnail","6":"product_cat-knifes","7":"product_tag-stiga","8":"product_tag-tenisas","9":"product_shipping_class-iprastas","11":"first","12":"instock","13":"shipping-taxable","14":"purchasable","15":"product-type-simple"},"_links":{"self":[{"href":"https:\/\/jnats.eu\/de\/wp-json\/wp\/v2\/product\/5861","targetHints":{"allow":["GET"]}}],"collection":[{"href":"https:\/\/jnats.eu\/de\/wp-json\/wp\/v2\/product"}],"about":[{"href":"https:\/\/jnats.eu\/de\/wp-json\/wp\/v2\/types\/product"}],"replies":[{"embeddable":true,"href":"https:\/\/jnats.eu\/de\/wp-json\/wp\/v2\/comments?post=5861"}],"wp:featuredmedia":[{"embeddable":true,"href":"https:\/\/jnats.eu\/de\/wp-json\/wp\/v2\/media\/5865"}],"wp:attachment":[{"href":"https:\/\/jnats.eu\/de\/wp-json\/wp\/v2\/media?parent=5861"}],"wp:term":[{"taxonomy":"product_brand","embeddable":true,"href":"https:\/\/jnats.eu\/de\/wp-json\/wp\/v2\/product_brand?post=5861"},{"taxonomy":"product_cat","embeddable":true,"href":"https:\/\/jnats.eu\/de\/wp-json\/wp\/v2\/product_cat?post=5861"},{"taxonomy":"product_tag","embeddable":true,"href":"https:\/\/jnats.eu\/de\/wp-json\/wp\/v2\/product_tag?post=5861"}],"curies":[{"name":"wp","href":"https:\/\/api.w.org\/{rel}","templated":true}]}}